{"id":11723,"date":"2023-02-10T14:25:22","date_gmt":"2023-02-10T14:25:22","guid":{"rendered":"https:\/\/hannacosmetica.com\/?post_type=product&#038;p=11723"},"modified":"2023-02-10T14:25:22","modified_gmt":"2023-02-10T14:25:22","slug":"poste-de-barberoled-luminoso-y-giratorio-68cm","status":"publish","type":"product","link":"https:\/\/hannacosmetica.com\/fr\/tienda\/mobiliario\/lamparas\/poste-de-barberoled-luminoso-y-giratorio-68cm\/","title":{"rendered":"Poste de BarberoLed Luminoso y Giratorio 68cm"},"content":{"rendered":"<div id=\"centerCol\" class=\"centerColAlign\">\n<div id=\"featurebullets_feature_div\" class=\"celwidget\" data-feature-name=\"featurebullets\" data-csa-c-type=\"widget\" data-csa-c-content-id=\"featurebullets\" data-csa-c-slot-id=\"featurebullets_feature_div\" data-csa-c-asin=\"B09F9QKSLN\" data-csa-c-is-in-initial-active-row=\"false\" data-csa-c-id=\"kbxosi-v87bbt-d7eaj9-2l5idx\" data-cel-widget=\"featurebullets_feature_div\">\n<div id=\"feature-bullets\" class=\"a-section a-spacing-medium a-spacing-top-small\">\n<ul class=\"a-unordered-list a-vertical a-spacing-mini\">\n<li><span class=\"a-list-item\">\u3010Estilo atractivo\u3011: los letreros con el logotipo de peluquer\u00eda montados en la pared, las encantadoras luces giratorias rom\u00e1nticas, los patrones de dise\u00f1o de rayas rojas, blancas y azules pueden ayudarlo a atraer la atenci\u00f3n de los transe\u00fantes. Adecuado para peluquer\u00eda, SPA, terraza, restaurante o cafeter\u00eda, atrae f\u00e1cilmente a clientes y visitantes potenciales.<\/span><\/li>\n<li><span class=\"a-list-item\">\u272a \u3010Alta calidad\u3011: Motor s\u00edncrono de imanes permanentes, alta calidad y larga vida \u00fatil. Tubo duro sin costuras para PC, claro y duro. L\u00e1mpara de parche LED importada, con suficiente luz, bajo consumo de energ\u00eda, emisi\u00f3n de luz uniforme y su vida \u00fatil es 50 veces m\u00e1s larga que la de las l\u00e1mparas incandescentes ordinarias.<\/span><\/li>\n<li><span class=\"a-list-item\">\u272a \u3010Resistente al agua y duradero\u3011: IP44 a prueba de agua, dise\u00f1o a prueba de lluvia, se puede usar normalmente bajo lluvia intensa; el soporte de pared giratorio, hecho de acero inoxidable, no se oxida y tiene resistencia; Adecuado para uso en interiores y exteriores.<\/span><\/li>\n<li><span class=\"a-list-item\">\u272a \u3010F\u00e1cil de montar y mover\u3011: No es necesario seguir ning\u00fan paso de montaje complicado, solo necesita instalarlo en la pared y usar 2 interruptores para controlar y girar la luz.<\/span><\/li>\n<\/ul>\n<\/div>\n<\/div>\n<div id=\"customerReviewsAttribute_feature_div\" class=\"celwidget\" data-feature-name=\"customerReviewsAttribute\" data-csa-c-type=\"widget\" data-csa-c-content-id=\"customerReviewsAttribute\" data-csa-c-slot-id=\"customerReviewsAttribute_feature_div\" data-csa-c-asin=\"B09F9QKSLN\" data-csa-c-is-in-initial-active-row=\"false\" data-csa-c-id=\"7ckk72-sfl6ts-nihf0z-vtop6o\" data-cel-widget=\"customerReviewsAttribute_feature_div\"><\/div>\n<div id=\"globalStoreInfoBullets_feature_div\" class=\"celwidget\" data-feature-name=\"globalStoreInfoBullets\" data-csa-c-type=\"widget\" data-csa-c-content-id=\"globalStoreInfoBullets\" data-csa-c-slot-id=\"globalStoreInfoBullets_feature_div\" data-csa-c-asin=\"B09F9QKSLN\" data-csa-c-is-in-initial-active-row=\"false\" data-csa-c-id=\"cvrrov-8zisc9-5x5yrc-lr1b0r\" data-cel-widget=\"globalStoreInfoBullets_feature_div\"><\/div>\n<div id=\"addOnItem_feature_div\" class=\"celwidget\" data-feature-name=\"addOnItem\" data-csa-c-type=\"widget\" data-csa-c-content-id=\"addOnItem\" data-csa-c-slot-id=\"addOnItem_feature_div\" data-csa-c-asin=\"B09F9QKSLN\" data-csa-c-is-in-initial-active-row=\"false\" data-csa-c-id=\"d5mbxm-em08w-3zaf27-1an7kn\" data-cel-widget=\"addOnItem_feature_div\"><\/div>\n<div id=\"andonCord_feature_div\" class=\"celwidget\" data-feature-name=\"andonCord\" data-csa-c-type=\"widget\" data-csa-c-content-id=\"andonCord\" data-csa-c-slot-id=\"andonCord_feature_div\" data-csa-c-asin=\"B09F9QKSLN\" data-csa-c-is-in-initial-active-row=\"false\" data-csa-c-id=\"2k5ibr-ye2ar2-nra9ww-iwxicq\" data-cel-widget=\"andonCord_feature_div\"><\/div>\n<div id=\"HLCXComparisonJumplink_feature_div\"><\/div>\n<div id=\"edpIngress_feature_div\" class=\"celwidget\" data-feature-name=\"edpIngress\" data-csa-c-type=\"widget\" data-csa-c-content-id=\"edpIngress\" data-csa-c-slot-id=\"edpIngress_feature_div\" data-csa-c-asin=\"B09F9QKSLN\" data-csa-c-is-in-initial-active-row=\"false\" data-csa-c-id=\"vztdxh-ncd2o6-jr8342-rihee7\" data-cel-widget=\"edpIngress_feature_div\"><\/div>\n<div id=\"newerVersion_feature_div\" class=\"celwidget\" data-feature-name=\"newerVersion\" data-csa-c-type=\"widget\" data-csa-c-content-id=\"newerVersion\" data-csa-c-slot-id=\"newerVersion_feature_div\" data-csa-c-asin=\"B09F9QKSLN\" data-csa-c-is-in-initial-active-row=\"false\" data-csa-c-id=\"sz27vq-rkpl1t-mwx2z2-r6kgwx\" data-cel-widget=\"newerVersion_feature_div\"><\/div>\n<div id=\"valuePick_feature_div\" class=\"celwidget\" data-feature-name=\"valuePick\" data-csa-c-type=\"widget\" data-csa-c-content-id=\"valuePick\" data-csa-c-slot-id=\"valuePick_feature_div\" data-csa-c-asin=\"B09F9QKSLN\" data-csa-c-is-in-initial-active-row=\"false\" data-csa-c-id=\"mk2gna-8vcb4w-2b73wt-dk8jar\" data-cel-widget=\"valuePick_feature_div\"><\/div>\n<div id=\"certifiedRefurbishedVersion_feature_div\" class=\"celwidget\" data-feature-name=\"certifiedRefurbishedVersion\" data-csa-c-type=\"widget\" data-csa-c-content-id=\"certifiedRefurbishedVersion\" data-csa-c-slot-id=\"certifiedRefurbishedVersion_feature_div\" data-csa-c-asin=\"B09F9QKSLN\" data-csa-c-is-in-initial-active-row=\"false\" data-csa-c-id=\"t6q2xq-pen4ec-s16o9c-pm0szr\" data-cel-widget=\"certifiedRefurbishedVersion_feature_div\"><\/div>\n<div id=\"whiteGloveMessage_feature_div\" class=\"celwidget\" data-feature-name=\"whiteGloveMessage\" data-csa-c-type=\"widget\" data-csa-c-content-id=\"whiteGloveMessage\" data-csa-c-slot-id=\"whiteGloveMessage_feature_div\" data-csa-c-asin=\"B09F9QKSLN\" data-csa-c-is-in-initial-active-row=\"false\" data-csa-c-id=\"slivk4-gxfdos-fb1v6t-2yhn9c\" data-cel-widget=\"whiteGloveMessage_feature_div\"><\/div>\n<div id=\"productAlert_feature_div\" class=\"celwidget\" data-feature-name=\"productAlert\" data-csa-c-type=\"widget\" data-csa-c-content-id=\"productAlert\" data-csa-c-slot-id=\"productAlert_feature_div\" data-csa-c-asin=\"B09F9QKSLN\" data-csa-c-is-in-initial-active-row=\"false\" data-csa-c-id=\"gjnt3g-g8o1zq-s4vg08-2kag8f\" data-cel-widget=\"productAlert_feature_div\"><\/div>\n<div id=\"vendorPoweredCoupon_feature_div\" class=\"celwidget\" data-feature-name=\"vendorPoweredCoupon\" data-csa-c-type=\"widget\" data-csa-c-content-id=\"vendorPoweredCoupon\" data-csa-c-slot-id=\"vendorPoweredCoupon_feature_div\" data-csa-c-asin=\"B09F9QKSLN\" data-csa-c-is-in-initial-active-row=\"false\" data-csa-c-id=\"a9yu0d-bgkpv8-we8bn4-gett5b\" data-cel-widget=\"vendorPoweredCoupon_feature_div\"><\/div>\n<div id=\"legalEUAtf_feature_div\" class=\"celwidget\" data-feature-name=\"legalEUAtf\" data-csa-c-type=\"widget\" data-csa-c-content-id=\"legalEUAtf\" data-csa-c-slot-id=\"legalEUAtf_feature_div\" data-csa-c-asin=\"B09F9QKSLN\" data-csa-c-is-in-initial-active-row=\"false\" data-csa-c-id=\"nobnii-sbedbi-zh5imw-2gn4te\" data-cel-widget=\"legalEUAtf_feature_div\"><\/div>\n<\/div>\n<div id=\"hqpWrapper\" class=\"centerColAlign\">\n<div id=\"heroQuickPromo_feature_div\" class=\"celwidget\" data-feature-name=\"heroQuickPromo\" data-csa-c-type=\"widget\" data-csa-c-content-id=\"heroQuickPromo\" data-csa-c-slot-id=\"heroQuickPromo_feature_div\" data-csa-c-asin=\"B09F9QKSLN\" data-csa-c-is-in-initial-active-row=\"false\" data-csa-c-id=\"oxbbkv-dyby2j-6gg9ob-ft59h9\" data-cel-widget=\"heroQuickPromo_feature_div\">\n<div id=\"hero-quick-promo\" class=\"a-row a-spacing-medium\">\n<hr class=\"a-spacing-medium a-divider-normal\" \/>\n<\/div>\n<\/div>\n<\/div>","protected":false},"excerpt":{"rendered":"<p>\u3010Estilo atractivo\u3011: los letreros con el logotipo de peluquer\u00eda montados en la pared, las encantadoras luces giratorias rom\u00e1nticas, los patrones de dise\u00f1o&hellip;<\/p>","protected":false},"featured_media":11724,"comment_status":"open","ping_status":"closed","template":"","meta":[],"product_cat":[303,294,87],"product_tag":[],"yoast_head":"<!-- This site is optimized with the Yoast SEO plugin v19.9 - https:\/\/yoast.com\/wordpress\/plugins\/seo\/ -->\n<title>Poste de BarberoLed Luminoso y Giratorio 68cm - Hanna Cosm\u00e9tica<\/title>\n<meta name=\"robots\" content=\"index, follow, max-snippet:-1, max-image-preview:large, max-video-preview:-1\" \/>\n<link rel=\"canonical\" href=\"https:\/\/hannacosmetica.com\/fr\/tienda\/mobiliario\/lamparas\/poste-de-barberoled-luminoso-y-giratorio-68cm\/\" \/>\n<meta property=\"og:locale\" content=\"fr_FR\" \/>\n<meta property=\"og:type\" content=\"article\" \/>\n<meta property=\"og:title\" content=\"Poste de BarberoLed Luminoso y Giratorio 68cm - Hanna Cosm\u00e9tica\" \/>\n<meta property=\"og:description\" content=\"\u3010Estilo atractivo\u3011: los letreros con el logotipo de peluquer\u00eda montados en la pared, las encantadoras luces giratorias rom\u00e1nticas, los patrones de dise\u00f1o&hellip;\" \/>\n<meta property=\"og:url\" content=\"https:\/\/hannacosmetica.com\/fr\/tienda\/mobiliario\/lamparas\/poste-de-barberoled-luminoso-y-giratorio-68cm\/\" \/>\n<meta property=\"og:site_name\" content=\"Hanna Cosm\u00e9tica\" \/>\n<meta property=\"og:image\" content=\"https:\/\/hannacosmetica.com\/wp-content\/uploads\/2023\/02\/Diseno-sin-titulo-2023-02-10T151946.866.png\" \/>\n\t<meta property=\"og:image:width\" content=\"1600\" \/>\n\t<meta property=\"og:image:height\" content=\"1200\" \/>\n\t<meta property=\"og:image:type\" content=\"image\/png\" \/>\n<meta name=\"twitter:card\" content=\"summary_large_image\" \/>\n<script type=\"application\/ld+json\" class=\"yoast-schema-graph\">{\"@context\":\"https:\/\/schema.org\",\"@graph\":[{\"@type\":\"WebPage\",\"@id\":\"https:\/\/hannacosmetica.com\/tienda\/mobiliario\/lamparas\/poste-de-barberoled-luminoso-y-giratorio-68cm\/\",\"url\":\"https:\/\/hannacosmetica.com\/tienda\/mobiliario\/lamparas\/poste-de-barberoled-luminoso-y-giratorio-68cm\/\",\"name\":\"Poste de BarberoLed Luminoso y Giratorio 68cm - Hanna Cosm\u00e9tica\",\"isPartOf\":{\"@id\":\"https:\/\/hannacosmetica.com\/#website\"},\"datePublished\":\"2023-02-10T14:25:22+00:00\",\"dateModified\":\"2023-02-10T14:25:22+00:00\",\"breadcrumb\":{\"@id\":\"https:\/\/hannacosmetica.com\/tienda\/mobiliario\/lamparas\/poste-de-barberoled-luminoso-y-giratorio-68cm\/#breadcrumb\"},\"inLanguage\":\"fr-FR\",\"potentialAction\":[{\"@type\":\"ReadAction\",\"target\":[\"https:\/\/hannacosmetica.com\/tienda\/mobiliario\/lamparas\/poste-de-barberoled-luminoso-y-giratorio-68cm\/\"]}]},{\"@type\":\"BreadcrumbList\",\"@id\":\"https:\/\/hannacosmetica.com\/tienda\/mobiliario\/lamparas\/poste-de-barberoled-luminoso-y-giratorio-68cm\/#breadcrumb\",\"itemListElement\":[{\"@type\":\"ListItem\",\"position\":1,\"name\":\"Portada\",\"item\":\"https:\/\/hannacosmetica.com\/\"},{\"@type\":\"ListItem\",\"position\":2,\"name\":\"Tienda\",\"item\":\"https:\/\/hannacosmetica.com\/shop\/\"},{\"@type\":\"ListItem\",\"position\":3,\"name\":\"Poste de BarberoLed Luminoso y Giratorio 68cm\"}]},{\"@type\":\"WebSite\",\"@id\":\"https:\/\/hannacosmetica.com\/#website\",\"url\":\"https:\/\/hannacosmetica.com\/\",\"name\":\"Hanna Cosm\u00e9tica\",\"description\":\"Tienda de productos u\u00f1as, bellezas y peluquer\u00edas\",\"publisher\":{\"@id\":\"https:\/\/hannacosmetica.com\/#organization\"},\"potentialAction\":[{\"@type\":\"SearchAction\",\"target\":{\"@type\":\"EntryPoint\",\"urlTemplate\":\"https:\/\/hannacosmetica.com\/?s={search_term_string}\"},\"query-input\":\"required name=search_term_string\"}],\"inLanguage\":\"fr-FR\"},{\"@type\":\"Organization\",\"@id\":\"https:\/\/hannacosmetica.com\/#organization\",\"name\":\"Hanna Cosm\u00e9tica\",\"url\":\"https:\/\/hannacosmetica.com\/\",\"logo\":{\"@type\":\"ImageObject\",\"inLanguage\":\"fr-FR\",\"@id\":\"https:\/\/hannacosmetica.com\/#\/schema\/logo\/image\/\",\"url\":\"https:\/\/hannacosmetica.com\/wp-content\/uploads\/2022\/07\/Logo-Joyeria-Femenino-Floral-Negro.png\",\"contentUrl\":\"https:\/\/hannacosmetica.com\/wp-content\/uploads\/2022\/07\/Logo-Joyeria-Femenino-Floral-Negro.png\",\"width\":361,\"height\":126,\"caption\":\"Hanna Cosm\u00e9tica\"},\"image\":{\"@id\":\"https:\/\/hannacosmetica.com\/#\/schema\/logo\/image\/\"}}]}<\/script>\n<!-- \/ Yoast SEO plugin. -->","yoast_head_json":{"title":"Poste de BarberoLed Luminoso y Giratorio 68cm - Hanna Cosm\u00e9tica","robots":{"index":"index","follow":"follow","max-snippet":"max-snippet:-1","max-image-preview":"max-image-preview:large","max-video-preview":"max-video-preview:-1"},"canonical":"https:\/\/hannacosmetica.com\/fr\/tienda\/mobiliario\/lamparas\/poste-de-barberoled-luminoso-y-giratorio-68cm\/","og_locale":"fr_FR","og_type":"article","og_title":"Poste de BarberoLed Luminoso y Giratorio 68cm - Hanna Cosm\u00e9tica","og_description":"\u3010Estilo atractivo\u3011: los letreros con el logotipo de peluquer\u00eda montados en la pared, las encantadoras luces giratorias rom\u00e1nticas, los patrones de dise\u00f1o&hellip;","og_url":"https:\/\/hannacosmetica.com\/fr\/tienda\/mobiliario\/lamparas\/poste-de-barberoled-luminoso-y-giratorio-68cm\/","og_site_name":"Hanna Cosm\u00e9tica","og_image":[{"width":1600,"height":1200,"url":"https:\/\/hannacosmetica.com\/wp-content\/uploads\/2023\/02\/Diseno-sin-titulo-2023-02-10T151946.866.png","type":"image\/png"}],"twitter_card":"summary_large_image","schema":{"@context":"https:\/\/schema.org","@graph":[{"@type":"WebPage","@id":"https:\/\/hannacosmetica.com\/tienda\/mobiliario\/lamparas\/poste-de-barberoled-luminoso-y-giratorio-68cm\/","url":"https:\/\/hannacosmetica.com\/tienda\/mobiliario\/lamparas\/poste-de-barberoled-luminoso-y-giratorio-68cm\/","name":"Poste de BarberoLed Luminoso y Giratorio 68cm - Hanna Cosm\u00e9tica","isPartOf":{"@id":"https:\/\/hannacosmetica.com\/#website"},"datePublished":"2023-02-10T14:25:22+00:00","dateModified":"2023-02-10T14:25:22+00:00","breadcrumb":{"@id":"https:\/\/hannacosmetica.com\/tienda\/mobiliario\/lamparas\/poste-de-barberoled-luminoso-y-giratorio-68cm\/#breadcrumb"},"inLanguage":"fr-FR","potentialAction":[{"@type":"ReadAction","target":["https:\/\/hannacosmetica.com\/tienda\/mobiliario\/lamparas\/poste-de-barberoled-luminoso-y-giratorio-68cm\/"]}]},{"@type":"BreadcrumbList","@id":"https:\/\/hannacosmetica.com\/tienda\/mobiliario\/lamparas\/poste-de-barberoled-luminoso-y-giratorio-68cm\/#breadcrumb","itemListElement":[{"@type":"ListItem","position":1,"name":"Portada","item":"https:\/\/hannacosmetica.com\/"},{"@type":"ListItem","position":2,"name":"Tienda","item":"https:\/\/hannacosmetica.com\/shop\/"},{"@type":"ListItem","position":3,"name":"Poste de BarberoLed Luminoso y Giratorio 68cm"}]},{"@type":"WebSite","@id":"https:\/\/hannacosmetica.com\/#website","url":"https:\/\/hannacosmetica.com\/","name":"Hanna Cosm\u00e9tica","description":"Tienda de productos u\u00f1as, bellezas y peluquer\u00edas","publisher":{"@id":"https:\/\/hannacosmetica.com\/#organization"},"potentialAction":[{"@type":"SearchAction","target":{"@type":"EntryPoint","urlTemplate":"https:\/\/hannacosmetica.com\/?s={search_term_string}"},"query-input":"required name=search_term_string"}],"inLanguage":"fr-FR"},{"@type":"Organization","@id":"https:\/\/hannacosmetica.com\/#organization","name":"Hanna Cosm\u00e9tica","url":"https:\/\/hannacosmetica.com\/","logo":{"@type":"ImageObject","inLanguage":"fr-FR","@id":"https:\/\/hannacosmetica.com\/#\/schema\/logo\/image\/","url":"https:\/\/hannacosmetica.com\/wp-content\/uploads\/2022\/07\/Logo-Joyeria-Femenino-Floral-Negro.png","contentUrl":"https:\/\/hannacosmetica.com\/wp-content\/uploads\/2022\/07\/Logo-Joyeria-Femenino-Floral-Negro.png","width":361,"height":126,"caption":"Hanna Cosm\u00e9tica"},"image":{"@id":"https:\/\/hannacosmetica.com\/#\/schema\/logo\/image\/"}}]}},"_links":{"self":[{"href":"https:\/\/hannacosmetica.com\/fr\/wp-json\/wp\/v2\/product\/11723"}],"collection":[{"href":"https:\/\/hannacosmetica.com\/fr\/wp-json\/wp\/v2\/product"}],"about":[{"href":"https:\/\/hannacosmetica.com\/fr\/wp-json\/wp\/v2\/types\/product"}],"replies":[{"embeddable":true,"href":"https:\/\/hannacosmetica.com\/fr\/wp-json\/wp\/v2\/comments?post=11723"}],"version-history":[{"count":1,"href":"https:\/\/hannacosmetica.com\/fr\/wp-json\/wp\/v2\/product\/11723\/revisions"}],"predecessor-version":[{"id":11727,"href":"https:\/\/hannacosmetica.com\/fr\/wp-json\/wp\/v2\/product\/11723\/revisions\/11727"}],"wp:featuredmedia":[{"embeddable":true,"href":"https:\/\/hannacosmetica.com\/fr\/wp-json\/wp\/v2\/media\/11724"}],"wp:attachment":[{"href":"https:\/\/hannacosmetica.com\/fr\/wp-json\/wp\/v2\/media?parent=11723"}],"wp:term":[{"taxonomy":"product_cat","embeddable":true,"href":"https:\/\/hannacosmetica.com\/fr\/wp-json\/wp\/v2\/product_cat?post=11723"},{"taxonomy":"product_tag","embeddable":true,"href":"https:\/\/hannacosmetica.com\/fr\/wp-json\/wp\/v2\/product_tag?post=11723"}],"curies":[{"name":"wp","href":"https:\/\/api.w.org\/{rel}","templated":true}]}}