{"id":11703,"date":"2023-02-08T17:15:21","date_gmt":"2023-02-08T17:15:21","guid":{"rendered":"https:\/\/hannacosmetica.com\/?post_type=product&#038;p=11703"},"modified":"2023-02-08T17:15:22","modified_gmt":"2023-02-08T17:15:22","slug":"taburete-de-bar-taburete-alto-giratorio-de-peluqueria","status":"publish","type":"product","link":"https:\/\/hannacosmetica.com\/fr\/tienda\/mobiliario\/sillas\/taburete-de-bar-taburete-alto-giratorio-de-peluqueria\/","title":{"rendered":"Taburete de Bar\/ Taburete Alto giratorio de peluqueria"},"content":{"rendered":"<ul class=\"a-unordered-list a-vertical a-spacing-mini\">\n<li><span class=\"a-list-item\">COMODIDAD: Las sillas\u00a0 proporcionan el m\u00e1ximo confort debido a que se utilizan una funda de asiento de cuero sint\u00e9tico f\u00e1cil de limpiar con rellenos de espuma de alta calidad. As\u00ed mismo, el pist\u00f3n de gas le permite girar de 360 grados y ajustar f\u00e1cilmente la altura del asiento(52-67 cm) como quiere.<\/span><\/li>\n<li><span class=\"a-list-item\">DURABILIDAD: El taburete bar giratorio\u00a0 tiene una larga vida \u00fatil y puede llevar un peso de 120 kg, no solo porque su robusta base de metal es antioxidante e impermeable, sino que tambi\u00e9n cuenta con una funda del asiento de piel sint\u00e9tica durable y resistente.<\/span><\/li>\n<li><span class=\"a-list-item\">CHASIS ANTIDESLIZANTE: El anillo antideslizante debajo de la base grande del taburete es especialmente para fortalecer su estabilidad, as\u00ed que cuando gira la silla no causar\u00e1 temblores y ruidos, al mismo tiempo proteger\u00e1 el suelo de ara\u00f1ar.<\/span><\/li>\n<li><span class=\"a-list-item\">SILLA MULTIFUNCIONAL: Gracias al dise\u00f1o moderno con la combinaci\u00f3n perfecta de color y el peso ligero, el taburete se puede poner en cualquier habitaci\u00f3n. Puede ser un taburete de desayuno, una silla de cocina, un taburete de mostrador, recibidor peluqueria, para cocinar o silla ajustable para sala de estar y comedor, etc. Adem\u00e1s, es muy apropiado regalar a sus familiares y amigos como un presente.<\/span><\/li>\n<\/ul>","protected":false},"excerpt":{"rendered":"<p>COMODIDAD: Las sillas\u00a0 proporcionan el m\u00e1ximo confort debido a que se utilizan una funda de asiento de cuero sint\u00e9tico f\u00e1cil de limpiar&hellip;<\/p>","protected":false},"featured_media":11707,"comment_status":"open","ping_status":"closed","template":"","meta":[],"product_cat":[294,295,87],"product_tag":[],"yoast_head":"<!-- This site is optimized with the Yoast SEO plugin v19.9 - https:\/\/yoast.com\/wordpress\/plugins\/seo\/ -->\n<title>Taburete de Bar\/ Taburete Alto giratorio de peluqueria - Hanna Cosm\u00e9tica<\/title>\n<meta name=\"robots\" content=\"index, follow, max-snippet:-1, max-image-preview:large, max-video-preview:-1\" \/>\n<link rel=\"canonical\" href=\"https:\/\/hannacosmetica.com\/fr\/tienda\/mobiliario\/sillas\/taburete-de-bar-taburete-alto-giratorio-de-peluqueria\/\" \/>\n<meta property=\"og:locale\" content=\"fr_FR\" \/>\n<meta property=\"og:type\" content=\"article\" \/>\n<meta property=\"og:title\" content=\"Taburete de Bar\/ Taburete Alto giratorio de peluqueria - Hanna Cosm\u00e9tica\" \/>\n<meta property=\"og:description\" content=\"COMODIDAD: Las sillas\u00a0 proporcionan el m\u00e1ximo confort debido a que se utilizan una funda de asiento de cuero sint\u00e9tico f\u00e1cil de limpiar&hellip;\" \/>\n<meta property=\"og:url\" content=\"https:\/\/hannacosmetica.com\/fr\/tienda\/mobiliario\/sillas\/taburete-de-bar-taburete-alto-giratorio-de-peluqueria\/\" \/>\n<meta property=\"og:site_name\" content=\"Hanna Cosm\u00e9tica\" \/>\n<meta property=\"article:modified_time\" content=\"2023-02-08T17:15:22+00:00\" \/>\n<meta property=\"og:image\" content=\"https:\/\/hannacosmetica.com\/wp-content\/uploads\/2023\/02\/Diseno-sin-titulo-2023-02-08T180716.304.png\" \/>\n\t<meta property=\"og:image:width\" content=\"1600\" \/>\n\t<meta property=\"og:image:height\" content=\"1200\" \/>\n\t<meta property=\"og:image:type\" content=\"image\/png\" \/>\n<meta name=\"twitter:card\" content=\"summary_large_image\" \/>\n<script type=\"application\/ld+json\" class=\"yoast-schema-graph\">{\"@context\":\"https:\/\/schema.org\",\"@graph\":[{\"@type\":\"WebPage\",\"@id\":\"https:\/\/hannacosmetica.com\/tienda\/mobiliario\/sillas\/taburete-de-bar-taburete-alto-giratorio-de-peluqueria\/\",\"url\":\"https:\/\/hannacosmetica.com\/tienda\/mobiliario\/sillas\/taburete-de-bar-taburete-alto-giratorio-de-peluqueria\/\",\"name\":\"Taburete de Bar\/ Taburete Alto giratorio de peluqueria - Hanna Cosm\u00e9tica\",\"isPartOf\":{\"@id\":\"https:\/\/hannacosmetica.com\/#website\"},\"datePublished\":\"2023-02-08T17:15:21+00:00\",\"dateModified\":\"2023-02-08T17:15:22+00:00\",\"breadcrumb\":{\"@id\":\"https:\/\/hannacosmetica.com\/tienda\/mobiliario\/sillas\/taburete-de-bar-taburete-alto-giratorio-de-peluqueria\/#breadcrumb\"},\"inLanguage\":\"fr-FR\",\"potentialAction\":[{\"@type\":\"ReadAction\",\"target\":[\"https:\/\/hannacosmetica.com\/tienda\/mobiliario\/sillas\/taburete-de-bar-taburete-alto-giratorio-de-peluqueria\/\"]}]},{\"@type\":\"BreadcrumbList\",\"@id\":\"https:\/\/hannacosmetica.com\/tienda\/mobiliario\/sillas\/taburete-de-bar-taburete-alto-giratorio-de-peluqueria\/#breadcrumb\",\"itemListElement\":[{\"@type\":\"ListItem\",\"position\":1,\"name\":\"Portada\",\"item\":\"https:\/\/hannacosmetica.com\/\"},{\"@type\":\"ListItem\",\"position\":2,\"name\":\"Tienda\",\"item\":\"https:\/\/hannacosmetica.com\/shop\/\"},{\"@type\":\"ListItem\",\"position\":3,\"name\":\"Taburete de Bar\/ Taburete Alto giratorio de peluqueria\"}]},{\"@type\":\"WebSite\",\"@id\":\"https:\/\/hannacosmetica.com\/#website\",\"url\":\"https:\/\/hannacosmetica.com\/\",\"name\":\"Hanna Cosm\u00e9tica\",\"description\":\"Tienda de productos u\u00f1as, bellezas y peluquer\u00edas\",\"publisher\":{\"@id\":\"https:\/\/hannacosmetica.com\/#organization\"},\"potentialAction\":[{\"@type\":\"SearchAction\",\"target\":{\"@type\":\"EntryPoint\",\"urlTemplate\":\"https:\/\/hannacosmetica.com\/?s={search_term_string}\"},\"query-input\":\"required name=search_term_string\"}],\"inLanguage\":\"fr-FR\"},{\"@type\":\"Organization\",\"@id\":\"https:\/\/hannacosmetica.com\/#organization\",\"name\":\"Hanna Cosm\u00e9tica\",\"url\":\"https:\/\/hannacosmetica.com\/\",\"logo\":{\"@type\":\"ImageObject\",\"inLanguage\":\"fr-FR\",\"@id\":\"https:\/\/hannacosmetica.com\/#\/schema\/logo\/image\/\",\"url\":\"https:\/\/hannacosmetica.com\/wp-content\/uploads\/2022\/07\/Logo-Joyeria-Femenino-Floral-Negro.png\",\"contentUrl\":\"https:\/\/hannacosmetica.com\/wp-content\/uploads\/2022\/07\/Logo-Joyeria-Femenino-Floral-Negro.png\",\"width\":361,\"height\":126,\"caption\":\"Hanna Cosm\u00e9tica\"},\"image\":{\"@id\":\"https:\/\/hannacosmetica.com\/#\/schema\/logo\/image\/\"}}]}<\/script>\n<!-- \/ Yoast SEO plugin. -->","yoast_head_json":{"title":"Taburete de Bar\/ Taburete Alto giratorio de peluqueria - Hanna Cosm\u00e9tica","robots":{"index":"index","follow":"follow","max-snippet":"max-snippet:-1","max-image-preview":"max-image-preview:large","max-video-preview":"max-video-preview:-1"},"canonical":"https:\/\/hannacosmetica.com\/fr\/tienda\/mobiliario\/sillas\/taburete-de-bar-taburete-alto-giratorio-de-peluqueria\/","og_locale":"fr_FR","og_type":"article","og_title":"Taburete de Bar\/ Taburete Alto giratorio de peluqueria - Hanna Cosm\u00e9tica","og_description":"COMODIDAD: Las sillas\u00a0 proporcionan el m\u00e1ximo confort debido a que se utilizan una funda de asiento de cuero sint\u00e9tico f\u00e1cil de limpiar&hellip;","og_url":"https:\/\/hannacosmetica.com\/fr\/tienda\/mobiliario\/sillas\/taburete-de-bar-taburete-alto-giratorio-de-peluqueria\/","og_site_name":"Hanna Cosm\u00e9tica","article_modified_time":"2023-02-08T17:15:22+00:00","og_image":[{"width":1600,"height":1200,"url":"https:\/\/hannacosmetica.com\/wp-content\/uploads\/2023\/02\/Diseno-sin-titulo-2023-02-08T180716.304.png","type":"image\/png"}],"twitter_card":"summary_large_image","schema":{"@context":"https:\/\/schema.org","@graph":[{"@type":"WebPage","@id":"https:\/\/hannacosmetica.com\/tienda\/mobiliario\/sillas\/taburete-de-bar-taburete-alto-giratorio-de-peluqueria\/","url":"https:\/\/hannacosmetica.com\/tienda\/mobiliario\/sillas\/taburete-de-bar-taburete-alto-giratorio-de-peluqueria\/","name":"Taburete de Bar\/ Taburete Alto giratorio de peluqueria - Hanna Cosm\u00e9tica","isPartOf":{"@id":"https:\/\/hannacosmetica.com\/#website"},"datePublished":"2023-02-08T17:15:21+00:00","dateModified":"2023-02-08T17:15:22+00:00","breadcrumb":{"@id":"https:\/\/hannacosmetica.com\/tienda\/mobiliario\/sillas\/taburete-de-bar-taburete-alto-giratorio-de-peluqueria\/#breadcrumb"},"inLanguage":"fr-FR","potentialAction":[{"@type":"ReadAction","target":["https:\/\/hannacosmetica.com\/tienda\/mobiliario\/sillas\/taburete-de-bar-taburete-alto-giratorio-de-peluqueria\/"]}]},{"@type":"BreadcrumbList","@id":"https:\/\/hannacosmetica.com\/tienda\/mobiliario\/sillas\/taburete-de-bar-taburete-alto-giratorio-de-peluqueria\/#breadcrumb","itemListElement":[{"@type":"ListItem","position":1,"name":"Portada","item":"https:\/\/hannacosmetica.com\/"},{"@type":"ListItem","position":2,"name":"Tienda","item":"https:\/\/hannacosmetica.com\/shop\/"},{"@type":"ListItem","position":3,"name":"Taburete de Bar\/ Taburete Alto giratorio de peluqueria"}]},{"@type":"WebSite","@id":"https:\/\/hannacosmetica.com\/#website","url":"https:\/\/hannacosmetica.com\/","name":"Hanna Cosm\u00e9tica","description":"Tienda de productos u\u00f1as, bellezas y peluquer\u00edas","publisher":{"@id":"https:\/\/hannacosmetica.com\/#organization"},"potentialAction":[{"@type":"SearchAction","target":{"@type":"EntryPoint","urlTemplate":"https:\/\/hannacosmetica.com\/?s={search_term_string}"},"query-input":"required name=search_term_string"}],"inLanguage":"fr-FR"},{"@type":"Organization","@id":"https:\/\/hannacosmetica.com\/#organization","name":"Hanna Cosm\u00e9tica","url":"https:\/\/hannacosmetica.com\/","logo":{"@type":"ImageObject","inLanguage":"fr-FR","@id":"https:\/\/hannacosmetica.com\/#\/schema\/logo\/image\/","url":"https:\/\/hannacosmetica.com\/wp-content\/uploads\/2022\/07\/Logo-Joyeria-Femenino-Floral-Negro.png","contentUrl":"https:\/\/hannacosmetica.com\/wp-content\/uploads\/2022\/07\/Logo-Joyeria-Femenino-Floral-Negro.png","width":361,"height":126,"caption":"Hanna Cosm\u00e9tica"},"image":{"@id":"https:\/\/hannacosmetica.com\/#\/schema\/logo\/image\/"}}]}},"_links":{"self":[{"href":"https:\/\/hannacosmetica.com\/fr\/wp-json\/wp\/v2\/product\/11703"}],"collection":[{"href":"https:\/\/hannacosmetica.com\/fr\/wp-json\/wp\/v2\/product"}],"about":[{"href":"https:\/\/hannacosmetica.com\/fr\/wp-json\/wp\/v2\/types\/product"}],"replies":[{"embeddable":true,"href":"https:\/\/hannacosmetica.com\/fr\/wp-json\/wp\/v2\/comments?post=11703"}],"version-history":[{"count":1,"href":"https:\/\/hannacosmetica.com\/fr\/wp-json\/wp\/v2\/product\/11703\/revisions"}],"predecessor-version":[{"id":11712,"href":"https:\/\/hannacosmetica.com\/fr\/wp-json\/wp\/v2\/product\/11703\/revisions\/11712"}],"wp:featuredmedia":[{"embeddable":true,"href":"https:\/\/hannacosmetica.com\/fr\/wp-json\/wp\/v2\/media\/11707"}],"wp:attachment":[{"href":"https:\/\/hannacosmetica.com\/fr\/wp-json\/wp\/v2\/media?parent=11703"}],"wp:term":[{"taxonomy":"product_cat","embeddable":true,"href":"https:\/\/hannacosmetica.com\/fr\/wp-json\/wp\/v2\/product_cat?post=11703"},{"taxonomy":"product_tag","embeddable":true,"href":"https:\/\/hannacosmetica.com\/fr\/wp-json\/wp\/v2\/product_tag?post=11703"}],"curies":[{"name":"wp","href":"https:\/\/api.w.org\/{rel}","templated":true}]}}