{"id":11120,"date":"2023-02-06T11:53:53","date_gmt":"2023-02-06T11:53:53","guid":{"rendered":"https:\/\/hannacosmetica.com\/?post_type=product&#038;p=11120"},"modified":"2023-08-27T16:28:35","modified_gmt":"2023-08-27T16:28:35","slug":"paleta-para-tinte-biodegradable-paleta-de-mechas","status":"publish","type":"product","link":"https:\/\/hannacosmetica.com\/fr\/tienda\/peluqueria\/complementos-peluqueria\/paleta-para-tinte-biodegradable-paleta-de-mechas\/","title":{"rendered":"Paleta para Tinte Biodegradable\/ Paleta de Mechas"},"content":{"rendered":"<p>Pr\u00e1ctica paleta de gran tama\u00f1o para realizar de forma f\u00e1cil y c\u00f3moda mechas en el cabello.<\/p>\n<p>Paleta de coloraci\u00f3n que ayuda facilitar la<strong>\u00a0aplicaci\u00f3n de tintes<\/strong>\u00a0y realizaci\u00f3n de trabajos como<strong>\u00a0mechas balayage, highlights<\/strong>\u00a0\u00a0y otros tipos de looks.<\/p>\n<p>Dise\u00f1ada con la curva curvada, se adapta a la forma de la cabeza consiguiendo una\u00a0<strong>aplicaci\u00f3n m\u00e1s precisa.<\/strong><\/p>\n<p>El lado con textura ayuda a que el cabello se fije facilitando as\u00ed la aplicaci\u00f3n.<\/p>\n<p><strong>Tama\u00f1o: 34cm<\/strong><\/p>","protected":false},"excerpt":{"rendered":"<p>Pr\u00e1ctica paleta de gran tama\u00f1o para realizar de forma f\u00e1cil y c\u00f3moda mechas en el cabello. Paleta de coloraci\u00f3n que ayuda facilitar&hellip;<\/p>","protected":false},"featured_media":0,"comment_status":"open","ping_status":"closed","template":"","meta":[],"product_cat":[152,83],"product_tag":[],"yoast_head":"<!-- This site is optimized with the Yoast SEO plugin v19.9 - https:\/\/yoast.com\/wordpress\/plugins\/seo\/ -->\n<title>Paleta para Tinte Biodegradable\/ Paleta de Mechas - Hanna Cosm\u00e9tica<\/title>\n<meta name=\"robots\" content=\"index, follow, max-snippet:-1, max-image-preview:large, max-video-preview:-1\" \/>\n<link rel=\"canonical\" href=\"https:\/\/hannacosmetica.com\/fr\/tienda\/peluqueria\/complementos-peluqueria\/paleta-para-tinte-biodegradable-paleta-de-mechas\/\" \/>\n<meta property=\"og:locale\" content=\"fr_FR\" \/>\n<meta property=\"og:type\" content=\"article\" \/>\n<meta property=\"og:title\" content=\"Paleta para Tinte Biodegradable\/ Paleta de Mechas - Hanna Cosm\u00e9tica\" \/>\n<meta property=\"og:description\" content=\"Pr\u00e1ctica paleta de gran tama\u00f1o para realizar de forma f\u00e1cil y c\u00f3moda mechas en el cabello. Paleta de coloraci\u00f3n que ayuda facilitar&hellip;\" \/>\n<meta property=\"og:url\" content=\"https:\/\/hannacosmetica.com\/fr\/tienda\/peluqueria\/complementos-peluqueria\/paleta-para-tinte-biodegradable-paleta-de-mechas\/\" \/>\n<meta property=\"og:site_name\" content=\"Hanna Cosm\u00e9tica\" \/>\n<meta property=\"article:modified_time\" content=\"2023-08-27T16:28:35+00:00\" \/>\n<meta name=\"twitter:card\" content=\"summary_large_image\" \/>\n<script type=\"application\/ld+json\" class=\"yoast-schema-graph\">{\"@context\":\"https:\/\/schema.org\",\"@graph\":[{\"@type\":\"WebPage\",\"@id\":\"https:\/\/hannacosmetica.com\/tienda\/peluqueria\/complementos-peluqueria\/paleta-para-tinte-biodegradable-paleta-de-mechas\/\",\"url\":\"https:\/\/hannacosmetica.com\/tienda\/peluqueria\/complementos-peluqueria\/paleta-para-tinte-biodegradable-paleta-de-mechas\/\",\"name\":\"Paleta para Tinte Biodegradable\/ Paleta de Mechas - Hanna Cosm\u00e9tica\",\"isPartOf\":{\"@id\":\"https:\/\/hannacosmetica.com\/#website\"},\"datePublished\":\"2023-02-06T11:53:53+00:00\",\"dateModified\":\"2023-08-27T16:28:35+00:00\",\"breadcrumb\":{\"@id\":\"https:\/\/hannacosmetica.com\/tienda\/peluqueria\/complementos-peluqueria\/paleta-para-tinte-biodegradable-paleta-de-mechas\/#breadcrumb\"},\"inLanguage\":\"fr-FR\",\"potentialAction\":[{\"@type\":\"ReadAction\",\"target\":[\"https:\/\/hannacosmetica.com\/tienda\/peluqueria\/complementos-peluqueria\/paleta-para-tinte-biodegradable-paleta-de-mechas\/\"]}]},{\"@type\":\"BreadcrumbList\",\"@id\":\"https:\/\/hannacosmetica.com\/tienda\/peluqueria\/complementos-peluqueria\/paleta-para-tinte-biodegradable-paleta-de-mechas\/#breadcrumb\",\"itemListElement\":[{\"@type\":\"ListItem\",\"position\":1,\"name\":\"Portada\",\"item\":\"https:\/\/hannacosmetica.com\/\"},{\"@type\":\"ListItem\",\"position\":2,\"name\":\"Tienda\",\"item\":\"https:\/\/hannacosmetica.com\/shop\/\"},{\"@type\":\"ListItem\",\"position\":3,\"name\":\"Paleta para Tinte Biodegradable\/ Paleta de Mechas\"}]},{\"@type\":\"WebSite\",\"@id\":\"https:\/\/hannacosmetica.com\/#website\",\"url\":\"https:\/\/hannacosmetica.com\/\",\"name\":\"Hanna Cosm\u00e9tica\",\"description\":\"Tienda de productos u\u00f1as, bellezas y peluquer\u00edas\",\"publisher\":{\"@id\":\"https:\/\/hannacosmetica.com\/#organization\"},\"potentialAction\":[{\"@type\":\"SearchAction\",\"target\":{\"@type\":\"EntryPoint\",\"urlTemplate\":\"https:\/\/hannacosmetica.com\/?s={search_term_string}\"},\"query-input\":\"required name=search_term_string\"}],\"inLanguage\":\"fr-FR\"},{\"@type\":\"Organization\",\"@id\":\"https:\/\/hannacosmetica.com\/#organization\",\"name\":\"Hanna Cosm\u00e9tica\",\"url\":\"https:\/\/hannacosmetica.com\/\",\"logo\":{\"@type\":\"ImageObject\",\"inLanguage\":\"fr-FR\",\"@id\":\"https:\/\/hannacosmetica.com\/#\/schema\/logo\/image\/\",\"url\":\"https:\/\/hannacosmetica.com\/wp-content\/uploads\/2022\/07\/Logo-Joyeria-Femenino-Floral-Negro.png\",\"contentUrl\":\"https:\/\/hannacosmetica.com\/wp-content\/uploads\/2022\/07\/Logo-Joyeria-Femenino-Floral-Negro.png\",\"width\":361,\"height\":126,\"caption\":\"Hanna Cosm\u00e9tica\"},\"image\":{\"@id\":\"https:\/\/hannacosmetica.com\/#\/schema\/logo\/image\/\"}}]}<\/script>\n<!-- \/ Yoast SEO plugin. -->","yoast_head_json":{"title":"Paleta para Tinte Biodegradable\/ Paleta de Mechas - Hanna Cosm\u00e9tica","robots":{"index":"index","follow":"follow","max-snippet":"max-snippet:-1","max-image-preview":"max-image-preview:large","max-video-preview":"max-video-preview:-1"},"canonical":"https:\/\/hannacosmetica.com\/fr\/tienda\/peluqueria\/complementos-peluqueria\/paleta-para-tinte-biodegradable-paleta-de-mechas\/","og_locale":"fr_FR","og_type":"article","og_title":"Paleta para Tinte Biodegradable\/ Paleta de Mechas - Hanna Cosm\u00e9tica","og_description":"Pr\u00e1ctica paleta de gran tama\u00f1o para realizar de forma f\u00e1cil y c\u00f3moda mechas en el cabello. Paleta de coloraci\u00f3n que ayuda facilitar&hellip;","og_url":"https:\/\/hannacosmetica.com\/fr\/tienda\/peluqueria\/complementos-peluqueria\/paleta-para-tinte-biodegradable-paleta-de-mechas\/","og_site_name":"Hanna Cosm\u00e9tica","article_modified_time":"2023-08-27T16:28:35+00:00","twitter_card":"summary_large_image","schema":{"@context":"https:\/\/schema.org","@graph":[{"@type":"WebPage","@id":"https:\/\/hannacosmetica.com\/tienda\/peluqueria\/complementos-peluqueria\/paleta-para-tinte-biodegradable-paleta-de-mechas\/","url":"https:\/\/hannacosmetica.com\/tienda\/peluqueria\/complementos-peluqueria\/paleta-para-tinte-biodegradable-paleta-de-mechas\/","name":"Paleta para Tinte Biodegradable\/ Paleta de Mechas - Hanna Cosm\u00e9tica","isPartOf":{"@id":"https:\/\/hannacosmetica.com\/#website"},"datePublished":"2023-02-06T11:53:53+00:00","dateModified":"2023-08-27T16:28:35+00:00","breadcrumb":{"@id":"https:\/\/hannacosmetica.com\/tienda\/peluqueria\/complementos-peluqueria\/paleta-para-tinte-biodegradable-paleta-de-mechas\/#breadcrumb"},"inLanguage":"fr-FR","potentialAction":[{"@type":"ReadAction","target":["https:\/\/hannacosmetica.com\/tienda\/peluqueria\/complementos-peluqueria\/paleta-para-tinte-biodegradable-paleta-de-mechas\/"]}]},{"@type":"BreadcrumbList","@id":"https:\/\/hannacosmetica.com\/tienda\/peluqueria\/complementos-peluqueria\/paleta-para-tinte-biodegradable-paleta-de-mechas\/#breadcrumb","itemListElement":[{"@type":"ListItem","position":1,"name":"Portada","item":"https:\/\/hannacosmetica.com\/"},{"@type":"ListItem","position":2,"name":"Tienda","item":"https:\/\/hannacosmetica.com\/shop\/"},{"@type":"ListItem","position":3,"name":"Paleta para Tinte Biodegradable\/ Paleta de Mechas"}]},{"@type":"WebSite","@id":"https:\/\/hannacosmetica.com\/#website","url":"https:\/\/hannacosmetica.com\/","name":"Hanna Cosm\u00e9tica","description":"Tienda de productos u\u00f1as, bellezas y peluquer\u00edas","publisher":{"@id":"https:\/\/hannacosmetica.com\/#organization"},"potentialAction":[{"@type":"SearchAction","target":{"@type":"EntryPoint","urlTemplate":"https:\/\/hannacosmetica.com\/?s={search_term_string}"},"query-input":"required name=search_term_string"}],"inLanguage":"fr-FR"},{"@type":"Organization","@id":"https:\/\/hannacosmetica.com\/#organization","name":"Hanna Cosm\u00e9tica","url":"https:\/\/hannacosmetica.com\/","logo":{"@type":"ImageObject","inLanguage":"fr-FR","@id":"https:\/\/hannacosmetica.com\/#\/schema\/logo\/image\/","url":"https:\/\/hannacosmetica.com\/wp-content\/uploads\/2022\/07\/Logo-Joyeria-Femenino-Floral-Negro.png","contentUrl":"https:\/\/hannacosmetica.com\/wp-content\/uploads\/2022\/07\/Logo-Joyeria-Femenino-Floral-Negro.png","width":361,"height":126,"caption":"Hanna Cosm\u00e9tica"},"image":{"@id":"https:\/\/hannacosmetica.com\/#\/schema\/logo\/image\/"}}]}},"_links":{"self":[{"href":"https:\/\/hannacosmetica.com\/fr\/wp-json\/wp\/v2\/product\/11120"}],"collection":[{"href":"https:\/\/hannacosmetica.com\/fr\/wp-json\/wp\/v2\/product"}],"about":[{"href":"https:\/\/hannacosmetica.com\/fr\/wp-json\/wp\/v2\/types\/product"}],"replies":[{"embeddable":true,"href":"https:\/\/hannacosmetica.com\/fr\/wp-json\/wp\/v2\/comments?post=11120"}],"version-history":[{"count":1,"href":"https:\/\/hannacosmetica.com\/fr\/wp-json\/wp\/v2\/product\/11120\/revisions"}],"predecessor-version":[{"id":11121,"href":"https:\/\/hannacosmetica.com\/fr\/wp-json\/wp\/v2\/product\/11120\/revisions\/11121"}],"wp:attachment":[{"href":"https:\/\/hannacosmetica.com\/fr\/wp-json\/wp\/v2\/media?parent=11120"}],"wp:term":[{"taxonomy":"product_cat","embeddable":true,"href":"https:\/\/hannacosmetica.com\/fr\/wp-json\/wp\/v2\/product_cat?post=11120"},{"taxonomy":"product_tag","embeddable":true,"href":"https:\/\/hannacosmetica.com\/fr\/wp-json\/wp\/v2\/product_tag?post=11120"}],"curies":[{"name":"wp","href":"https:\/\/api.w.org\/{rel}","templated":true}]}}