{"id":10929,"date":"2023-02-02T17:19:46","date_gmt":"2023-02-02T17:19:46","guid":{"rendered":"https:\/\/hannacosmetica.com\/?post_type=product&#038;p=10929"},"modified":"2023-08-22T14:40:12","modified_gmt":"2023-08-22T14:40:12","slug":"protector-de-dedos-goma-para-dedos-dedos-protectores-de-latex","status":"publish","type":"product","link":"https:\/\/hannacosmetica.com\/fr\/tienda\/estetica\/complementos-estetica\/protector-de-dedos-goma-para-dedos-dedos-protectores-de-latex\/","title":{"rendered":"Protector de Dedos\/ Goma para Dedos\/Dedos Protectores de L\u00e1tex"},"content":{"rendered":"<ul class=\"a-unordered-list a-vertical a-spacing-mini\">\n<li><span class=\"a-list-item\">Esencial para la protecci\u00f3n de los dedos: los dedos protectores desechables son ideales para cubrir y proteger los dedos. Pueden proteger eficazmente sus dedos de la limpieza y las infecciones. Es ampliamente utilizado en los campos de la belleza, el mantenimiento electr\u00f3nico, la pintura, la limpieza de joyas y otras industrias, \u00a1lo que hace que el trabajo sea m\u00e1s higi\u00e9nico y seguro!<\/span><\/li>\n<li><span class=\"a-list-item\">Materiales de alta calidad: los dedos protectores de l\u00e1tex est\u00e1n hechos de l\u00e1tex natural seguro y ecol\u00f3gico con buena elasticidad, resistencia al agua y caracter\u00edsticas antiest\u00e1ticas. Y es muy f\u00e1cil de llevar y no es f\u00e1cil de separar.<\/span><\/li>\n<li><span class=\"a-list-item\">Dise\u00f1o \u00edntimo: no deja huellas dactilares, lo que le permite agarrar objetos. El\u00e1stico y flexible, apto para todos los tama\u00f1os de dedos. Minimiza los efectos de los aceites corporales, el sudor y las cremas para manos. Ideal para cualquier situaci\u00f3n, no requiere guantes completos.<\/span><\/li>\n<li><span class=\"a-list-item\">Uso amplio: los protectores de dedos desechables se pueden usar en la industria de semiconductores, f\u00e1bricas de productos electr\u00f3nicos, industria qu\u00edmica, laboratorios, industria de la belleza, etc. puede prevenir eficazmente la abrasi\u00f3n de la punta de los dedos.<\/span><\/li>\n<li><span class=\"a-list-item\">Conjunto de valores: un total de 200 piezas de protecci\u00f3n antiest\u00e1tica para los dedos con un di\u00e1metro de 2 cm, tama\u00f1o port\u00e1til, f\u00e1cil de transportar y transportar, proteja sus dedos. Una cantidad suficiente le permite usarlo en cualquier momento.<\/span><\/li>\n<\/ul>","protected":false},"excerpt":{"rendered":"<p>Esencial para la protecci\u00f3n de los dedos: los dedos protectores desechables son ideales para cubrir y proteger los dedos. Pueden proteger eficazmente&hellip;<\/p>","protected":false},"featured_media":10930,"comment_status":"open","ping_status":"closed","template":"","meta":[],"product_cat":[84,115],"product_tag":[],"yoast_head":"<!-- This site is optimized with the Yoast SEO plugin v19.9 - https:\/\/yoast.com\/wordpress\/plugins\/seo\/ -->\n<title>Protector de Dedos\/ Goma para Dedos\/Dedos Protectores de L\u00e1tex - Hanna Cosm\u00e9tica<\/title>\n<meta name=\"robots\" content=\"index, follow, max-snippet:-1, max-image-preview:large, max-video-preview:-1\" \/>\n<link rel=\"canonical\" href=\"https:\/\/hannacosmetica.com\/fr\/tienda\/estetica\/complementos-estetica\/protector-de-dedos-goma-para-dedos-dedos-protectores-de-latex\/\" \/>\n<meta property=\"og:locale\" content=\"fr_FR\" \/>\n<meta property=\"og:type\" content=\"article\" \/>\n<meta property=\"og:title\" content=\"Protector de Dedos\/ Goma para Dedos\/Dedos Protectores de L\u00e1tex - Hanna Cosm\u00e9tica\" \/>\n<meta property=\"og:description\" content=\"Esencial para la protecci\u00f3n de los dedos: los dedos protectores desechables son ideales para cubrir y proteger los dedos. Pueden proteger eficazmente&hellip;\" \/>\n<meta property=\"og:url\" content=\"https:\/\/hannacosmetica.com\/fr\/tienda\/estetica\/complementos-estetica\/protector-de-dedos-goma-para-dedos-dedos-protectores-de-latex\/\" \/>\n<meta property=\"og:site_name\" content=\"Hanna Cosm\u00e9tica\" \/>\n<meta property=\"article:modified_time\" content=\"2023-08-22T14:40:12+00:00\" \/>\n<meta property=\"og:image\" content=\"https:\/\/hannacosmetica.com\/wp-content\/uploads\/2023\/02\/gomas.jpg\" \/>\n\t<meta property=\"og:image:width\" content=\"1126\" \/>\n\t<meta property=\"og:image:height\" content=\"1176\" \/>\n\t<meta property=\"og:image:type\" content=\"image\/jpeg\" \/>\n<meta name=\"twitter:card\" content=\"summary_large_image\" \/>\n<script type=\"application\/ld+json\" class=\"yoast-schema-graph\">{\"@context\":\"https:\/\/schema.org\",\"@graph\":[{\"@type\":\"WebPage\",\"@id\":\"https:\/\/hannacosmetica.com\/tienda\/estetica\/complementos-estetica\/protector-de-dedos-goma-para-dedos-dedos-protectores-de-latex\/\",\"url\":\"https:\/\/hannacosmetica.com\/tienda\/estetica\/complementos-estetica\/protector-de-dedos-goma-para-dedos-dedos-protectores-de-latex\/\",\"name\":\"Protector de Dedos\/ Goma para Dedos\/Dedos Protectores de L\u00e1tex - Hanna Cosm\u00e9tica\",\"isPartOf\":{\"@id\":\"https:\/\/hannacosmetica.com\/#website\"},\"datePublished\":\"2023-02-02T17:19:46+00:00\",\"dateModified\":\"2023-08-22T14:40:12+00:00\",\"breadcrumb\":{\"@id\":\"https:\/\/hannacosmetica.com\/tienda\/estetica\/complementos-estetica\/protector-de-dedos-goma-para-dedos-dedos-protectores-de-latex\/#breadcrumb\"},\"inLanguage\":\"fr-FR\",\"potentialAction\":[{\"@type\":\"ReadAction\",\"target\":[\"https:\/\/hannacosmetica.com\/tienda\/estetica\/complementos-estetica\/protector-de-dedos-goma-para-dedos-dedos-protectores-de-latex\/\"]}]},{\"@type\":\"BreadcrumbList\",\"@id\":\"https:\/\/hannacosmetica.com\/tienda\/estetica\/complementos-estetica\/protector-de-dedos-goma-para-dedos-dedos-protectores-de-latex\/#breadcrumb\",\"itemListElement\":[{\"@type\":\"ListItem\",\"position\":1,\"name\":\"Portada\",\"item\":\"https:\/\/hannacosmetica.com\/\"},{\"@type\":\"ListItem\",\"position\":2,\"name\":\"Tienda\",\"item\":\"https:\/\/hannacosmetica.com\/shop\/\"},{\"@type\":\"ListItem\",\"position\":3,\"name\":\"Protector de Dedos\/ Goma para Dedos\/Dedos Protectores de L\u00e1tex\"}]},{\"@type\":\"WebSite\",\"@id\":\"https:\/\/hannacosmetica.com\/#website\",\"url\":\"https:\/\/hannacosmetica.com\/\",\"name\":\"Hanna Cosm\u00e9tica\",\"description\":\"Tienda de productos u\u00f1as, bellezas y peluquer\u00edas\",\"publisher\":{\"@id\":\"https:\/\/hannacosmetica.com\/#organization\"},\"potentialAction\":[{\"@type\":\"SearchAction\",\"target\":{\"@type\":\"EntryPoint\",\"urlTemplate\":\"https:\/\/hannacosmetica.com\/?s={search_term_string}\"},\"query-input\":\"required name=search_term_string\"}],\"inLanguage\":\"fr-FR\"},{\"@type\":\"Organization\",\"@id\":\"https:\/\/hannacosmetica.com\/#organization\",\"name\":\"Hanna Cosm\u00e9tica\",\"url\":\"https:\/\/hannacosmetica.com\/\",\"logo\":{\"@type\":\"ImageObject\",\"inLanguage\":\"fr-FR\",\"@id\":\"https:\/\/hannacosmetica.com\/#\/schema\/logo\/image\/\",\"url\":\"https:\/\/hannacosmetica.com\/wp-content\/uploads\/2022\/07\/Logo-Joyeria-Femenino-Floral-Negro.png\",\"contentUrl\":\"https:\/\/hannacosmetica.com\/wp-content\/uploads\/2022\/07\/Logo-Joyeria-Femenino-Floral-Negro.png\",\"width\":361,\"height\":126,\"caption\":\"Hanna Cosm\u00e9tica\"},\"image\":{\"@id\":\"https:\/\/hannacosmetica.com\/#\/schema\/logo\/image\/\"}}]}<\/script>\n<!-- \/ Yoast SEO plugin. -->","yoast_head_json":{"title":"Protector de Dedos\/ Goma para Dedos\/Dedos Protectores de L\u00e1tex - Hanna Cosm\u00e9tica","robots":{"index":"index","follow":"follow","max-snippet":"max-snippet:-1","max-image-preview":"max-image-preview:large","max-video-preview":"max-video-preview:-1"},"canonical":"https:\/\/hannacosmetica.com\/fr\/tienda\/estetica\/complementos-estetica\/protector-de-dedos-goma-para-dedos-dedos-protectores-de-latex\/","og_locale":"fr_FR","og_type":"article","og_title":"Protector de Dedos\/ Goma para Dedos\/Dedos Protectores de L\u00e1tex - Hanna Cosm\u00e9tica","og_description":"Esencial para la protecci\u00f3n de los dedos: los dedos protectores desechables son ideales para cubrir y proteger los dedos. Pueden proteger eficazmente&hellip;","og_url":"https:\/\/hannacosmetica.com\/fr\/tienda\/estetica\/complementos-estetica\/protector-de-dedos-goma-para-dedos-dedos-protectores-de-latex\/","og_site_name":"Hanna Cosm\u00e9tica","article_modified_time":"2023-08-22T14:40:12+00:00","og_image":[{"width":1126,"height":1176,"url":"https:\/\/hannacosmetica.com\/wp-content\/uploads\/2023\/02\/gomas.jpg","type":"image\/jpeg"}],"twitter_card":"summary_large_image","schema":{"@context":"https:\/\/schema.org","@graph":[{"@type":"WebPage","@id":"https:\/\/hannacosmetica.com\/tienda\/estetica\/complementos-estetica\/protector-de-dedos-goma-para-dedos-dedos-protectores-de-latex\/","url":"https:\/\/hannacosmetica.com\/tienda\/estetica\/complementos-estetica\/protector-de-dedos-goma-para-dedos-dedos-protectores-de-latex\/","name":"Protector de Dedos\/ Goma para Dedos\/Dedos Protectores de L\u00e1tex - Hanna Cosm\u00e9tica","isPartOf":{"@id":"https:\/\/hannacosmetica.com\/#website"},"datePublished":"2023-02-02T17:19:46+00:00","dateModified":"2023-08-22T14:40:12+00:00","breadcrumb":{"@id":"https:\/\/hannacosmetica.com\/tienda\/estetica\/complementos-estetica\/protector-de-dedos-goma-para-dedos-dedos-protectores-de-latex\/#breadcrumb"},"inLanguage":"fr-FR","potentialAction":[{"@type":"ReadAction","target":["https:\/\/hannacosmetica.com\/tienda\/estetica\/complementos-estetica\/protector-de-dedos-goma-para-dedos-dedos-protectores-de-latex\/"]}]},{"@type":"BreadcrumbList","@id":"https:\/\/hannacosmetica.com\/tienda\/estetica\/complementos-estetica\/protector-de-dedos-goma-para-dedos-dedos-protectores-de-latex\/#breadcrumb","itemListElement":[{"@type":"ListItem","position":1,"name":"Portada","item":"https:\/\/hannacosmetica.com\/"},{"@type":"ListItem","position":2,"name":"Tienda","item":"https:\/\/hannacosmetica.com\/shop\/"},{"@type":"ListItem","position":3,"name":"Protector de Dedos\/ Goma para Dedos\/Dedos Protectores de L\u00e1tex"}]},{"@type":"WebSite","@id":"https:\/\/hannacosmetica.com\/#website","url":"https:\/\/hannacosmetica.com\/","name":"Hanna Cosm\u00e9tica","description":"Tienda de productos u\u00f1as, bellezas y peluquer\u00edas","publisher":{"@id":"https:\/\/hannacosmetica.com\/#organization"},"potentialAction":[{"@type":"SearchAction","target":{"@type":"EntryPoint","urlTemplate":"https:\/\/hannacosmetica.com\/?s={search_term_string}"},"query-input":"required name=search_term_string"}],"inLanguage":"fr-FR"},{"@type":"Organization","@id":"https:\/\/hannacosmetica.com\/#organization","name":"Hanna Cosm\u00e9tica","url":"https:\/\/hannacosmetica.com\/","logo":{"@type":"ImageObject","inLanguage":"fr-FR","@id":"https:\/\/hannacosmetica.com\/#\/schema\/logo\/image\/","url":"https:\/\/hannacosmetica.com\/wp-content\/uploads\/2022\/07\/Logo-Joyeria-Femenino-Floral-Negro.png","contentUrl":"https:\/\/hannacosmetica.com\/wp-content\/uploads\/2022\/07\/Logo-Joyeria-Femenino-Floral-Negro.png","width":361,"height":126,"caption":"Hanna Cosm\u00e9tica"},"image":{"@id":"https:\/\/hannacosmetica.com\/#\/schema\/logo\/image\/"}}]}},"_links":{"self":[{"href":"https:\/\/hannacosmetica.com\/fr\/wp-json\/wp\/v2\/product\/10929"}],"collection":[{"href":"https:\/\/hannacosmetica.com\/fr\/wp-json\/wp\/v2\/product"}],"about":[{"href":"https:\/\/hannacosmetica.com\/fr\/wp-json\/wp\/v2\/types\/product"}],"replies":[{"embeddable":true,"href":"https:\/\/hannacosmetica.com\/fr\/wp-json\/wp\/v2\/comments?post=10929"}],"version-history":[{"count":1,"href":"https:\/\/hannacosmetica.com\/fr\/wp-json\/wp\/v2\/product\/10929\/revisions"}],"predecessor-version":[{"id":10933,"href":"https:\/\/hannacosmetica.com\/fr\/wp-json\/wp\/v2\/product\/10929\/revisions\/10933"}],"wp:featuredmedia":[{"embeddable":true,"href":"https:\/\/hannacosmetica.com\/fr\/wp-json\/wp\/v2\/media\/10930"}],"wp:attachment":[{"href":"https:\/\/hannacosmetica.com\/fr\/wp-json\/wp\/v2\/media?parent=10929"}],"wp:term":[{"taxonomy":"product_cat","embeddable":true,"href":"https:\/\/hannacosmetica.com\/fr\/wp-json\/wp\/v2\/product_cat?post=10929"},{"taxonomy":"product_tag","embeddable":true,"href":"https:\/\/hannacosmetica.com\/fr\/wp-json\/wp\/v2\/product_tag?post=10929"}],"curies":[{"name":"wp","href":"https:\/\/api.w.org\/{rel}","templated":true}]}}