{"id":10883,"date":"2023-02-02T16:05:55","date_gmt":"2023-02-02T16:05:55","guid":{"rendered":"https:\/\/hannacosmetica.com\/?post_type=product&#038;p=10883"},"modified":"2026-01-08T17:11:49","modified_gmt":"2026-01-08T17:11:49","slug":"celulosa-sin-pelusa-para-unas-toallitas-de-celulosa-para-manicura","status":"publish","type":"product","link":"https:\/\/hannacosmetica.com\/fr\/tienda\/manicura\/complementos\/celulosa-sin-pelusa-para-unas-toallitas-de-celulosa-para-manicura\/","title":{"rendered":"Celulosa sin Pelusa  para U\u00f1as\/ toallitas de Celulosa para Manicura 2 colores"},"content":{"rendered":"<ul class=\"a-unordered-list a-vertical a-spacing-mini\">\n<li><span class=\"a-list-item\">\u3010Material superior\u3011: Nuestras toallitas para u\u00f1as est\u00e1n hechas de algod\u00f3n y telas no tejidas; sin fibras sueltas que arruinen su manicura en gel super suave, duradera, absorbente; y todos a trav\u00e9s de la esterilizaci\u00f3n a alta temperatura; por lo que no son toxicidad, irritaci\u00f3n de la piel y alerg\u00e9nicos; inodoro y sanitario.<\/span><\/li>\n<li><span class=\"a-list-item\">\u3010Tama\u00f1o de cada hoja\u3011: Aprox. 2,28 x 1,54 pulgadas \/ 5,8 x 3,9 cm; Conveniente y f\u00e1cil de transportar.<\/span><\/li>\n<li><span class=\"a-list-item\">\u3010Value Pack\u3011: Ven con aprox. 600pcs s\u00faper absorbente sin pelusa toallitas de eliminaci\u00f3n de esmalte de u\u00f1as almohadillas de algod\u00f3n, suficiente para satisfacer sus diversas necesidades.<\/span><\/li>\n<li><span class=\"a-list-item\">\u3010Practicidad\u3011: Nuestras almohadillas para quitar u\u00f1as son suaves, sanitarias; con una fuerte capacidad de absorci\u00f3n de humedad y descontaminaci\u00f3n, excelente para usar con cualquier quitaesmalte; Sin astilladuras, las almohadillas quitaesmalte no se caen como la tela de algod\u00f3n tradicional.<\/span><\/li>\n<li><span class=\"a-list-item\">\u3010Amplia aplicaci\u00f3n\u3011: Perfecto para limpiar la capa adhesiva de las u\u00f1as de gel curado, quitar y limpiar el gel de u\u00f1as y el esmalte de u\u00f1as; Gran conjunto para eliminar gel UV \/ acr\u00edlico \/ u\u00f1as postizas \/ puntas de u\u00f1as \/ esmalte de u\u00f1as; Ideal para tratamientos de manicura o pedicura, adecuado para u\u00f1as profesionales y uso personal en el hogar.<\/span><\/li>\n<\/ul>","protected":false},"excerpt":{"rendered":"<p>\u3010Material superior\u3011: Nuestras toallitas para u\u00f1as est\u00e1n hechas de algod\u00f3n y telas no tejidas; sin fibras sueltas que arruinen su manicura en&hellip;<\/p>","protected":false},"featured_media":21036,"comment_status":"open","ping_status":"closed","template":"","meta":[],"product_cat":[82,101],"product_tag":[],"yoast_head":"<!-- This site is optimized with the Yoast SEO plugin v19.9 - https:\/\/yoast.com\/wordpress\/plugins\/seo\/ -->\n<title>Celulosa sin Pelusa para U\u00f1as\/ toallitas de Celulosa para Manicura 2 colores - Hanna Cosm\u00e9tica<\/title>\n<meta name=\"robots\" content=\"index, follow, max-snippet:-1, max-image-preview:large, max-video-preview:-1\" \/>\n<link rel=\"canonical\" href=\"https:\/\/hannacosmetica.com\/fr\/tienda\/manicura\/complementos\/celulosa-sin-pelusa-para-unas-toallitas-de-celulosa-para-manicura\/\" \/>\n<meta property=\"og:locale\" content=\"fr_FR\" \/>\n<meta property=\"og:type\" content=\"article\" \/>\n<meta property=\"og:title\" content=\"Celulosa sin Pelusa para U\u00f1as\/ toallitas de Celulosa para Manicura 2 colores - Hanna Cosm\u00e9tica\" \/>\n<meta property=\"og:description\" content=\"\u3010Material superior\u3011: Nuestras toallitas para u\u00f1as est\u00e1n hechas de algod\u00f3n y telas no tejidas; sin fibras sueltas que arruinen su manicura en&hellip;\" \/>\n<meta property=\"og:url\" content=\"https:\/\/hannacosmetica.com\/fr\/tienda\/manicura\/complementos\/celulosa-sin-pelusa-para-unas-toallitas-de-celulosa-para-manicura\/\" \/>\n<meta property=\"og:site_name\" content=\"Hanna Cosm\u00e9tica\" \/>\n<meta property=\"article:modified_time\" content=\"2026-01-08T17:11:49+00:00\" \/>\n<meta property=\"og:image\" content=\"https:\/\/hannacosmetica.com\/wp-content\/uploads\/2025\/08\/5-Patas-para-una-mayor-firmeza-1.pdf-2025-08-07T105807.507.png\" \/>\n\t<meta property=\"og:image:width\" content=\"1469\" \/>\n\t<meta property=\"og:image:height\" content=\"1313\" \/>\n\t<meta property=\"og:image:type\" content=\"image\/png\" \/>\n<meta name=\"twitter:card\" content=\"summary_large_image\" \/>\n<script type=\"application\/ld+json\" class=\"yoast-schema-graph\">{\"@context\":\"https:\/\/schema.org\",\"@graph\":[{\"@type\":\"WebPage\",\"@id\":\"https:\/\/hannacosmetica.com\/tienda\/manicura\/complementos\/celulosa-sin-pelusa-para-unas-toallitas-de-celulosa-para-manicura\/\",\"url\":\"https:\/\/hannacosmetica.com\/tienda\/manicura\/complementos\/celulosa-sin-pelusa-para-unas-toallitas-de-celulosa-para-manicura\/\",\"name\":\"Celulosa sin Pelusa para U\u00f1as\/ toallitas de Celulosa para Manicura 2 colores - Hanna Cosm\u00e9tica\",\"isPartOf\":{\"@id\":\"https:\/\/hannacosmetica.com\/#website\"},\"datePublished\":\"2023-02-02T16:05:55+00:00\",\"dateModified\":\"2026-01-08T17:11:49+00:00\",\"breadcrumb\":{\"@id\":\"https:\/\/hannacosmetica.com\/tienda\/manicura\/complementos\/celulosa-sin-pelusa-para-unas-toallitas-de-celulosa-para-manicura\/#breadcrumb\"},\"inLanguage\":\"fr-FR\",\"potentialAction\":[{\"@type\":\"ReadAction\",\"target\":[\"https:\/\/hannacosmetica.com\/tienda\/manicura\/complementos\/celulosa-sin-pelusa-para-unas-toallitas-de-celulosa-para-manicura\/\"]}]},{\"@type\":\"BreadcrumbList\",\"@id\":\"https:\/\/hannacosmetica.com\/tienda\/manicura\/complementos\/celulosa-sin-pelusa-para-unas-toallitas-de-celulosa-para-manicura\/#breadcrumb\",\"itemListElement\":[{\"@type\":\"ListItem\",\"position\":1,\"name\":\"Portada\",\"item\":\"https:\/\/hannacosmetica.com\/\"},{\"@type\":\"ListItem\",\"position\":2,\"name\":\"Tienda\",\"item\":\"https:\/\/hannacosmetica.com\/shop\/\"},{\"@type\":\"ListItem\",\"position\":3,\"name\":\"Celulosa sin Pelusa para U\u00f1as\/ toallitas de Celulosa para Manicura 2 colores\"}]},{\"@type\":\"WebSite\",\"@id\":\"https:\/\/hannacosmetica.com\/#website\",\"url\":\"https:\/\/hannacosmetica.com\/\",\"name\":\"Hanna Cosm\u00e9tica\",\"description\":\"Tienda de productos u\u00f1as, bellezas y peluquer\u00edas\",\"publisher\":{\"@id\":\"https:\/\/hannacosmetica.com\/#organization\"},\"potentialAction\":[{\"@type\":\"SearchAction\",\"target\":{\"@type\":\"EntryPoint\",\"urlTemplate\":\"https:\/\/hannacosmetica.com\/?s={search_term_string}\"},\"query-input\":\"required name=search_term_string\"}],\"inLanguage\":\"fr-FR\"},{\"@type\":\"Organization\",\"@id\":\"https:\/\/hannacosmetica.com\/#organization\",\"name\":\"Hanna Cosm\u00e9tica\",\"url\":\"https:\/\/hannacosmetica.com\/\",\"logo\":{\"@type\":\"ImageObject\",\"inLanguage\":\"fr-FR\",\"@id\":\"https:\/\/hannacosmetica.com\/#\/schema\/logo\/image\/\",\"url\":\"https:\/\/hannacosmetica.com\/wp-content\/uploads\/2022\/07\/Logo-Joyeria-Femenino-Floral-Negro.png\",\"contentUrl\":\"https:\/\/hannacosmetica.com\/wp-content\/uploads\/2022\/07\/Logo-Joyeria-Femenino-Floral-Negro.png\",\"width\":361,\"height\":126,\"caption\":\"Hanna Cosm\u00e9tica\"},\"image\":{\"@id\":\"https:\/\/hannacosmetica.com\/#\/schema\/logo\/image\/\"}}]}<\/script>\n<!-- \/ Yoast SEO plugin. -->","yoast_head_json":{"title":"Celulosa sin Pelusa para U\u00f1as\/ toallitas de Celulosa para Manicura 2 colores - Hanna Cosm\u00e9tica","robots":{"index":"index","follow":"follow","max-snippet":"max-snippet:-1","max-image-preview":"max-image-preview:large","max-video-preview":"max-video-preview:-1"},"canonical":"https:\/\/hannacosmetica.com\/fr\/tienda\/manicura\/complementos\/celulosa-sin-pelusa-para-unas-toallitas-de-celulosa-para-manicura\/","og_locale":"fr_FR","og_type":"article","og_title":"Celulosa sin Pelusa para U\u00f1as\/ toallitas de Celulosa para Manicura 2 colores - Hanna Cosm\u00e9tica","og_description":"\u3010Material superior\u3011: Nuestras toallitas para u\u00f1as est\u00e1n hechas de algod\u00f3n y telas no tejidas; sin fibras sueltas que arruinen su manicura en&hellip;","og_url":"https:\/\/hannacosmetica.com\/fr\/tienda\/manicura\/complementos\/celulosa-sin-pelusa-para-unas-toallitas-de-celulosa-para-manicura\/","og_site_name":"Hanna Cosm\u00e9tica","article_modified_time":"2026-01-08T17:11:49+00:00","og_image":[{"width":1469,"height":1313,"url":"https:\/\/hannacosmetica.com\/wp-content\/uploads\/2025\/08\/5-Patas-para-una-mayor-firmeza-1.pdf-2025-08-07T105807.507.png","type":"image\/png"}],"twitter_card":"summary_large_image","schema":{"@context":"https:\/\/schema.org","@graph":[{"@type":"WebPage","@id":"https:\/\/hannacosmetica.com\/tienda\/manicura\/complementos\/celulosa-sin-pelusa-para-unas-toallitas-de-celulosa-para-manicura\/","url":"https:\/\/hannacosmetica.com\/tienda\/manicura\/complementos\/celulosa-sin-pelusa-para-unas-toallitas-de-celulosa-para-manicura\/","name":"Celulosa sin Pelusa para U\u00f1as\/ toallitas de Celulosa para Manicura 2 colores - Hanna Cosm\u00e9tica","isPartOf":{"@id":"https:\/\/hannacosmetica.com\/#website"},"datePublished":"2023-02-02T16:05:55+00:00","dateModified":"2026-01-08T17:11:49+00:00","breadcrumb":{"@id":"https:\/\/hannacosmetica.com\/tienda\/manicura\/complementos\/celulosa-sin-pelusa-para-unas-toallitas-de-celulosa-para-manicura\/#breadcrumb"},"inLanguage":"fr-FR","potentialAction":[{"@type":"ReadAction","target":["https:\/\/hannacosmetica.com\/tienda\/manicura\/complementos\/celulosa-sin-pelusa-para-unas-toallitas-de-celulosa-para-manicura\/"]}]},{"@type":"BreadcrumbList","@id":"https:\/\/hannacosmetica.com\/tienda\/manicura\/complementos\/celulosa-sin-pelusa-para-unas-toallitas-de-celulosa-para-manicura\/#breadcrumb","itemListElement":[{"@type":"ListItem","position":1,"name":"Portada","item":"https:\/\/hannacosmetica.com\/"},{"@type":"ListItem","position":2,"name":"Tienda","item":"https:\/\/hannacosmetica.com\/shop\/"},{"@type":"ListItem","position":3,"name":"Celulosa sin Pelusa para U\u00f1as\/ toallitas de Celulosa para Manicura 2 colores"}]},{"@type":"WebSite","@id":"https:\/\/hannacosmetica.com\/#website","url":"https:\/\/hannacosmetica.com\/","name":"Hanna Cosm\u00e9tica","description":"Tienda de productos u\u00f1as, bellezas y peluquer\u00edas","publisher":{"@id":"https:\/\/hannacosmetica.com\/#organization"},"potentialAction":[{"@type":"SearchAction","target":{"@type":"EntryPoint","urlTemplate":"https:\/\/hannacosmetica.com\/?s={search_term_string}"},"query-input":"required name=search_term_string"}],"inLanguage":"fr-FR"},{"@type":"Organization","@id":"https:\/\/hannacosmetica.com\/#organization","name":"Hanna Cosm\u00e9tica","url":"https:\/\/hannacosmetica.com\/","logo":{"@type":"ImageObject","inLanguage":"fr-FR","@id":"https:\/\/hannacosmetica.com\/#\/schema\/logo\/image\/","url":"https:\/\/hannacosmetica.com\/wp-content\/uploads\/2022\/07\/Logo-Joyeria-Femenino-Floral-Negro.png","contentUrl":"https:\/\/hannacosmetica.com\/wp-content\/uploads\/2022\/07\/Logo-Joyeria-Femenino-Floral-Negro.png","width":361,"height":126,"caption":"Hanna Cosm\u00e9tica"},"image":{"@id":"https:\/\/hannacosmetica.com\/#\/schema\/logo\/image\/"}}]}},"_links":{"self":[{"href":"https:\/\/hannacosmetica.com\/fr\/wp-json\/wp\/v2\/product\/10883"}],"collection":[{"href":"https:\/\/hannacosmetica.com\/fr\/wp-json\/wp\/v2\/product"}],"about":[{"href":"https:\/\/hannacosmetica.com\/fr\/wp-json\/wp\/v2\/types\/product"}],"replies":[{"embeddable":true,"href":"https:\/\/hannacosmetica.com\/fr\/wp-json\/wp\/v2\/comments?post=10883"}],"version-history":[{"count":4,"href":"https:\/\/hannacosmetica.com\/fr\/wp-json\/wp\/v2\/product\/10883\/revisions"}],"predecessor-version":[{"id":21038,"href":"https:\/\/hannacosmetica.com\/fr\/wp-json\/wp\/v2\/product\/10883\/revisions\/21038"}],"wp:featuredmedia":[{"embeddable":true,"href":"https:\/\/hannacosmetica.com\/fr\/wp-json\/wp\/v2\/media\/21036"}],"wp:attachment":[{"href":"https:\/\/hannacosmetica.com\/fr\/wp-json\/wp\/v2\/media?parent=10883"}],"wp:term":[{"taxonomy":"product_cat","embeddable":true,"href":"https:\/\/hannacosmetica.com\/fr\/wp-json\/wp\/v2\/product_cat?post=10883"},{"taxonomy":"product_tag","embeddable":true,"href":"https:\/\/hannacosmetica.com\/fr\/wp-json\/wp\/v2\/product_tag?post=10883"}],"curies":[{"name":"wp","href":"https:\/\/api.w.org\/{rel}","templated":true}]}}