{"id":10687,"date":"2022-11-29T17:40:51","date_gmt":"2022-11-29T17:40:51","guid":{"rendered":"https:\/\/hannacosmetica.com\/?post_type=product&#038;p=10687"},"modified":"2024-11-29T11:02:45","modified_gmt":"2024-11-29T11:02:45","slug":"fresa-de-carburo-broca-de-manicura-5","status":"publish","type":"product","link":"https:\/\/hannacosmetica.com\/fr\/tienda\/manicura\/fresas\/fresa-de-carburo-broca-de-manicura-5\/","title":{"rendered":"1 Fresa de Carburo\/ Broca  de Manicura"},"content":{"rendered":"<ul class=\"a-unordered-list a-vertical a-spacing-mini\">\n<li><span class=\"a-list-item\">La broca el\u00e9ctrica profesional se adapta a la mayor\u00eda de las m\u00e1quinas perforadoras de clavos que usan brocas de 3\/32 \u00ab, una acci\u00f3n de corte f\u00e1cil de remover para eliminar el producto, creando menos polvo con poca fricci\u00f3n y calor, tambi\u00e9n es conveniente de reemplazar.<\/span><\/li>\n<li><span class=\"a-list-item\">\u3010Impresionante herramienta de manicura\u3011 Esta broca de carburo rotativa recubierta de plata es una herramienta ideal para el arte de las u\u00f1as que se aplica en la m\u00e1quina de taladrado de clavos, y realiza trabajos profesionales diversificados, tales como tallado, grabado, pulido, fresado, afilado, lijado, pulido, taladrado, etc. en, adecuado para las u\u00f1as naturales, as\u00ed como las u\u00f1as artificiales.<\/span><\/li>\n<li><span class=\"a-list-item\">\u3010Uso general\u3011 La broca redonda y resistente es una herramienta excelente para cualquier manicurista o principiante profesional, ideal para salones de belleza, salones de belleza, pedicuras para manicuras de spa o personales, arte de u\u00f1as DIY en casa, que le brinda una experiencia placentera.<\/span><\/li>\n<li><span class=\"a-list-item\">\u3010Alta calidad\u3011 Hecha de carburo, el material m\u00e1s duro al lado de los diamantes, la broca de u\u00f1as es de buena calidad y funciona bien, puede usarse a largo plazo, ahorrando su dinero.<\/span><\/li>\n<li><span class=\"a-list-item\">\u3010Design \u3011Dise\u00f1o de la parte superior de la c\u00fapula strong Esta broca de clavo fuerte est\u00e1 dise\u00f1ada con color plateado y parte superior abovedada. En contraste con la parte superior cuadrada, la parte superior del domo no solo se ve m\u00e1s a la moda, sino que tambi\u00e9n se toca m\u00e1s c\u00f3modamente, se puede usar para entrar en \u00e1reas estrechas, como paredes laterales y cut\u00edculas, sin rascarse las u\u00f1as, protegiendo las pieles.<\/span><\/li>\n<\/ul>","protected":false},"excerpt":{"rendered":"<p>La broca el\u00e9ctrica profesional se adapta a la mayor\u00eda de las m\u00e1quinas perforadoras de clavos que usan brocas de 3\/32 \u00ab, una&hellip;<\/p>","protected":false},"featured_media":10462,"comment_status":"open","ping_status":"closed","template":"","meta":[],"product_cat":[82,100],"product_tag":[],"yoast_head":"<!-- This site is optimized with the Yoast SEO plugin v19.9 - https:\/\/yoast.com\/wordpress\/plugins\/seo\/ -->\n<title>1 Fresa de Carburo\/ Broca de Manicura - Hanna Cosm\u00e9tica<\/title>\n<meta name=\"robots\" content=\"index, follow, max-snippet:-1, max-image-preview:large, max-video-preview:-1\" \/>\n<link rel=\"canonical\" href=\"https:\/\/hannacosmetica.com\/fr\/tienda\/manicura\/fresas\/fresa-de-carburo-broca-de-manicura-5\/\" \/>\n<meta property=\"og:locale\" content=\"fr_FR\" \/>\n<meta property=\"og:type\" content=\"article\" \/>\n<meta property=\"og:title\" content=\"1 Fresa de Carburo\/ Broca de Manicura - Hanna Cosm\u00e9tica\" \/>\n<meta property=\"og:description\" content=\"La broca el\u00e9ctrica profesional se adapta a la mayor\u00eda de las m\u00e1quinas perforadoras de clavos que usan brocas de 3\/32 \u00ab, una&hellip;\" \/>\n<meta property=\"og:url\" content=\"https:\/\/hannacosmetica.com\/fr\/tienda\/manicura\/fresas\/fresa-de-carburo-broca-de-manicura-5\/\" \/>\n<meta property=\"og:site_name\" content=\"Hanna Cosm\u00e9tica\" \/>\n<meta property=\"article:modified_time\" content=\"2024-11-29T11:02:45+00:00\" \/>\n<meta property=\"og:image\" content=\"https:\/\/hannacosmetica.com\/wp-content\/uploads\/2022\/11\/o\u00a1rta-tips-2022-11-24T171446.547.png\" \/>\n\t<meta property=\"og:image:width\" content=\"4000\" \/>\n\t<meta property=\"og:image:height\" content=\"4000\" \/>\n\t<meta property=\"og:image:type\" content=\"image\/png\" \/>\n<meta name=\"twitter:card\" content=\"summary_large_image\" \/>\n<script type=\"application\/ld+json\" class=\"yoast-schema-graph\">{\"@context\":\"https:\/\/schema.org\",\"@graph\":[{\"@type\":\"WebPage\",\"@id\":\"https:\/\/hannacosmetica.com\/tienda\/manicura\/fresas\/fresa-de-carburo-broca-de-manicura-5\/\",\"url\":\"https:\/\/hannacosmetica.com\/tienda\/manicura\/fresas\/fresa-de-carburo-broca-de-manicura-5\/\",\"name\":\"1 Fresa de Carburo\/ Broca de Manicura - Hanna Cosm\u00e9tica\",\"isPartOf\":{\"@id\":\"https:\/\/hannacosmetica.com\/#website\"},\"datePublished\":\"2022-11-29T17:40:51+00:00\",\"dateModified\":\"2024-11-29T11:02:45+00:00\",\"breadcrumb\":{\"@id\":\"https:\/\/hannacosmetica.com\/tienda\/manicura\/fresas\/fresa-de-carburo-broca-de-manicura-5\/#breadcrumb\"},\"inLanguage\":\"fr-FR\",\"potentialAction\":[{\"@type\":\"ReadAction\",\"target\":[\"https:\/\/hannacosmetica.com\/tienda\/manicura\/fresas\/fresa-de-carburo-broca-de-manicura-5\/\"]}]},{\"@type\":\"BreadcrumbList\",\"@id\":\"https:\/\/hannacosmetica.com\/tienda\/manicura\/fresas\/fresa-de-carburo-broca-de-manicura-5\/#breadcrumb\",\"itemListElement\":[{\"@type\":\"ListItem\",\"position\":1,\"name\":\"Portada\",\"item\":\"https:\/\/hannacosmetica.com\/\"},{\"@type\":\"ListItem\",\"position\":2,\"name\":\"Tienda\",\"item\":\"https:\/\/hannacosmetica.com\/shop\/\"},{\"@type\":\"ListItem\",\"position\":3,\"name\":\"1 Fresa de Carburo\/ Broca de Manicura\"}]},{\"@type\":\"WebSite\",\"@id\":\"https:\/\/hannacosmetica.com\/#website\",\"url\":\"https:\/\/hannacosmetica.com\/\",\"name\":\"Hanna Cosm\u00e9tica\",\"description\":\"Tienda de productos u\u00f1as, bellezas y peluquer\u00edas\",\"publisher\":{\"@id\":\"https:\/\/hannacosmetica.com\/#organization\"},\"potentialAction\":[{\"@type\":\"SearchAction\",\"target\":{\"@type\":\"EntryPoint\",\"urlTemplate\":\"https:\/\/hannacosmetica.com\/?s={search_term_string}\"},\"query-input\":\"required name=search_term_string\"}],\"inLanguage\":\"fr-FR\"},{\"@type\":\"Organization\",\"@id\":\"https:\/\/hannacosmetica.com\/#organization\",\"name\":\"Hanna Cosm\u00e9tica\",\"url\":\"https:\/\/hannacosmetica.com\/\",\"logo\":{\"@type\":\"ImageObject\",\"inLanguage\":\"fr-FR\",\"@id\":\"https:\/\/hannacosmetica.com\/#\/schema\/logo\/image\/\",\"url\":\"https:\/\/hannacosmetica.com\/wp-content\/uploads\/2022\/07\/Logo-Joyeria-Femenino-Floral-Negro.png\",\"contentUrl\":\"https:\/\/hannacosmetica.com\/wp-content\/uploads\/2022\/07\/Logo-Joyeria-Femenino-Floral-Negro.png\",\"width\":361,\"height\":126,\"caption\":\"Hanna Cosm\u00e9tica\"},\"image\":{\"@id\":\"https:\/\/hannacosmetica.com\/#\/schema\/logo\/image\/\"}}]}<\/script>\n<!-- \/ Yoast SEO plugin. -->","yoast_head_json":{"title":"1 Fresa de Carburo\/ Broca de Manicura - Hanna Cosm\u00e9tica","robots":{"index":"index","follow":"follow","max-snippet":"max-snippet:-1","max-image-preview":"max-image-preview:large","max-video-preview":"max-video-preview:-1"},"canonical":"https:\/\/hannacosmetica.com\/fr\/tienda\/manicura\/fresas\/fresa-de-carburo-broca-de-manicura-5\/","og_locale":"fr_FR","og_type":"article","og_title":"1 Fresa de Carburo\/ Broca de Manicura - Hanna Cosm\u00e9tica","og_description":"La broca el\u00e9ctrica profesional se adapta a la mayor\u00eda de las m\u00e1quinas perforadoras de clavos que usan brocas de 3\/32 \u00ab, una&hellip;","og_url":"https:\/\/hannacosmetica.com\/fr\/tienda\/manicura\/fresas\/fresa-de-carburo-broca-de-manicura-5\/","og_site_name":"Hanna Cosm\u00e9tica","article_modified_time":"2024-11-29T11:02:45+00:00","og_image":[{"width":4000,"height":4000,"url":"https:\/\/hannacosmetica.com\/wp-content\/uploads\/2022\/11\/o\u00a1rta-tips-2022-11-24T171446.547.png","type":"image\/png"}],"twitter_card":"summary_large_image","schema":{"@context":"https:\/\/schema.org","@graph":[{"@type":"WebPage","@id":"https:\/\/hannacosmetica.com\/tienda\/manicura\/fresas\/fresa-de-carburo-broca-de-manicura-5\/","url":"https:\/\/hannacosmetica.com\/tienda\/manicura\/fresas\/fresa-de-carburo-broca-de-manicura-5\/","name":"1 Fresa de Carburo\/ Broca de Manicura - Hanna Cosm\u00e9tica","isPartOf":{"@id":"https:\/\/hannacosmetica.com\/#website"},"datePublished":"2022-11-29T17:40:51+00:00","dateModified":"2024-11-29T11:02:45+00:00","breadcrumb":{"@id":"https:\/\/hannacosmetica.com\/tienda\/manicura\/fresas\/fresa-de-carburo-broca-de-manicura-5\/#breadcrumb"},"inLanguage":"fr-FR","potentialAction":[{"@type":"ReadAction","target":["https:\/\/hannacosmetica.com\/tienda\/manicura\/fresas\/fresa-de-carburo-broca-de-manicura-5\/"]}]},{"@type":"BreadcrumbList","@id":"https:\/\/hannacosmetica.com\/tienda\/manicura\/fresas\/fresa-de-carburo-broca-de-manicura-5\/#breadcrumb","itemListElement":[{"@type":"ListItem","position":1,"name":"Portada","item":"https:\/\/hannacosmetica.com\/"},{"@type":"ListItem","position":2,"name":"Tienda","item":"https:\/\/hannacosmetica.com\/shop\/"},{"@type":"ListItem","position":3,"name":"1 Fresa de Carburo\/ Broca de Manicura"}]},{"@type":"WebSite","@id":"https:\/\/hannacosmetica.com\/#website","url":"https:\/\/hannacosmetica.com\/","name":"Hanna Cosm\u00e9tica","description":"Tienda de productos u\u00f1as, bellezas y peluquer\u00edas","publisher":{"@id":"https:\/\/hannacosmetica.com\/#organization"},"potentialAction":[{"@type":"SearchAction","target":{"@type":"EntryPoint","urlTemplate":"https:\/\/hannacosmetica.com\/?s={search_term_string}"},"query-input":"required name=search_term_string"}],"inLanguage":"fr-FR"},{"@type":"Organization","@id":"https:\/\/hannacosmetica.com\/#organization","name":"Hanna Cosm\u00e9tica","url":"https:\/\/hannacosmetica.com\/","logo":{"@type":"ImageObject","inLanguage":"fr-FR","@id":"https:\/\/hannacosmetica.com\/#\/schema\/logo\/image\/","url":"https:\/\/hannacosmetica.com\/wp-content\/uploads\/2022\/07\/Logo-Joyeria-Femenino-Floral-Negro.png","contentUrl":"https:\/\/hannacosmetica.com\/wp-content\/uploads\/2022\/07\/Logo-Joyeria-Femenino-Floral-Negro.png","width":361,"height":126,"caption":"Hanna Cosm\u00e9tica"},"image":{"@id":"https:\/\/hannacosmetica.com\/#\/schema\/logo\/image\/"}}]}},"_links":{"self":[{"href":"https:\/\/hannacosmetica.com\/fr\/wp-json\/wp\/v2\/product\/10687"}],"collection":[{"href":"https:\/\/hannacosmetica.com\/fr\/wp-json\/wp\/v2\/product"}],"about":[{"href":"https:\/\/hannacosmetica.com\/fr\/wp-json\/wp\/v2\/types\/product"}],"replies":[{"embeddable":true,"href":"https:\/\/hannacosmetica.com\/fr\/wp-json\/wp\/v2\/comments?post=10687"}],"version-history":[{"count":2,"href":"https:\/\/hannacosmetica.com\/fr\/wp-json\/wp\/v2\/product\/10687\/revisions"}],"predecessor-version":[{"id":10697,"href":"https:\/\/hannacosmetica.com\/fr\/wp-json\/wp\/v2\/product\/10687\/revisions\/10697"}],"wp:featuredmedia":[{"embeddable":true,"href":"https:\/\/hannacosmetica.com\/fr\/wp-json\/wp\/v2\/media\/10462"}],"wp:attachment":[{"href":"https:\/\/hannacosmetica.com\/fr\/wp-json\/wp\/v2\/media?parent=10687"}],"wp:term":[{"taxonomy":"product_cat","embeddable":true,"href":"https:\/\/hannacosmetica.com\/fr\/wp-json\/wp\/v2\/product_cat?post=10687"},{"taxonomy":"product_tag","embeddable":true,"href":"https:\/\/hannacosmetica.com\/fr\/wp-json\/wp\/v2\/product_tag?post=10687"}],"curies":[{"name":"wp","href":"https:\/\/api.w.org\/{rel}","templated":true}]}}