{"id":10319,"date":"2022-11-24T10:36:25","date_gmt":"2022-11-24T10:36:25","guid":{"rendered":"https:\/\/hannacosmetica.com\/?post_type=product&#038;p=10319"},"modified":"2023-08-22T15:34:29","modified_gmt":"2023-08-22T15:34:29","slug":"pegatinas-5d-de-navidad-para-decoracion-de-unas","status":"publish","type":"product","link":"https:\/\/hannacosmetica.com\/fr\/tienda\/manicura\/decoracion\/pegatinas-5d-de-navidad-para-decoracion-de-unas\/","title":{"rendered":"Pegatinas 5D de Navidad Para Decoraci\u00f3n De U\u00f1as"},"content":{"rendered":"<ul class=\"a-unordered-list a-vertical a-spacing-mini\">\n<li><span class=\"a-list-item\">\u3010Navidad\u3011Contiene una variedad de im\u00e1genes cl\u00e1sicas de estilo navide\u00f1o: \u00e1rboles de Navidad, copos de nieve, medias, campanas, mu\u00f1ecos de nieve, renos, velas, estrellas, flores, ping\u00fcinos, querubines, Pap\u00e1 Noel, etc.<\/span><\/li>\n<li><span class=\"a-list-item\">\u3010Mejor aspecto\u3011 1 hoja de pegatinas de u\u00f1as de diferentes estilos navide\u00f1os. El est\u00e9reo 5D es m\u00e1s realista, el pegamento es fuerte y es una opci\u00f3n de alta calidad.<\/span><\/li>\n<li><span class=\"a-list-item\">\u3010Material seguro\u3011 Las pegatinas para u\u00f1as est\u00e1n hechas de PVC y tinta, que son inofensivas, no t\u00f3xicas y no alerg\u00e9nicas. La superficie 3D es lisa, el pegamento es fuerte y de buena calidad.<\/span><\/li>\n<li><span class=\"a-list-item\">\u3010AMPLIAMENTE UTILIZADO. Tambi\u00e9n es adecuado para decorar tel\u00e9fonos m\u00f3viles, marcos de fotos, invitaciones, \u00e1lbumes de recortes, fundas de tel\u00e9fonos, bolsos, fotos, etc. Se puede utilizar en cualquier escena que requiera bricolaje.<\/span><\/li>\n<\/ul>","protected":false},"excerpt":{"rendered":"<p>\u3010Navidad\u3011Contiene una variedad de im\u00e1genes cl\u00e1sicas de estilo navide\u00f1o: \u00e1rboles de Navidad, copos de nieve, medias, campanas, mu\u00f1ecos de nieve, renos, velas,&hellip;<\/p>","protected":false},"featured_media":10136,"comment_status":"open","ping_status":"closed","template":"","meta":[],"product_cat":[82,98],"product_tag":[],"yoast_head":"<!-- This site is optimized with the Yoast SEO plugin v19.9 - https:\/\/yoast.com\/wordpress\/plugins\/seo\/ -->\n<title>Pegatinas 5D de Navidad Para Decoraci\u00f3n De U\u00f1as - Hanna Cosm\u00e9tica<\/title>\n<meta name=\"robots\" content=\"index, follow, max-snippet:-1, max-image-preview:large, max-video-preview:-1\" \/>\n<link rel=\"canonical\" href=\"https:\/\/hannacosmetica.com\/fr\/tienda\/manicura\/decoracion\/pegatinas-5d-de-navidad-para-decoracion-de-unas\/\" \/>\n<meta property=\"og:locale\" content=\"fr_FR\" \/>\n<meta property=\"og:type\" content=\"article\" \/>\n<meta property=\"og:title\" content=\"Pegatinas 5D de Navidad Para Decoraci\u00f3n De U\u00f1as - Hanna Cosm\u00e9tica\" \/>\n<meta property=\"og:description\" content=\"\u3010Navidad\u3011Contiene una variedad de im\u00e1genes cl\u00e1sicas de estilo navide\u00f1o: \u00e1rboles de Navidad, copos de nieve, medias, campanas, mu\u00f1ecos de nieve, renos, velas,&hellip;\" \/>\n<meta property=\"og:url\" content=\"https:\/\/hannacosmetica.com\/fr\/tienda\/manicura\/decoracion\/pegatinas-5d-de-navidad-para-decoracion-de-unas\/\" \/>\n<meta property=\"og:site_name\" content=\"Hanna Cosm\u00e9tica\" \/>\n<meta property=\"article:modified_time\" content=\"2023-08-22T15:34:29+00:00\" \/>\n<meta property=\"og:image\" content=\"https:\/\/hannacosmetica.com\/wp-content\/uploads\/2022\/11\/o\u00a1rta-tips-2022-11-22T185452.605-1520x1520.png\" \/>\n\t<meta property=\"og:image:width\" content=\"1520\" \/>\n\t<meta property=\"og:image:height\" content=\"1520\" \/>\n\t<meta property=\"og:image:type\" content=\"image\/png\" \/>\n<meta name=\"twitter:card\" content=\"summary_large_image\" \/>\n<script type=\"application\/ld+json\" class=\"yoast-schema-graph\">{\"@context\":\"https:\/\/schema.org\",\"@graph\":[{\"@type\":\"WebPage\",\"@id\":\"https:\/\/hannacosmetica.com\/tienda\/manicura\/decoracion\/pegatinas-5d-de-navidad-para-decoracion-de-unas\/\",\"url\":\"https:\/\/hannacosmetica.com\/tienda\/manicura\/decoracion\/pegatinas-5d-de-navidad-para-decoracion-de-unas\/\",\"name\":\"Pegatinas 5D de Navidad Para Decoraci\u00f3n De U\u00f1as - Hanna Cosm\u00e9tica\",\"isPartOf\":{\"@id\":\"https:\/\/hannacosmetica.com\/#website\"},\"datePublished\":\"2022-11-24T10:36:25+00:00\",\"dateModified\":\"2023-08-22T15:34:29+00:00\",\"breadcrumb\":{\"@id\":\"https:\/\/hannacosmetica.com\/tienda\/manicura\/decoracion\/pegatinas-5d-de-navidad-para-decoracion-de-unas\/#breadcrumb\"},\"inLanguage\":\"fr-FR\",\"potentialAction\":[{\"@type\":\"ReadAction\",\"target\":[\"https:\/\/hannacosmetica.com\/tienda\/manicura\/decoracion\/pegatinas-5d-de-navidad-para-decoracion-de-unas\/\"]}]},{\"@type\":\"BreadcrumbList\",\"@id\":\"https:\/\/hannacosmetica.com\/tienda\/manicura\/decoracion\/pegatinas-5d-de-navidad-para-decoracion-de-unas\/#breadcrumb\",\"itemListElement\":[{\"@type\":\"ListItem\",\"position\":1,\"name\":\"Portada\",\"item\":\"https:\/\/hannacosmetica.com\/\"},{\"@type\":\"ListItem\",\"position\":2,\"name\":\"Tienda\",\"item\":\"https:\/\/hannacosmetica.com\/shop\/\"},{\"@type\":\"ListItem\",\"position\":3,\"name\":\"Pegatinas 5D de Navidad Para Decoraci\u00f3n De U\u00f1as\"}]},{\"@type\":\"WebSite\",\"@id\":\"https:\/\/hannacosmetica.com\/#website\",\"url\":\"https:\/\/hannacosmetica.com\/\",\"name\":\"Hanna Cosm\u00e9tica\",\"description\":\"Tienda de productos u\u00f1as, bellezas y peluquer\u00edas\",\"publisher\":{\"@id\":\"https:\/\/hannacosmetica.com\/#organization\"},\"potentialAction\":[{\"@type\":\"SearchAction\",\"target\":{\"@type\":\"EntryPoint\",\"urlTemplate\":\"https:\/\/hannacosmetica.com\/?s={search_term_string}\"},\"query-input\":\"required name=search_term_string\"}],\"inLanguage\":\"fr-FR\"},{\"@type\":\"Organization\",\"@id\":\"https:\/\/hannacosmetica.com\/#organization\",\"name\":\"Hanna Cosm\u00e9tica\",\"url\":\"https:\/\/hannacosmetica.com\/\",\"logo\":{\"@type\":\"ImageObject\",\"inLanguage\":\"fr-FR\",\"@id\":\"https:\/\/hannacosmetica.com\/#\/schema\/logo\/image\/\",\"url\":\"https:\/\/hannacosmetica.com\/wp-content\/uploads\/2022\/07\/Logo-Joyeria-Femenino-Floral-Negro.png\",\"contentUrl\":\"https:\/\/hannacosmetica.com\/wp-content\/uploads\/2022\/07\/Logo-Joyeria-Femenino-Floral-Negro.png\",\"width\":361,\"height\":126,\"caption\":\"Hanna Cosm\u00e9tica\"},\"image\":{\"@id\":\"https:\/\/hannacosmetica.com\/#\/schema\/logo\/image\/\"}}]}<\/script>\n<!-- \/ Yoast SEO plugin. -->","yoast_head_json":{"title":"Pegatinas 5D de Navidad Para Decoraci\u00f3n De U\u00f1as - Hanna Cosm\u00e9tica","robots":{"index":"index","follow":"follow","max-snippet":"max-snippet:-1","max-image-preview":"max-image-preview:large","max-video-preview":"max-video-preview:-1"},"canonical":"https:\/\/hannacosmetica.com\/fr\/tienda\/manicura\/decoracion\/pegatinas-5d-de-navidad-para-decoracion-de-unas\/","og_locale":"fr_FR","og_type":"article","og_title":"Pegatinas 5D de Navidad Para Decoraci\u00f3n De U\u00f1as - Hanna Cosm\u00e9tica","og_description":"\u3010Navidad\u3011Contiene una variedad de im\u00e1genes cl\u00e1sicas de estilo navide\u00f1o: \u00e1rboles de Navidad, copos de nieve, medias, campanas, mu\u00f1ecos de nieve, renos, velas,&hellip;","og_url":"https:\/\/hannacosmetica.com\/fr\/tienda\/manicura\/decoracion\/pegatinas-5d-de-navidad-para-decoracion-de-unas\/","og_site_name":"Hanna Cosm\u00e9tica","article_modified_time":"2023-08-22T15:34:29+00:00","og_image":[{"width":1520,"height":1520,"url":"https:\/\/hannacosmetica.com\/wp-content\/uploads\/2022\/11\/o\u00a1rta-tips-2022-11-22T185452.605-1520x1520.png","type":"image\/png"}],"twitter_card":"summary_large_image","schema":{"@context":"https:\/\/schema.org","@graph":[{"@type":"WebPage","@id":"https:\/\/hannacosmetica.com\/tienda\/manicura\/decoracion\/pegatinas-5d-de-navidad-para-decoracion-de-unas\/","url":"https:\/\/hannacosmetica.com\/tienda\/manicura\/decoracion\/pegatinas-5d-de-navidad-para-decoracion-de-unas\/","name":"Pegatinas 5D de Navidad Para Decoraci\u00f3n De U\u00f1as - Hanna Cosm\u00e9tica","isPartOf":{"@id":"https:\/\/hannacosmetica.com\/#website"},"datePublished":"2022-11-24T10:36:25+00:00","dateModified":"2023-08-22T15:34:29+00:00","breadcrumb":{"@id":"https:\/\/hannacosmetica.com\/tienda\/manicura\/decoracion\/pegatinas-5d-de-navidad-para-decoracion-de-unas\/#breadcrumb"},"inLanguage":"fr-FR","potentialAction":[{"@type":"ReadAction","target":["https:\/\/hannacosmetica.com\/tienda\/manicura\/decoracion\/pegatinas-5d-de-navidad-para-decoracion-de-unas\/"]}]},{"@type":"BreadcrumbList","@id":"https:\/\/hannacosmetica.com\/tienda\/manicura\/decoracion\/pegatinas-5d-de-navidad-para-decoracion-de-unas\/#breadcrumb","itemListElement":[{"@type":"ListItem","position":1,"name":"Portada","item":"https:\/\/hannacosmetica.com\/"},{"@type":"ListItem","position":2,"name":"Tienda","item":"https:\/\/hannacosmetica.com\/shop\/"},{"@type":"ListItem","position":3,"name":"Pegatinas 5D de Navidad Para Decoraci\u00f3n De U\u00f1as"}]},{"@type":"WebSite","@id":"https:\/\/hannacosmetica.com\/#website","url":"https:\/\/hannacosmetica.com\/","name":"Hanna Cosm\u00e9tica","description":"Tienda de productos u\u00f1as, bellezas y peluquer\u00edas","publisher":{"@id":"https:\/\/hannacosmetica.com\/#organization"},"potentialAction":[{"@type":"SearchAction","target":{"@type":"EntryPoint","urlTemplate":"https:\/\/hannacosmetica.com\/?s={search_term_string}"},"query-input":"required name=search_term_string"}],"inLanguage":"fr-FR"},{"@type":"Organization","@id":"https:\/\/hannacosmetica.com\/#organization","name":"Hanna Cosm\u00e9tica","url":"https:\/\/hannacosmetica.com\/","logo":{"@type":"ImageObject","inLanguage":"fr-FR","@id":"https:\/\/hannacosmetica.com\/#\/schema\/logo\/image\/","url":"https:\/\/hannacosmetica.com\/wp-content\/uploads\/2022\/07\/Logo-Joyeria-Femenino-Floral-Negro.png","contentUrl":"https:\/\/hannacosmetica.com\/wp-content\/uploads\/2022\/07\/Logo-Joyeria-Femenino-Floral-Negro.png","width":361,"height":126,"caption":"Hanna Cosm\u00e9tica"},"image":{"@id":"https:\/\/hannacosmetica.com\/#\/schema\/logo\/image\/"}}]}},"_links":{"self":[{"href":"https:\/\/hannacosmetica.com\/fr\/wp-json\/wp\/v2\/product\/10319"}],"collection":[{"href":"https:\/\/hannacosmetica.com\/fr\/wp-json\/wp\/v2\/product"}],"about":[{"href":"https:\/\/hannacosmetica.com\/fr\/wp-json\/wp\/v2\/types\/product"}],"replies":[{"embeddable":true,"href":"https:\/\/hannacosmetica.com\/fr\/wp-json\/wp\/v2\/comments?post=10319"}],"version-history":[{"count":2,"href":"https:\/\/hannacosmetica.com\/fr\/wp-json\/wp\/v2\/product\/10319\/revisions"}],"predecessor-version":[{"id":10325,"href":"https:\/\/hannacosmetica.com\/fr\/wp-json\/wp\/v2\/product\/10319\/revisions\/10325"}],"wp:featuredmedia":[{"embeddable":true,"href":"https:\/\/hannacosmetica.com\/fr\/wp-json\/wp\/v2\/media\/10136"}],"wp:attachment":[{"href":"https:\/\/hannacosmetica.com\/fr\/wp-json\/wp\/v2\/media?parent=10319"}],"wp:term":[{"taxonomy":"product_cat","embeddable":true,"href":"https:\/\/hannacosmetica.com\/fr\/wp-json\/wp\/v2\/product_cat?post=10319"},{"taxonomy":"product_tag","embeddable":true,"href":"https:\/\/hannacosmetica.com\/fr\/wp-json\/wp\/v2\/product_tag?post=10319"}],"curies":[{"name":"wp","href":"https:\/\/api.w.org\/{rel}","templated":true}]}}