{"id":10286,"date":"2022-11-23T16:40:54","date_gmt":"2022-11-23T16:40:54","guid":{"rendered":"https:\/\/hannacosmetica.com\/?post_type=product&#038;p=10286"},"modified":"2023-08-22T15:38:35","modified_gmt":"2023-08-22T15:38:35","slug":"caja-organizadora-organizador-para-unas-2","status":"publish","type":"product","link":"https:\/\/hannacosmetica.com\/fr\/tienda\/manicura\/organizador\/caja-organizadora-organizador-para-unas-2\/","title":{"rendered":"Caja Organizadora\/Organizador Para U\u00f1as"},"content":{"rendered":"<ul class=\"a-unordered-list a-vertical a-spacing-mini\">\n<li><span class=\"a-list-item\">\u3010MATERIAL DURADERO\u3011 La caja de almacenamiento se utiliza para almacenar una variedad de decoraciones para u\u00f1as, adopta un dise\u00f1o m\u00f3vil y est\u00e1 hecha de pl\u00e1stico de alta calidad, duradero. Suave y f\u00e1cil de limpiar.<\/span><\/li>\n<li><span class=\"a-list-item\">\u3010DISE\u00d1O INDEPENDIENTE\u3011 Construido en 33\u00a0 piezas de bloques peque\u00f1os en la caja de almacenamiento, puede almacenar muchas u\u00f1as postizas.Perfecto para almacenar una variedad de decoraciones de u\u00f1as, como gemas, cuentas, diamantes de imitaci\u00f3n y otros.<\/span><\/li>\n<li><span class=\"a-list-item\">\u3010MANTENGA ORDENADO\u3011 \u00bfLe preocupan las demasiadas u\u00f1as que se rayan o desordenan afuera? Nuestra caja de almacenamiento de puntas para u\u00f1as puede mantener diferentes decoraciones de u\u00f1as ordenadas y separadas.<\/span><\/li>\n<\/ul>","protected":false},"excerpt":{"rendered":"<p>\u3010MATERIAL DURADERO\u3011 La caja de almacenamiento se utiliza para almacenar una variedad de decoraciones para u\u00f1as, adopta un dise\u00f1o m\u00f3vil y est\u00e1&hellip;<\/p>","protected":false},"featured_media":10090,"comment_status":"open","ping_status":"closed","template":"","meta":[],"product_cat":[132,82],"product_tag":[],"yoast_head":"<!-- This site is optimized with the Yoast SEO plugin v19.9 - https:\/\/yoast.com\/wordpress\/plugins\/seo\/ -->\n<title>Caja Organizadora\/Organizador Para U\u00f1as - Hanna Cosm\u00e9tica<\/title>\n<meta name=\"robots\" content=\"index, follow, max-snippet:-1, max-image-preview:large, max-video-preview:-1\" \/>\n<link rel=\"canonical\" href=\"https:\/\/hannacosmetica.com\/fr\/tienda\/manicura\/organizador\/caja-organizadora-organizador-para-unas-2\/\" \/>\n<meta property=\"og:locale\" content=\"fr_FR\" \/>\n<meta property=\"og:type\" content=\"article\" \/>\n<meta property=\"og:title\" content=\"Caja Organizadora\/Organizador Para U\u00f1as - Hanna Cosm\u00e9tica\" \/>\n<meta property=\"og:description\" content=\"\u3010MATERIAL DURADERO\u3011 La caja de almacenamiento se utiliza para almacenar una variedad de decoraciones para u\u00f1as, adopta un dise\u00f1o m\u00f3vil y est\u00e1&hellip;\" \/>\n<meta property=\"og:url\" content=\"https:\/\/hannacosmetica.com\/fr\/tienda\/manicura\/organizador\/caja-organizadora-organizador-para-unas-2\/\" \/>\n<meta property=\"og:site_name\" content=\"Hanna Cosm\u00e9tica\" \/>\n<meta property=\"article:modified_time\" content=\"2023-08-22T15:38:35+00:00\" \/>\n<meta property=\"og:image\" content=\"https:\/\/hannacosmetica.com\/wp-content\/uploads\/2022\/11\/o\u00a1rta-tips-2022-11-22T175024.067-1520x1520.png\" \/>\n\t<meta property=\"og:image:width\" content=\"1520\" \/>\n\t<meta property=\"og:image:height\" content=\"1520\" \/>\n\t<meta property=\"og:image:type\" content=\"image\/png\" \/>\n<meta name=\"twitter:card\" content=\"summary_large_image\" \/>\n<script type=\"application\/ld+json\" class=\"yoast-schema-graph\">{\"@context\":\"https:\/\/schema.org\",\"@graph\":[{\"@type\":\"WebPage\",\"@id\":\"https:\/\/hannacosmetica.com\/tienda\/manicura\/organizador\/caja-organizadora-organizador-para-unas-2\/\",\"url\":\"https:\/\/hannacosmetica.com\/tienda\/manicura\/organizador\/caja-organizadora-organizador-para-unas-2\/\",\"name\":\"Caja Organizadora\/Organizador Para U\u00f1as - Hanna Cosm\u00e9tica\",\"isPartOf\":{\"@id\":\"https:\/\/hannacosmetica.com\/#website\"},\"datePublished\":\"2022-11-23T16:40:54+00:00\",\"dateModified\":\"2023-08-22T15:38:35+00:00\",\"breadcrumb\":{\"@id\":\"https:\/\/hannacosmetica.com\/tienda\/manicura\/organizador\/caja-organizadora-organizador-para-unas-2\/#breadcrumb\"},\"inLanguage\":\"fr-FR\",\"potentialAction\":[{\"@type\":\"ReadAction\",\"target\":[\"https:\/\/hannacosmetica.com\/tienda\/manicura\/organizador\/caja-organizadora-organizador-para-unas-2\/\"]}]},{\"@type\":\"BreadcrumbList\",\"@id\":\"https:\/\/hannacosmetica.com\/tienda\/manicura\/organizador\/caja-organizadora-organizador-para-unas-2\/#breadcrumb\",\"itemListElement\":[{\"@type\":\"ListItem\",\"position\":1,\"name\":\"Portada\",\"item\":\"https:\/\/hannacosmetica.com\/\"},{\"@type\":\"ListItem\",\"position\":2,\"name\":\"Tienda\",\"item\":\"https:\/\/hannacosmetica.com\/shop\/\"},{\"@type\":\"ListItem\",\"position\":3,\"name\":\"Caja Organizadora\/Organizador Para U\u00f1as\"}]},{\"@type\":\"WebSite\",\"@id\":\"https:\/\/hannacosmetica.com\/#website\",\"url\":\"https:\/\/hannacosmetica.com\/\",\"name\":\"Hanna Cosm\u00e9tica\",\"description\":\"Tienda de productos u\u00f1as, bellezas y peluquer\u00edas\",\"publisher\":{\"@id\":\"https:\/\/hannacosmetica.com\/#organization\"},\"potentialAction\":[{\"@type\":\"SearchAction\",\"target\":{\"@type\":\"EntryPoint\",\"urlTemplate\":\"https:\/\/hannacosmetica.com\/?s={search_term_string}\"},\"query-input\":\"required name=search_term_string\"}],\"inLanguage\":\"fr-FR\"},{\"@type\":\"Organization\",\"@id\":\"https:\/\/hannacosmetica.com\/#organization\",\"name\":\"Hanna Cosm\u00e9tica\",\"url\":\"https:\/\/hannacosmetica.com\/\",\"logo\":{\"@type\":\"ImageObject\",\"inLanguage\":\"fr-FR\",\"@id\":\"https:\/\/hannacosmetica.com\/#\/schema\/logo\/image\/\",\"url\":\"https:\/\/hannacosmetica.com\/wp-content\/uploads\/2022\/07\/Logo-Joyeria-Femenino-Floral-Negro.png\",\"contentUrl\":\"https:\/\/hannacosmetica.com\/wp-content\/uploads\/2022\/07\/Logo-Joyeria-Femenino-Floral-Negro.png\",\"width\":361,\"height\":126,\"caption\":\"Hanna Cosm\u00e9tica\"},\"image\":{\"@id\":\"https:\/\/hannacosmetica.com\/#\/schema\/logo\/image\/\"}}]}<\/script>\n<!-- \/ Yoast SEO plugin. -->","yoast_head_json":{"title":"Caja Organizadora\/Organizador Para U\u00f1as - Hanna Cosm\u00e9tica","robots":{"index":"index","follow":"follow","max-snippet":"max-snippet:-1","max-image-preview":"max-image-preview:large","max-video-preview":"max-video-preview:-1"},"canonical":"https:\/\/hannacosmetica.com\/fr\/tienda\/manicura\/organizador\/caja-organizadora-organizador-para-unas-2\/","og_locale":"fr_FR","og_type":"article","og_title":"Caja Organizadora\/Organizador Para U\u00f1as - Hanna Cosm\u00e9tica","og_description":"\u3010MATERIAL DURADERO\u3011 La caja de almacenamiento se utiliza para almacenar una variedad de decoraciones para u\u00f1as, adopta un dise\u00f1o m\u00f3vil y est\u00e1&hellip;","og_url":"https:\/\/hannacosmetica.com\/fr\/tienda\/manicura\/organizador\/caja-organizadora-organizador-para-unas-2\/","og_site_name":"Hanna Cosm\u00e9tica","article_modified_time":"2023-08-22T15:38:35+00:00","og_image":[{"width":1520,"height":1520,"url":"https:\/\/hannacosmetica.com\/wp-content\/uploads\/2022\/11\/o\u00a1rta-tips-2022-11-22T175024.067-1520x1520.png","type":"image\/png"}],"twitter_card":"summary_large_image","schema":{"@context":"https:\/\/schema.org","@graph":[{"@type":"WebPage","@id":"https:\/\/hannacosmetica.com\/tienda\/manicura\/organizador\/caja-organizadora-organizador-para-unas-2\/","url":"https:\/\/hannacosmetica.com\/tienda\/manicura\/organizador\/caja-organizadora-organizador-para-unas-2\/","name":"Caja Organizadora\/Organizador Para U\u00f1as - Hanna Cosm\u00e9tica","isPartOf":{"@id":"https:\/\/hannacosmetica.com\/#website"},"datePublished":"2022-11-23T16:40:54+00:00","dateModified":"2023-08-22T15:38:35+00:00","breadcrumb":{"@id":"https:\/\/hannacosmetica.com\/tienda\/manicura\/organizador\/caja-organizadora-organizador-para-unas-2\/#breadcrumb"},"inLanguage":"fr-FR","potentialAction":[{"@type":"ReadAction","target":["https:\/\/hannacosmetica.com\/tienda\/manicura\/organizador\/caja-organizadora-organizador-para-unas-2\/"]}]},{"@type":"BreadcrumbList","@id":"https:\/\/hannacosmetica.com\/tienda\/manicura\/organizador\/caja-organizadora-organizador-para-unas-2\/#breadcrumb","itemListElement":[{"@type":"ListItem","position":1,"name":"Portada","item":"https:\/\/hannacosmetica.com\/"},{"@type":"ListItem","position":2,"name":"Tienda","item":"https:\/\/hannacosmetica.com\/shop\/"},{"@type":"ListItem","position":3,"name":"Caja Organizadora\/Organizador Para U\u00f1as"}]},{"@type":"WebSite","@id":"https:\/\/hannacosmetica.com\/#website","url":"https:\/\/hannacosmetica.com\/","name":"Hanna Cosm\u00e9tica","description":"Tienda de productos u\u00f1as, bellezas y peluquer\u00edas","publisher":{"@id":"https:\/\/hannacosmetica.com\/#organization"},"potentialAction":[{"@type":"SearchAction","target":{"@type":"EntryPoint","urlTemplate":"https:\/\/hannacosmetica.com\/?s={search_term_string}"},"query-input":"required name=search_term_string"}],"inLanguage":"fr-FR"},{"@type":"Organization","@id":"https:\/\/hannacosmetica.com\/#organization","name":"Hanna Cosm\u00e9tica","url":"https:\/\/hannacosmetica.com\/","logo":{"@type":"ImageObject","inLanguage":"fr-FR","@id":"https:\/\/hannacosmetica.com\/#\/schema\/logo\/image\/","url":"https:\/\/hannacosmetica.com\/wp-content\/uploads\/2022\/07\/Logo-Joyeria-Femenino-Floral-Negro.png","contentUrl":"https:\/\/hannacosmetica.com\/wp-content\/uploads\/2022\/07\/Logo-Joyeria-Femenino-Floral-Negro.png","width":361,"height":126,"caption":"Hanna Cosm\u00e9tica"},"image":{"@id":"https:\/\/hannacosmetica.com\/#\/schema\/logo\/image\/"}}]}},"_links":{"self":[{"href":"https:\/\/hannacosmetica.com\/fr\/wp-json\/wp\/v2\/product\/10286"}],"collection":[{"href":"https:\/\/hannacosmetica.com\/fr\/wp-json\/wp\/v2\/product"}],"about":[{"href":"https:\/\/hannacosmetica.com\/fr\/wp-json\/wp\/v2\/types\/product"}],"replies":[{"embeddable":true,"href":"https:\/\/hannacosmetica.com\/fr\/wp-json\/wp\/v2\/comments?post=10286"}],"version-history":[{"count":1,"href":"https:\/\/hannacosmetica.com\/fr\/wp-json\/wp\/v2\/product\/10286\/revisions"}],"predecessor-version":[{"id":10287,"href":"https:\/\/hannacosmetica.com\/fr\/wp-json\/wp\/v2\/product\/10286\/revisions\/10287"}],"wp:featuredmedia":[{"embeddable":true,"href":"https:\/\/hannacosmetica.com\/fr\/wp-json\/wp\/v2\/media\/10090"}],"wp:attachment":[{"href":"https:\/\/hannacosmetica.com\/fr\/wp-json\/wp\/v2\/media?parent=10286"}],"wp:term":[{"taxonomy":"product_cat","embeddable":true,"href":"https:\/\/hannacosmetica.com\/fr\/wp-json\/wp\/v2\/product_cat?post=10286"},{"taxonomy":"product_tag","embeddable":true,"href":"https:\/\/hannacosmetica.com\/fr\/wp-json\/wp\/v2\/product_tag?post=10286"}],"curies":[{"name":"wp","href":"https:\/\/api.w.org\/{rel}","templated":true}]}}