{"id":10270,"date":"2022-11-23T16:10:21","date_gmt":"2022-11-23T16:10:21","guid":{"rendered":"https:\/\/hannacosmetica.com\/?post_type=product&#038;p=10270"},"modified":"2023-08-22T15:40:27","modified_gmt":"2023-08-22T15:40:27","slug":"foil-transfer-para-unas-pegatinas-de-foil-para-decoracion-de-unas-4","status":"publish","type":"product","link":"https:\/\/hannacosmetica.com\/fr\/tienda\/manicura\/decoracion\/foil-transfer-para-unas-pegatinas-de-foil-para-decoracion-de-unas-4\/","title":{"rendered":"10 Rollo Foil Transfer Para U\u00f1as \/ Pegatinas de Foil Para Decoraci\u00f3n de  U\u00f1as"},"content":{"rendered":"<ul>\n<li><span class=\"a-list-item\">El paquete incluye: el paquete contiene una mezcla de 10 hojas de pegatinas de papel para u\u00f1as de diferentes dise\u00f1os.<\/span><\/li>\n<li><span class=\"a-list-item\">Material seguro: las pegatinas de papel de aluminio para u\u00f1as est\u00e1n hechas de material no t\u00f3xico, seguro de usar y no da\u00f1an las u\u00f1as. Esta serie de pegatinas de transferencia de papel de aluminio para u\u00f1as con materiales ambientales son adecuadas para mujeres embarazadas o ni\u00f1os y para la mayor\u00eda de los tipos de piel. Con el m\u00e9todo apropiado, puedes conseguir tus encantadoras u\u00f1as en casa.<\/span><\/li>\n<li><span class=\"a-list-item\">Efecto encantador: las pegatinas de l\u00e1minas de u\u00f1as con l\u00e1ser te dar\u00e1n un efecto brillante y te dar\u00e1n una sensaci\u00f3n de brillo. Las pegatinas de papel de aluminio con estampado de flores y cielo estrellado le dar\u00e1n una sensaci\u00f3n de color y har\u00e1n que sus u\u00f1as se vean diferentes.<\/span><\/li>\n<li><span class=\"a-list-item\">F\u00e1cil de usar: despu\u00e9s de aplicar pegamento para u\u00f1as, presione la l\u00e1mina de u\u00f1as sobre la u\u00f1a y obtendr\u00e1 un hermoso dise\u00f1o de u\u00f1as en segundos. Las pegatinas de transferencia de l\u00e1mina de u\u00f1as se pueden utilizar para agentes de glaseado com\u00fan y agente de glaseado de gel UV. Los principiantes tambi\u00e9n pueden obtener un dise\u00f1o de u\u00f1as perfecto en minutos.<\/span><\/li>\n<li><span class=\"a-list-item\">Uso amplio: las l\u00e1minas para u\u00f1as crean el acabado perfecto de \u00abmetales mezclados\u00bb para cualquier color de esmalte. (El color llamativo debajo, como el gel de u\u00f1as de color negro u oscuro, ser\u00e1 mejor). Tambi\u00e9n puede usar pegatinas de l\u00e1minas para u\u00f1as para decorar su hogar, la carcasa del tel\u00e9fono celular , gafas, cartulina, body art, etc<\/span><\/li>\n<\/ul>","protected":false},"excerpt":{"rendered":"<p>El paquete incluye: el paquete contiene una mezcla de 10 hojas de pegatinas de papel para u\u00f1as de diferentes dise\u00f1os. Material seguro:&hellip;<\/p>","protected":false},"featured_media":10074,"comment_status":"open","ping_status":"closed","template":"","meta":[],"product_cat":[82,98],"product_tag":[],"yoast_head":"<!-- This site is optimized with the Yoast SEO plugin v19.9 - https:\/\/yoast.com\/wordpress\/plugins\/seo\/ -->\n<title>10 Rollo Foil Transfer Para U\u00f1as \/ Pegatinas de Foil Para Decoraci\u00f3n de U\u00f1as - Hanna Cosm\u00e9tica<\/title>\n<meta name=\"robots\" content=\"index, follow, max-snippet:-1, max-image-preview:large, max-video-preview:-1\" \/>\n<link rel=\"canonical\" href=\"https:\/\/hannacosmetica.com\/fr\/tienda\/manicura\/decoracion\/foil-transfer-para-unas-pegatinas-de-foil-para-decoracion-de-unas-4\/\" \/>\n<meta property=\"og:locale\" content=\"fr_FR\" \/>\n<meta property=\"og:type\" content=\"article\" \/>\n<meta property=\"og:title\" content=\"10 Rollo Foil Transfer Para U\u00f1as \/ Pegatinas de Foil Para Decoraci\u00f3n de U\u00f1as - Hanna Cosm\u00e9tica\" \/>\n<meta property=\"og:description\" content=\"El paquete incluye: el paquete contiene una mezcla de 10 hojas de pegatinas de papel para u\u00f1as de diferentes dise\u00f1os. Material seguro:&hellip;\" \/>\n<meta property=\"og:url\" content=\"https:\/\/hannacosmetica.com\/fr\/tienda\/manicura\/decoracion\/foil-transfer-para-unas-pegatinas-de-foil-para-decoracion-de-unas-4\/\" \/>\n<meta property=\"og:site_name\" content=\"Hanna Cosm\u00e9tica\" \/>\n<meta property=\"article:modified_time\" content=\"2023-08-22T15:40:27+00:00\" \/>\n<meta property=\"og:image\" content=\"https:\/\/hannacosmetica.com\/wp-content\/uploads\/2022\/11\/o\u00a1rta-tips-2022-11-22T172511.720-1520x1520.png\" \/>\n\t<meta property=\"og:image:width\" content=\"1520\" \/>\n\t<meta property=\"og:image:height\" content=\"1520\" \/>\n\t<meta property=\"og:image:type\" content=\"image\/png\" \/>\n<meta name=\"twitter:card\" content=\"summary_large_image\" \/>\n<script type=\"application\/ld+json\" class=\"yoast-schema-graph\">{\"@context\":\"https:\/\/schema.org\",\"@graph\":[{\"@type\":\"WebPage\",\"@id\":\"https:\/\/hannacosmetica.com\/tienda\/manicura\/decoracion\/foil-transfer-para-unas-pegatinas-de-foil-para-decoracion-de-unas-4\/\",\"url\":\"https:\/\/hannacosmetica.com\/tienda\/manicura\/decoracion\/foil-transfer-para-unas-pegatinas-de-foil-para-decoracion-de-unas-4\/\",\"name\":\"10 Rollo Foil Transfer Para U\u00f1as \/ Pegatinas de Foil Para Decoraci\u00f3n de U\u00f1as - Hanna Cosm\u00e9tica\",\"isPartOf\":{\"@id\":\"https:\/\/hannacosmetica.com\/#website\"},\"datePublished\":\"2022-11-23T16:10:21+00:00\",\"dateModified\":\"2023-08-22T15:40:27+00:00\",\"breadcrumb\":{\"@id\":\"https:\/\/hannacosmetica.com\/tienda\/manicura\/decoracion\/foil-transfer-para-unas-pegatinas-de-foil-para-decoracion-de-unas-4\/#breadcrumb\"},\"inLanguage\":\"fr-FR\",\"potentialAction\":[{\"@type\":\"ReadAction\",\"target\":[\"https:\/\/hannacosmetica.com\/tienda\/manicura\/decoracion\/foil-transfer-para-unas-pegatinas-de-foil-para-decoracion-de-unas-4\/\"]}]},{\"@type\":\"BreadcrumbList\",\"@id\":\"https:\/\/hannacosmetica.com\/tienda\/manicura\/decoracion\/foil-transfer-para-unas-pegatinas-de-foil-para-decoracion-de-unas-4\/#breadcrumb\",\"itemListElement\":[{\"@type\":\"ListItem\",\"position\":1,\"name\":\"Portada\",\"item\":\"https:\/\/hannacosmetica.com\/\"},{\"@type\":\"ListItem\",\"position\":2,\"name\":\"Tienda\",\"item\":\"https:\/\/hannacosmetica.com\/shop\/\"},{\"@type\":\"ListItem\",\"position\":3,\"name\":\"10 Rollo Foil Transfer Para U\u00f1as \/ Pegatinas de Foil Para Decoraci\u00f3n de U\u00f1as\"}]},{\"@type\":\"WebSite\",\"@id\":\"https:\/\/hannacosmetica.com\/#website\",\"url\":\"https:\/\/hannacosmetica.com\/\",\"name\":\"Hanna Cosm\u00e9tica\",\"description\":\"Tienda de productos u\u00f1as, bellezas y peluquer\u00edas\",\"publisher\":{\"@id\":\"https:\/\/hannacosmetica.com\/#organization\"},\"potentialAction\":[{\"@type\":\"SearchAction\",\"target\":{\"@type\":\"EntryPoint\",\"urlTemplate\":\"https:\/\/hannacosmetica.com\/?s={search_term_string}\"},\"query-input\":\"required name=search_term_string\"}],\"inLanguage\":\"fr-FR\"},{\"@type\":\"Organization\",\"@id\":\"https:\/\/hannacosmetica.com\/#organization\",\"name\":\"Hanna Cosm\u00e9tica\",\"url\":\"https:\/\/hannacosmetica.com\/\",\"logo\":{\"@type\":\"ImageObject\",\"inLanguage\":\"fr-FR\",\"@id\":\"https:\/\/hannacosmetica.com\/#\/schema\/logo\/image\/\",\"url\":\"https:\/\/hannacosmetica.com\/wp-content\/uploads\/2022\/07\/Logo-Joyeria-Femenino-Floral-Negro.png\",\"contentUrl\":\"https:\/\/hannacosmetica.com\/wp-content\/uploads\/2022\/07\/Logo-Joyeria-Femenino-Floral-Negro.png\",\"width\":361,\"height\":126,\"caption\":\"Hanna Cosm\u00e9tica\"},\"image\":{\"@id\":\"https:\/\/hannacosmetica.com\/#\/schema\/logo\/image\/\"}}]}<\/script>\n<!-- \/ Yoast SEO plugin. -->","yoast_head_json":{"title":"10 Rollo Foil Transfer Para U\u00f1as \/ Pegatinas de Foil Para Decoraci\u00f3n de U\u00f1as - Hanna Cosm\u00e9tica","robots":{"index":"index","follow":"follow","max-snippet":"max-snippet:-1","max-image-preview":"max-image-preview:large","max-video-preview":"max-video-preview:-1"},"canonical":"https:\/\/hannacosmetica.com\/fr\/tienda\/manicura\/decoracion\/foil-transfer-para-unas-pegatinas-de-foil-para-decoracion-de-unas-4\/","og_locale":"fr_FR","og_type":"article","og_title":"10 Rollo Foil Transfer Para U\u00f1as \/ Pegatinas de Foil Para Decoraci\u00f3n de U\u00f1as - Hanna Cosm\u00e9tica","og_description":"El paquete incluye: el paquete contiene una mezcla de 10 hojas de pegatinas de papel para u\u00f1as de diferentes dise\u00f1os. Material seguro:&hellip;","og_url":"https:\/\/hannacosmetica.com\/fr\/tienda\/manicura\/decoracion\/foil-transfer-para-unas-pegatinas-de-foil-para-decoracion-de-unas-4\/","og_site_name":"Hanna Cosm\u00e9tica","article_modified_time":"2023-08-22T15:40:27+00:00","og_image":[{"width":1520,"height":1520,"url":"https:\/\/hannacosmetica.com\/wp-content\/uploads\/2022\/11\/o\u00a1rta-tips-2022-11-22T172511.720-1520x1520.png","type":"image\/png"}],"twitter_card":"summary_large_image","schema":{"@context":"https:\/\/schema.org","@graph":[{"@type":"WebPage","@id":"https:\/\/hannacosmetica.com\/tienda\/manicura\/decoracion\/foil-transfer-para-unas-pegatinas-de-foil-para-decoracion-de-unas-4\/","url":"https:\/\/hannacosmetica.com\/tienda\/manicura\/decoracion\/foil-transfer-para-unas-pegatinas-de-foil-para-decoracion-de-unas-4\/","name":"10 Rollo Foil Transfer Para U\u00f1as \/ Pegatinas de Foil Para Decoraci\u00f3n de U\u00f1as - Hanna Cosm\u00e9tica","isPartOf":{"@id":"https:\/\/hannacosmetica.com\/#website"},"datePublished":"2022-11-23T16:10:21+00:00","dateModified":"2023-08-22T15:40:27+00:00","breadcrumb":{"@id":"https:\/\/hannacosmetica.com\/tienda\/manicura\/decoracion\/foil-transfer-para-unas-pegatinas-de-foil-para-decoracion-de-unas-4\/#breadcrumb"},"inLanguage":"fr-FR","potentialAction":[{"@type":"ReadAction","target":["https:\/\/hannacosmetica.com\/tienda\/manicura\/decoracion\/foil-transfer-para-unas-pegatinas-de-foil-para-decoracion-de-unas-4\/"]}]},{"@type":"BreadcrumbList","@id":"https:\/\/hannacosmetica.com\/tienda\/manicura\/decoracion\/foil-transfer-para-unas-pegatinas-de-foil-para-decoracion-de-unas-4\/#breadcrumb","itemListElement":[{"@type":"ListItem","position":1,"name":"Portada","item":"https:\/\/hannacosmetica.com\/"},{"@type":"ListItem","position":2,"name":"Tienda","item":"https:\/\/hannacosmetica.com\/shop\/"},{"@type":"ListItem","position":3,"name":"10 Rollo Foil Transfer Para U\u00f1as \/ Pegatinas de Foil Para Decoraci\u00f3n de U\u00f1as"}]},{"@type":"WebSite","@id":"https:\/\/hannacosmetica.com\/#website","url":"https:\/\/hannacosmetica.com\/","name":"Hanna Cosm\u00e9tica","description":"Tienda de productos u\u00f1as, bellezas y peluquer\u00edas","publisher":{"@id":"https:\/\/hannacosmetica.com\/#organization"},"potentialAction":[{"@type":"SearchAction","target":{"@type":"EntryPoint","urlTemplate":"https:\/\/hannacosmetica.com\/?s={search_term_string}"},"query-input":"required name=search_term_string"}],"inLanguage":"fr-FR"},{"@type":"Organization","@id":"https:\/\/hannacosmetica.com\/#organization","name":"Hanna Cosm\u00e9tica","url":"https:\/\/hannacosmetica.com\/","logo":{"@type":"ImageObject","inLanguage":"fr-FR","@id":"https:\/\/hannacosmetica.com\/#\/schema\/logo\/image\/","url":"https:\/\/hannacosmetica.com\/wp-content\/uploads\/2022\/07\/Logo-Joyeria-Femenino-Floral-Negro.png","contentUrl":"https:\/\/hannacosmetica.com\/wp-content\/uploads\/2022\/07\/Logo-Joyeria-Femenino-Floral-Negro.png","width":361,"height":126,"caption":"Hanna Cosm\u00e9tica"},"image":{"@id":"https:\/\/hannacosmetica.com\/#\/schema\/logo\/image\/"}}]}},"_links":{"self":[{"href":"https:\/\/hannacosmetica.com\/fr\/wp-json\/wp\/v2\/product\/10270"}],"collection":[{"href":"https:\/\/hannacosmetica.com\/fr\/wp-json\/wp\/v2\/product"}],"about":[{"href":"https:\/\/hannacosmetica.com\/fr\/wp-json\/wp\/v2\/types\/product"}],"replies":[{"embeddable":true,"href":"https:\/\/hannacosmetica.com\/fr\/wp-json\/wp\/v2\/comments?post=10270"}],"version-history":[{"count":2,"href":"https:\/\/hannacosmetica.com\/fr\/wp-json\/wp\/v2\/product\/10270\/revisions"}],"predecessor-version":[{"id":10587,"href":"https:\/\/hannacosmetica.com\/fr\/wp-json\/wp\/v2\/product\/10270\/revisions\/10587"}],"wp:featuredmedia":[{"embeddable":true,"href":"https:\/\/hannacosmetica.com\/fr\/wp-json\/wp\/v2\/media\/10074"}],"wp:attachment":[{"href":"https:\/\/hannacosmetica.com\/fr\/wp-json\/wp\/v2\/media?parent=10270"}],"wp:term":[{"taxonomy":"product_cat","embeddable":true,"href":"https:\/\/hannacosmetica.com\/fr\/wp-json\/wp\/v2\/product_cat?post=10270"},{"taxonomy":"product_tag","embeddable":true,"href":"https:\/\/hannacosmetica.com\/fr\/wp-json\/wp\/v2\/product_tag?post=10270"}],"curies":[{"name":"wp","href":"https:\/\/api.w.org\/{rel}","templated":true}]}}