{"id":10238,"date":"2022-11-23T14:40:04","date_gmt":"2022-11-23T14:40:04","guid":{"rendered":"https:\/\/hannacosmetica.com\/?post_type=product&#038;p=10238"},"modified":"2023-08-22T16:05:15","modified_gmt":"2023-08-22T16:05:15","slug":"botella-dispensadora-dispensador-botella-quitaesmalte-3","status":"publish","type":"product","link":"https:\/\/hannacosmetica.com\/fr\/tienda\/manicura\/vasito-y-dispensador\/botella-dispensadora-dispensador-botella-quitaesmalte-3\/","title":{"rendered":"Botella Dispensadora\/ Dispensador\/ Botella Quitaesmalte"},"content":{"rendered":"<ul class=\"a-unordered-list a-vertical a-spacing-mini\">\n<li><span class=\"a-list-item\">Botella dispensadora de bomba: la botella recargable para maquillaje est\u00e1 hecha de material PETG transparente, en comparaci\u00f3n con el pl\u00e1stico com\u00fan, el material PETG es m\u00e1s transparente y duradero.<\/span><\/li>\n<li><span class=\"a-list-item\">Gran abertura para llenar f\u00e1cilmente: esta botella recargable de maquillaje es de gran abertura, f\u00e1cil de llenar; Adecuado para alcohol, quitaesmalte, desmaquillante, alcohol t\u00f3pico y aceite de baja densidad, etc(No utilizar para almacenar acetona).<\/span><\/li>\n<li><span class=\"a-list-item\">Dise\u00f1o sin bomba de fugas: dispensador desmaquillante transparente y resistente con resorte de alta presi\u00f3n, f\u00e1cil de presionar y guardar cosm\u00e9ticos. Empuje hacia abajo la bomba y el l\u00edquido saldr\u00e1 a la superficie al instante.<\/span><\/li>\n<li><span class=\"a-list-item\">Capacidad port\u00e1til: esta botella dispensadora de bomba removedora de u\u00f1as es de 100 ml \/ 3.4 oz, ligera y f\u00e1cil de transportar, ideal para viajes, viajes de negocios y vacaciones.<\/span><\/li>\n<li><span class=\"a-list-item\">Uso de variedades: la botella de golpe puede ajustar la cantidad de l\u00edquido, perfecto para dispensar l\u00edquidos en bolas de algod\u00f3n, almohadillas de algod\u00f3n, hisopos, cepillos y toallas para u\u00f1as. Adecuado para uso personal y uso profesional de sal\u00f3n.<\/span><\/li>\n<\/ul>","protected":false},"excerpt":{"rendered":"<p>Botella dispensadora de bomba: la botella recargable para maquillaje est\u00e1 hecha de material PETG transparente, en comparaci\u00f3n con el pl\u00e1stico com\u00fan, el&hellip;<\/p>","protected":false},"featured_media":10060,"comment_status":"open","ping_status":"closed","template":"","meta":[],"product_cat":[145,82],"product_tag":[],"yoast_head":"<!-- This site is optimized with the Yoast SEO plugin v19.9 - https:\/\/yoast.com\/wordpress\/plugins\/seo\/ -->\n<title>Botella Dispensadora\/ Dispensador\/ Botella Quitaesmalte - Hanna Cosm\u00e9tica<\/title>\n<meta name=\"robots\" content=\"index, follow, max-snippet:-1, max-image-preview:large, max-video-preview:-1\" \/>\n<link rel=\"canonical\" href=\"https:\/\/hannacosmetica.com\/fr\/tienda\/manicura\/vasito-y-dispensador\/botella-dispensadora-dispensador-botella-quitaesmalte-3\/\" \/>\n<meta property=\"og:locale\" content=\"fr_FR\" \/>\n<meta property=\"og:type\" content=\"article\" \/>\n<meta property=\"og:title\" content=\"Botella Dispensadora\/ Dispensador\/ Botella Quitaesmalte - Hanna Cosm\u00e9tica\" \/>\n<meta property=\"og:description\" content=\"Botella dispensadora de bomba: la botella recargable para maquillaje est\u00e1 hecha de material PETG transparente, en comparaci\u00f3n con el pl\u00e1stico com\u00fan, el&hellip;\" \/>\n<meta property=\"og:url\" content=\"https:\/\/hannacosmetica.com\/fr\/tienda\/manicura\/vasito-y-dispensador\/botella-dispensadora-dispensador-botella-quitaesmalte-3\/\" \/>\n<meta property=\"og:site_name\" content=\"Hanna Cosm\u00e9tica\" \/>\n<meta property=\"article:modified_time\" content=\"2023-08-22T16:05:15+00:00\" \/>\n<meta property=\"og:image\" content=\"https:\/\/hannacosmetica.com\/wp-content\/uploads\/2022\/11\/o\u00a1rta-tips-2022-11-22T165136.807-1520x1520.png\" \/>\n\t<meta property=\"og:image:width\" content=\"1520\" \/>\n\t<meta property=\"og:image:height\" content=\"1520\" \/>\n\t<meta property=\"og:image:type\" content=\"image\/png\" \/>\n<meta name=\"twitter:card\" content=\"summary_large_image\" \/>\n<script type=\"application\/ld+json\" class=\"yoast-schema-graph\">{\"@context\":\"https:\/\/schema.org\",\"@graph\":[{\"@type\":\"WebPage\",\"@id\":\"https:\/\/hannacosmetica.com\/tienda\/manicura\/vasito-y-dispensador\/botella-dispensadora-dispensador-botella-quitaesmalte-3\/\",\"url\":\"https:\/\/hannacosmetica.com\/tienda\/manicura\/vasito-y-dispensador\/botella-dispensadora-dispensador-botella-quitaesmalte-3\/\",\"name\":\"Botella Dispensadora\/ Dispensador\/ Botella Quitaesmalte - Hanna Cosm\u00e9tica\",\"isPartOf\":{\"@id\":\"https:\/\/hannacosmetica.com\/#website\"},\"datePublished\":\"2022-11-23T14:40:04+00:00\",\"dateModified\":\"2023-08-22T16:05:15+00:00\",\"breadcrumb\":{\"@id\":\"https:\/\/hannacosmetica.com\/tienda\/manicura\/vasito-y-dispensador\/botella-dispensadora-dispensador-botella-quitaesmalte-3\/#breadcrumb\"},\"inLanguage\":\"fr-FR\",\"potentialAction\":[{\"@type\":\"ReadAction\",\"target\":[\"https:\/\/hannacosmetica.com\/tienda\/manicura\/vasito-y-dispensador\/botella-dispensadora-dispensador-botella-quitaesmalte-3\/\"]}]},{\"@type\":\"BreadcrumbList\",\"@id\":\"https:\/\/hannacosmetica.com\/tienda\/manicura\/vasito-y-dispensador\/botella-dispensadora-dispensador-botella-quitaesmalte-3\/#breadcrumb\",\"itemListElement\":[{\"@type\":\"ListItem\",\"position\":1,\"name\":\"Portada\",\"item\":\"https:\/\/hannacosmetica.com\/\"},{\"@type\":\"ListItem\",\"position\":2,\"name\":\"Tienda\",\"item\":\"https:\/\/hannacosmetica.com\/shop\/\"},{\"@type\":\"ListItem\",\"position\":3,\"name\":\"Botella Dispensadora\/ Dispensador\/ Botella Quitaesmalte\"}]},{\"@type\":\"WebSite\",\"@id\":\"https:\/\/hannacosmetica.com\/#website\",\"url\":\"https:\/\/hannacosmetica.com\/\",\"name\":\"Hanna Cosm\u00e9tica\",\"description\":\"Tienda de productos u\u00f1as, bellezas y peluquer\u00edas\",\"publisher\":{\"@id\":\"https:\/\/hannacosmetica.com\/#organization\"},\"potentialAction\":[{\"@type\":\"SearchAction\",\"target\":{\"@type\":\"EntryPoint\",\"urlTemplate\":\"https:\/\/hannacosmetica.com\/?s={search_term_string}\"},\"query-input\":\"required name=search_term_string\"}],\"inLanguage\":\"fr-FR\"},{\"@type\":\"Organization\",\"@id\":\"https:\/\/hannacosmetica.com\/#organization\",\"name\":\"Hanna Cosm\u00e9tica\",\"url\":\"https:\/\/hannacosmetica.com\/\",\"logo\":{\"@type\":\"ImageObject\",\"inLanguage\":\"fr-FR\",\"@id\":\"https:\/\/hannacosmetica.com\/#\/schema\/logo\/image\/\",\"url\":\"https:\/\/hannacosmetica.com\/wp-content\/uploads\/2022\/07\/Logo-Joyeria-Femenino-Floral-Negro.png\",\"contentUrl\":\"https:\/\/hannacosmetica.com\/wp-content\/uploads\/2022\/07\/Logo-Joyeria-Femenino-Floral-Negro.png\",\"width\":361,\"height\":126,\"caption\":\"Hanna Cosm\u00e9tica\"},\"image\":{\"@id\":\"https:\/\/hannacosmetica.com\/#\/schema\/logo\/image\/\"}}]}<\/script>\n<!-- \/ Yoast SEO plugin. -->","yoast_head_json":{"title":"Botella Dispensadora\/ Dispensador\/ Botella Quitaesmalte - Hanna Cosm\u00e9tica","robots":{"index":"index","follow":"follow","max-snippet":"max-snippet:-1","max-image-preview":"max-image-preview:large","max-video-preview":"max-video-preview:-1"},"canonical":"https:\/\/hannacosmetica.com\/fr\/tienda\/manicura\/vasito-y-dispensador\/botella-dispensadora-dispensador-botella-quitaesmalte-3\/","og_locale":"fr_FR","og_type":"article","og_title":"Botella Dispensadora\/ Dispensador\/ Botella Quitaesmalte - Hanna Cosm\u00e9tica","og_description":"Botella dispensadora de bomba: la botella recargable para maquillaje est\u00e1 hecha de material PETG transparente, en comparaci\u00f3n con el pl\u00e1stico com\u00fan, el&hellip;","og_url":"https:\/\/hannacosmetica.com\/fr\/tienda\/manicura\/vasito-y-dispensador\/botella-dispensadora-dispensador-botella-quitaesmalte-3\/","og_site_name":"Hanna Cosm\u00e9tica","article_modified_time":"2023-08-22T16:05:15+00:00","og_image":[{"width":1520,"height":1520,"url":"https:\/\/hannacosmetica.com\/wp-content\/uploads\/2022\/11\/o\u00a1rta-tips-2022-11-22T165136.807-1520x1520.png","type":"image\/png"}],"twitter_card":"summary_large_image","schema":{"@context":"https:\/\/schema.org","@graph":[{"@type":"WebPage","@id":"https:\/\/hannacosmetica.com\/tienda\/manicura\/vasito-y-dispensador\/botella-dispensadora-dispensador-botella-quitaesmalte-3\/","url":"https:\/\/hannacosmetica.com\/tienda\/manicura\/vasito-y-dispensador\/botella-dispensadora-dispensador-botella-quitaesmalte-3\/","name":"Botella Dispensadora\/ Dispensador\/ Botella Quitaesmalte - Hanna Cosm\u00e9tica","isPartOf":{"@id":"https:\/\/hannacosmetica.com\/#website"},"datePublished":"2022-11-23T14:40:04+00:00","dateModified":"2023-08-22T16:05:15+00:00","breadcrumb":{"@id":"https:\/\/hannacosmetica.com\/tienda\/manicura\/vasito-y-dispensador\/botella-dispensadora-dispensador-botella-quitaesmalte-3\/#breadcrumb"},"inLanguage":"fr-FR","potentialAction":[{"@type":"ReadAction","target":["https:\/\/hannacosmetica.com\/tienda\/manicura\/vasito-y-dispensador\/botella-dispensadora-dispensador-botella-quitaesmalte-3\/"]}]},{"@type":"BreadcrumbList","@id":"https:\/\/hannacosmetica.com\/tienda\/manicura\/vasito-y-dispensador\/botella-dispensadora-dispensador-botella-quitaesmalte-3\/#breadcrumb","itemListElement":[{"@type":"ListItem","position":1,"name":"Portada","item":"https:\/\/hannacosmetica.com\/"},{"@type":"ListItem","position":2,"name":"Tienda","item":"https:\/\/hannacosmetica.com\/shop\/"},{"@type":"ListItem","position":3,"name":"Botella Dispensadora\/ Dispensador\/ Botella Quitaesmalte"}]},{"@type":"WebSite","@id":"https:\/\/hannacosmetica.com\/#website","url":"https:\/\/hannacosmetica.com\/","name":"Hanna Cosm\u00e9tica","description":"Tienda de productos u\u00f1as, bellezas y peluquer\u00edas","publisher":{"@id":"https:\/\/hannacosmetica.com\/#organization"},"potentialAction":[{"@type":"SearchAction","target":{"@type":"EntryPoint","urlTemplate":"https:\/\/hannacosmetica.com\/?s={search_term_string}"},"query-input":"required name=search_term_string"}],"inLanguage":"fr-FR"},{"@type":"Organization","@id":"https:\/\/hannacosmetica.com\/#organization","name":"Hanna Cosm\u00e9tica","url":"https:\/\/hannacosmetica.com\/","logo":{"@type":"ImageObject","inLanguage":"fr-FR","@id":"https:\/\/hannacosmetica.com\/#\/schema\/logo\/image\/","url":"https:\/\/hannacosmetica.com\/wp-content\/uploads\/2022\/07\/Logo-Joyeria-Femenino-Floral-Negro.png","contentUrl":"https:\/\/hannacosmetica.com\/wp-content\/uploads\/2022\/07\/Logo-Joyeria-Femenino-Floral-Negro.png","width":361,"height":126,"caption":"Hanna Cosm\u00e9tica"},"image":{"@id":"https:\/\/hannacosmetica.com\/#\/schema\/logo\/image\/"}}]}},"_links":{"self":[{"href":"https:\/\/hannacosmetica.com\/fr\/wp-json\/wp\/v2\/product\/10238"}],"collection":[{"href":"https:\/\/hannacosmetica.com\/fr\/wp-json\/wp\/v2\/product"}],"about":[{"href":"https:\/\/hannacosmetica.com\/fr\/wp-json\/wp\/v2\/types\/product"}],"replies":[{"embeddable":true,"href":"https:\/\/hannacosmetica.com\/fr\/wp-json\/wp\/v2\/comments?post=10238"}],"version-history":[{"count":1,"href":"https:\/\/hannacosmetica.com\/fr\/wp-json\/wp\/v2\/product\/10238\/revisions"}],"predecessor-version":[{"id":10239,"href":"https:\/\/hannacosmetica.com\/fr\/wp-json\/wp\/v2\/product\/10238\/revisions\/10239"}],"wp:featuredmedia":[{"embeddable":true,"href":"https:\/\/hannacosmetica.com\/fr\/wp-json\/wp\/v2\/media\/10060"}],"wp:attachment":[{"href":"https:\/\/hannacosmetica.com\/fr\/wp-json\/wp\/v2\/media?parent=10238"}],"wp:term":[{"taxonomy":"product_cat","embeddable":true,"href":"https:\/\/hannacosmetica.com\/fr\/wp-json\/wp\/v2\/product_cat?post=10238"},{"taxonomy":"product_tag","embeddable":true,"href":"https:\/\/hannacosmetica.com\/fr\/wp-json\/wp\/v2\/product_tag?post=10238"}],"curies":[{"name":"wp","href":"https:\/\/api.w.org\/{rel}","templated":true}]}}