{"id":10218,"date":"2022-11-23T14:10:25","date_gmt":"2022-11-23T14:10:25","guid":{"rendered":"https:\/\/hannacosmetica.com\/?post_type=product&#038;p=10218"},"modified":"2023-08-22T16:06:58","modified_gmt":"2023-08-22T16:06:58","slug":"chojin-mantel-para-manicura-reposa-manos-con-mantel-para-manicura","status":"publish","type":"product","link":"https:\/\/hannacosmetica.com\/fr\/tienda\/manicura\/complementos\/chojin-mantel-para-manicura-reposa-manos-con-mantel-para-manicura\/","title":{"rendered":"Coj\u00edn + Mantel Para Manicura\/ Reposa Manos con Mantel Para Manicura"},"content":{"rendered":"<ul class=\"a-unordered-list a-vertical a-spacing-mini\">\n<li><span class=\"a-list-item\">SUAVE Y PORT\u00c1TIL: el cuero PU suave y el material de esponja con alta elasticidad brindan comodidad para el tratamiento de u\u00f1as y la manicura. Mano de obra exquisita, peso ligero y accesorios port\u00e1tiles, importantes y necesarios en el sal\u00f3n de u\u00f1as.<\/span><\/li>\n<li><span class=\"a-list-item\">DESMONTABLE Y LAVABLE: La funda de la almohada y la esponja interior se pueden limpiar por separado. El dise\u00f1o de la cremallera le permite quitar f\u00e1cilmente la cubierta para la limpieza, el medio ambiente, la salud y la higiene.<\/span><\/li>\n<li><span class=\"a-list-item\">JUEGO DE ALMOHADILLA Y ALFOMBRA PARA MANOS PARA U\u00d1AS: Este juego de almohada y alfombrilla para decoraci\u00f3n de u\u00f1as puede aliviar eficazmente la fatiga de las manos de los clientes durante el proceso de decoraci\u00f3n de u\u00f1as, proteger el escritorio de manchas y suciedad y mantener el trabajo de decoraci\u00f3n de u\u00f1as limpio y ordenado.<\/span><\/li>\n<li><span class=\"a-list-item\">ESTILO DE MODA: patr\u00f3n \u00fanico en las almohadas y tapetes para decoraci\u00f3n de u\u00f1as, combina perfectamente con la decoraci\u00f3n de tu sal\u00f3n. El juego de almohadones de mano y mantel de manicura es ideal para salones de u\u00f1as, escuelas de u\u00f1as, universidades, artistas de u\u00f1as, perfecto para uso individual o familiar.<\/span><\/li>\n<li><span class=\"a-list-item\">TAMA\u00d1O: Almohada de mano: Aprox. 28 x 12 cm \/ 11 x 4,7 pulgadas. Tapete de mesa de manicura: aprox. 43,8 x 30 cm \/ 17,2 x 11,8 pulgadas.<\/span><\/li>\n<\/ul>","protected":false},"excerpt":{"rendered":"<p>SUAVE Y PORT\u00c1TIL: el cuero PU suave y el material de esponja con alta elasticidad brindan comodidad para el tratamiento de u\u00f1as&hellip;<\/p>","protected":false},"featured_media":10042,"comment_status":"open","ping_status":"closed","template":"","meta":[],"product_cat":[82,101],"product_tag":[],"yoast_head":"<!-- This site is optimized with the Yoast SEO plugin v19.9 - https:\/\/yoast.com\/wordpress\/plugins\/seo\/ -->\n<title>Coj\u00edn + Mantel Para Manicura\/ Reposa Manos con Mantel Para Manicura - Hanna Cosm\u00e9tica<\/title>\n<meta name=\"robots\" content=\"index, follow, max-snippet:-1, max-image-preview:large, max-video-preview:-1\" \/>\n<link rel=\"canonical\" href=\"https:\/\/hannacosmetica.com\/fr\/tienda\/manicura\/complementos\/chojin-mantel-para-manicura-reposa-manos-con-mantel-para-manicura\/\" \/>\n<meta property=\"og:locale\" content=\"fr_FR\" \/>\n<meta property=\"og:type\" content=\"article\" \/>\n<meta property=\"og:title\" content=\"Coj\u00edn + Mantel Para Manicura\/ Reposa Manos con Mantel Para Manicura - Hanna Cosm\u00e9tica\" \/>\n<meta property=\"og:description\" content=\"SUAVE Y PORT\u00c1TIL: el cuero PU suave y el material de esponja con alta elasticidad brindan comodidad para el tratamiento de u\u00f1as&hellip;\" \/>\n<meta property=\"og:url\" content=\"https:\/\/hannacosmetica.com\/fr\/tienda\/manicura\/complementos\/chojin-mantel-para-manicura-reposa-manos-con-mantel-para-manicura\/\" \/>\n<meta property=\"og:site_name\" content=\"Hanna Cosm\u00e9tica\" \/>\n<meta property=\"article:modified_time\" content=\"2023-08-22T16:06:58+00:00\" \/>\n<meta property=\"og:image\" content=\"https:\/\/hannacosmetica.com\/wp-content\/uploads\/2022\/11\/o\u00a1rta-tips-2022-11-22T161426.967-1520x1520.png\" \/>\n\t<meta property=\"og:image:width\" content=\"1520\" \/>\n\t<meta property=\"og:image:height\" content=\"1520\" \/>\n\t<meta property=\"og:image:type\" content=\"image\/png\" \/>\n<meta name=\"twitter:card\" content=\"summary_large_image\" \/>\n<script type=\"application\/ld+json\" class=\"yoast-schema-graph\">{\"@context\":\"https:\/\/schema.org\",\"@graph\":[{\"@type\":\"WebPage\",\"@id\":\"https:\/\/hannacosmetica.com\/tienda\/manicura\/complementos\/chojin-mantel-para-manicura-reposa-manos-con-mantel-para-manicura\/\",\"url\":\"https:\/\/hannacosmetica.com\/tienda\/manicura\/complementos\/chojin-mantel-para-manicura-reposa-manos-con-mantel-para-manicura\/\",\"name\":\"Coj\u00edn + Mantel Para Manicura\/ Reposa Manos con Mantel Para Manicura - Hanna Cosm\u00e9tica\",\"isPartOf\":{\"@id\":\"https:\/\/hannacosmetica.com\/#website\"},\"datePublished\":\"2022-11-23T14:10:25+00:00\",\"dateModified\":\"2023-08-22T16:06:58+00:00\",\"breadcrumb\":{\"@id\":\"https:\/\/hannacosmetica.com\/tienda\/manicura\/complementos\/chojin-mantel-para-manicura-reposa-manos-con-mantel-para-manicura\/#breadcrumb\"},\"inLanguage\":\"fr-FR\",\"potentialAction\":[{\"@type\":\"ReadAction\",\"target\":[\"https:\/\/hannacosmetica.com\/tienda\/manicura\/complementos\/chojin-mantel-para-manicura-reposa-manos-con-mantel-para-manicura\/\"]}]},{\"@type\":\"BreadcrumbList\",\"@id\":\"https:\/\/hannacosmetica.com\/tienda\/manicura\/complementos\/chojin-mantel-para-manicura-reposa-manos-con-mantel-para-manicura\/#breadcrumb\",\"itemListElement\":[{\"@type\":\"ListItem\",\"position\":1,\"name\":\"Portada\",\"item\":\"https:\/\/hannacosmetica.com\/\"},{\"@type\":\"ListItem\",\"position\":2,\"name\":\"Tienda\",\"item\":\"https:\/\/hannacosmetica.com\/shop\/\"},{\"@type\":\"ListItem\",\"position\":3,\"name\":\"Coj\u00edn + Mantel Para Manicura\/ Reposa Manos con Mantel Para Manicura\"}]},{\"@type\":\"WebSite\",\"@id\":\"https:\/\/hannacosmetica.com\/#website\",\"url\":\"https:\/\/hannacosmetica.com\/\",\"name\":\"Hanna Cosm\u00e9tica\",\"description\":\"Tienda de productos u\u00f1as, bellezas y peluquer\u00edas\",\"publisher\":{\"@id\":\"https:\/\/hannacosmetica.com\/#organization\"},\"potentialAction\":[{\"@type\":\"SearchAction\",\"target\":{\"@type\":\"EntryPoint\",\"urlTemplate\":\"https:\/\/hannacosmetica.com\/?s={search_term_string}\"},\"query-input\":\"required name=search_term_string\"}],\"inLanguage\":\"fr-FR\"},{\"@type\":\"Organization\",\"@id\":\"https:\/\/hannacosmetica.com\/#organization\",\"name\":\"Hanna Cosm\u00e9tica\",\"url\":\"https:\/\/hannacosmetica.com\/\",\"logo\":{\"@type\":\"ImageObject\",\"inLanguage\":\"fr-FR\",\"@id\":\"https:\/\/hannacosmetica.com\/#\/schema\/logo\/image\/\",\"url\":\"https:\/\/hannacosmetica.com\/wp-content\/uploads\/2022\/07\/Logo-Joyeria-Femenino-Floral-Negro.png\",\"contentUrl\":\"https:\/\/hannacosmetica.com\/wp-content\/uploads\/2022\/07\/Logo-Joyeria-Femenino-Floral-Negro.png\",\"width\":361,\"height\":126,\"caption\":\"Hanna Cosm\u00e9tica\"},\"image\":{\"@id\":\"https:\/\/hannacosmetica.com\/#\/schema\/logo\/image\/\"}}]}<\/script>\n<!-- \/ Yoast SEO plugin. -->","yoast_head_json":{"title":"Coj\u00edn + Mantel Para Manicura\/ Reposa Manos con Mantel Para Manicura - Hanna Cosm\u00e9tica","robots":{"index":"index","follow":"follow","max-snippet":"max-snippet:-1","max-image-preview":"max-image-preview:large","max-video-preview":"max-video-preview:-1"},"canonical":"https:\/\/hannacosmetica.com\/fr\/tienda\/manicura\/complementos\/chojin-mantel-para-manicura-reposa-manos-con-mantel-para-manicura\/","og_locale":"fr_FR","og_type":"article","og_title":"Coj\u00edn + Mantel Para Manicura\/ Reposa Manos con Mantel Para Manicura - Hanna Cosm\u00e9tica","og_description":"SUAVE Y PORT\u00c1TIL: el cuero PU suave y el material de esponja con alta elasticidad brindan comodidad para el tratamiento de u\u00f1as&hellip;","og_url":"https:\/\/hannacosmetica.com\/fr\/tienda\/manicura\/complementos\/chojin-mantel-para-manicura-reposa-manos-con-mantel-para-manicura\/","og_site_name":"Hanna Cosm\u00e9tica","article_modified_time":"2023-08-22T16:06:58+00:00","og_image":[{"width":1520,"height":1520,"url":"https:\/\/hannacosmetica.com\/wp-content\/uploads\/2022\/11\/o\u00a1rta-tips-2022-11-22T161426.967-1520x1520.png","type":"image\/png"}],"twitter_card":"summary_large_image","schema":{"@context":"https:\/\/schema.org","@graph":[{"@type":"WebPage","@id":"https:\/\/hannacosmetica.com\/tienda\/manicura\/complementos\/chojin-mantel-para-manicura-reposa-manos-con-mantel-para-manicura\/","url":"https:\/\/hannacosmetica.com\/tienda\/manicura\/complementos\/chojin-mantel-para-manicura-reposa-manos-con-mantel-para-manicura\/","name":"Coj\u00edn + Mantel Para Manicura\/ Reposa Manos con Mantel Para Manicura - Hanna Cosm\u00e9tica","isPartOf":{"@id":"https:\/\/hannacosmetica.com\/#website"},"datePublished":"2022-11-23T14:10:25+00:00","dateModified":"2023-08-22T16:06:58+00:00","breadcrumb":{"@id":"https:\/\/hannacosmetica.com\/tienda\/manicura\/complementos\/chojin-mantel-para-manicura-reposa-manos-con-mantel-para-manicura\/#breadcrumb"},"inLanguage":"fr-FR","potentialAction":[{"@type":"ReadAction","target":["https:\/\/hannacosmetica.com\/tienda\/manicura\/complementos\/chojin-mantel-para-manicura-reposa-manos-con-mantel-para-manicura\/"]}]},{"@type":"BreadcrumbList","@id":"https:\/\/hannacosmetica.com\/tienda\/manicura\/complementos\/chojin-mantel-para-manicura-reposa-manos-con-mantel-para-manicura\/#breadcrumb","itemListElement":[{"@type":"ListItem","position":1,"name":"Portada","item":"https:\/\/hannacosmetica.com\/"},{"@type":"ListItem","position":2,"name":"Tienda","item":"https:\/\/hannacosmetica.com\/shop\/"},{"@type":"ListItem","position":3,"name":"Coj\u00edn + Mantel Para Manicura\/ Reposa Manos con Mantel Para Manicura"}]},{"@type":"WebSite","@id":"https:\/\/hannacosmetica.com\/#website","url":"https:\/\/hannacosmetica.com\/","name":"Hanna Cosm\u00e9tica","description":"Tienda de productos u\u00f1as, bellezas y peluquer\u00edas","publisher":{"@id":"https:\/\/hannacosmetica.com\/#organization"},"potentialAction":[{"@type":"SearchAction","target":{"@type":"EntryPoint","urlTemplate":"https:\/\/hannacosmetica.com\/?s={search_term_string}"},"query-input":"required name=search_term_string"}],"inLanguage":"fr-FR"},{"@type":"Organization","@id":"https:\/\/hannacosmetica.com\/#organization","name":"Hanna Cosm\u00e9tica","url":"https:\/\/hannacosmetica.com\/","logo":{"@type":"ImageObject","inLanguage":"fr-FR","@id":"https:\/\/hannacosmetica.com\/#\/schema\/logo\/image\/","url":"https:\/\/hannacosmetica.com\/wp-content\/uploads\/2022\/07\/Logo-Joyeria-Femenino-Floral-Negro.png","contentUrl":"https:\/\/hannacosmetica.com\/wp-content\/uploads\/2022\/07\/Logo-Joyeria-Femenino-Floral-Negro.png","width":361,"height":126,"caption":"Hanna Cosm\u00e9tica"},"image":{"@id":"https:\/\/hannacosmetica.com\/#\/schema\/logo\/image\/"}}]}},"_links":{"self":[{"href":"https:\/\/hannacosmetica.com\/fr\/wp-json\/wp\/v2\/product\/10218"}],"collection":[{"href":"https:\/\/hannacosmetica.com\/fr\/wp-json\/wp\/v2\/product"}],"about":[{"href":"https:\/\/hannacosmetica.com\/fr\/wp-json\/wp\/v2\/types\/product"}],"replies":[{"embeddable":true,"href":"https:\/\/hannacosmetica.com\/fr\/wp-json\/wp\/v2\/comments?post=10218"}],"version-history":[{"count":2,"href":"https:\/\/hannacosmetica.com\/fr\/wp-json\/wp\/v2\/product\/10218\/revisions"}],"predecessor-version":[{"id":10224,"href":"https:\/\/hannacosmetica.com\/fr\/wp-json\/wp\/v2\/product\/10218\/revisions\/10224"}],"wp:featuredmedia":[{"embeddable":true,"href":"https:\/\/hannacosmetica.com\/fr\/wp-json\/wp\/v2\/media\/10042"}],"wp:attachment":[{"href":"https:\/\/hannacosmetica.com\/fr\/wp-json\/wp\/v2\/media?parent=10218"}],"wp:term":[{"taxonomy":"product_cat","embeddable":true,"href":"https:\/\/hannacosmetica.com\/fr\/wp-json\/wp\/v2\/product_cat?post=10218"},{"taxonomy":"product_tag","embeddable":true,"href":"https:\/\/hannacosmetica.com\/fr\/wp-json\/wp\/v2\/product_tag?post=10218"}],"curies":[{"name":"wp","href":"https:\/\/api.w.org\/{rel}","templated":true}]}}