{"id":10198,"date":"2022-11-23T12:01:00","date_gmt":"2022-11-23T12:01:00","guid":{"rendered":"https:\/\/hannacosmetica.com\/?post_type=product&#038;p=10198"},"modified":"2024-07-23T16:20:16","modified_gmt":"2024-07-23T16:20:16","slug":"pegamento-de-pestanas-gel-adhesivo-de-pestanas-postizas","status":"publish","type":"product","link":"https:\/\/hannacosmetica.com\/fr\/tienda\/pestanas\/complementos-pestanas\/pegamento-de-pestanas-gel-adhesivo-de-pestanas-postizas\/","title":{"rendered":"Pegamento de  Pesta\u00f1as \/ Gel Adhesivo de  Pesta\u00f1as Postizas"},"content":{"rendered":"<p><b>Adhesivo Pesta\u00f1as Postizas\u00a0 Andrea<\/b><\/p>\n<p>Adhesivo creado especialmente para sujetar perfectamente las pesta\u00f1as en grupo o individuales, incluso si se mojan, d\u00eda tras d\u00eda.<\/p>\n<p>S\u00f3lo tiene que seguir estos tres pasos:<br \/>\n1. Limpie sus pesta\u00f1as con un desmaquillador que no sea graso, o bien con agua y jab\u00f3n.<br \/>\n2. Eche, en un trocito de papel una gota de adhesivo. Moje la base de la pesta\u00f1a con el adhesivo y col\u00f3quesela lo m\u00e1s cerca posible de la raya del ojo. Mant\u00e9ngalo presionado durante unos segundos.<br \/>\n3. Realice los mismos pasos con cada una de las pesta\u00f1as.<\/p>","protected":false},"excerpt":{"rendered":"<p>Adhesivo Pesta\u00f1as Postizas\u00a0 Andrea Adhesivo creado especialmente para sujetar perfectamente las pesta\u00f1as en grupo o individuales, incluso si se mojan, d\u00eda tras&hellip;<\/p>","protected":false},"featured_media":10027,"comment_status":"open","ping_status":"closed","template":"","meta":[],"product_cat":[85,117],"product_tag":[],"yoast_head":"<!-- This site is optimized with the Yoast SEO plugin v19.9 - https:\/\/yoast.com\/wordpress\/plugins\/seo\/ -->\n<title>Pegamento de Pesta\u00f1as \/ Gel Adhesivo de Pesta\u00f1as Postizas - Hanna Cosm\u00e9tica<\/title>\n<meta name=\"robots\" content=\"index, follow, max-snippet:-1, max-image-preview:large, max-video-preview:-1\" \/>\n<link rel=\"canonical\" href=\"https:\/\/hannacosmetica.com\/fr\/tienda\/pestanas\/complementos-pestanas\/pegamento-de-pestanas-gel-adhesivo-de-pestanas-postizas\/\" \/>\n<meta property=\"og:locale\" content=\"fr_FR\" \/>\n<meta property=\"og:type\" content=\"article\" \/>\n<meta property=\"og:title\" content=\"Pegamento de Pesta\u00f1as \/ Gel Adhesivo de Pesta\u00f1as Postizas - Hanna Cosm\u00e9tica\" \/>\n<meta property=\"og:description\" content=\"Adhesivo Pesta\u00f1as Postizas\u00a0 Andrea Adhesivo creado especialmente para sujetar perfectamente las pesta\u00f1as en grupo o individuales, incluso si se mojan, d\u00eda tras&hellip;\" \/>\n<meta property=\"og:url\" content=\"https:\/\/hannacosmetica.com\/fr\/tienda\/pestanas\/complementos-pestanas\/pegamento-de-pestanas-gel-adhesivo-de-pestanas-postizas\/\" \/>\n<meta property=\"og:site_name\" content=\"Hanna Cosm\u00e9tica\" \/>\n<meta property=\"article:modified_time\" content=\"2024-07-23T16:20:16+00:00\" \/>\n<meta property=\"og:image\" content=\"https:\/\/hannacosmetica.com\/wp-content\/uploads\/2022\/11\/o\u00a1rta-tips-2022-11-22T153622.939-1520x1520.png\" \/>\n\t<meta property=\"og:image:width\" content=\"1520\" \/>\n\t<meta property=\"og:image:height\" content=\"1520\" \/>\n\t<meta property=\"og:image:type\" content=\"image\/png\" \/>\n<meta name=\"twitter:card\" content=\"summary_large_image\" \/>\n<script type=\"application\/ld+json\" class=\"yoast-schema-graph\">{\"@context\":\"https:\/\/schema.org\",\"@graph\":[{\"@type\":\"WebPage\",\"@id\":\"https:\/\/hannacosmetica.com\/tienda\/pestanas\/complementos-pestanas\/pegamento-de-pestanas-gel-adhesivo-de-pestanas-postizas\/\",\"url\":\"https:\/\/hannacosmetica.com\/tienda\/pestanas\/complementos-pestanas\/pegamento-de-pestanas-gel-adhesivo-de-pestanas-postizas\/\",\"name\":\"Pegamento de Pesta\u00f1as \/ Gel Adhesivo de Pesta\u00f1as Postizas - Hanna Cosm\u00e9tica\",\"isPartOf\":{\"@id\":\"https:\/\/hannacosmetica.com\/#website\"},\"datePublished\":\"2022-11-23T12:01:00+00:00\",\"dateModified\":\"2024-07-23T16:20:16+00:00\",\"breadcrumb\":{\"@id\":\"https:\/\/hannacosmetica.com\/tienda\/pestanas\/complementos-pestanas\/pegamento-de-pestanas-gel-adhesivo-de-pestanas-postizas\/#breadcrumb\"},\"inLanguage\":\"fr-FR\",\"potentialAction\":[{\"@type\":\"ReadAction\",\"target\":[\"https:\/\/hannacosmetica.com\/tienda\/pestanas\/complementos-pestanas\/pegamento-de-pestanas-gel-adhesivo-de-pestanas-postizas\/\"]}]},{\"@type\":\"BreadcrumbList\",\"@id\":\"https:\/\/hannacosmetica.com\/tienda\/pestanas\/complementos-pestanas\/pegamento-de-pestanas-gel-adhesivo-de-pestanas-postizas\/#breadcrumb\",\"itemListElement\":[{\"@type\":\"ListItem\",\"position\":1,\"name\":\"Portada\",\"item\":\"https:\/\/hannacosmetica.com\/\"},{\"@type\":\"ListItem\",\"position\":2,\"name\":\"Tienda\",\"item\":\"https:\/\/hannacosmetica.com\/shop\/\"},{\"@type\":\"ListItem\",\"position\":3,\"name\":\"Pegamento de Pesta\u00f1as \/ Gel Adhesivo de Pesta\u00f1as Postizas\"}]},{\"@type\":\"WebSite\",\"@id\":\"https:\/\/hannacosmetica.com\/#website\",\"url\":\"https:\/\/hannacosmetica.com\/\",\"name\":\"Hanna Cosm\u00e9tica\",\"description\":\"Tienda de productos u\u00f1as, bellezas y peluquer\u00edas\",\"publisher\":{\"@id\":\"https:\/\/hannacosmetica.com\/#organization\"},\"potentialAction\":[{\"@type\":\"SearchAction\",\"target\":{\"@type\":\"EntryPoint\",\"urlTemplate\":\"https:\/\/hannacosmetica.com\/?s={search_term_string}\"},\"query-input\":\"required name=search_term_string\"}],\"inLanguage\":\"fr-FR\"},{\"@type\":\"Organization\",\"@id\":\"https:\/\/hannacosmetica.com\/#organization\",\"name\":\"Hanna Cosm\u00e9tica\",\"url\":\"https:\/\/hannacosmetica.com\/\",\"logo\":{\"@type\":\"ImageObject\",\"inLanguage\":\"fr-FR\",\"@id\":\"https:\/\/hannacosmetica.com\/#\/schema\/logo\/image\/\",\"url\":\"https:\/\/hannacosmetica.com\/wp-content\/uploads\/2022\/07\/Logo-Joyeria-Femenino-Floral-Negro.png\",\"contentUrl\":\"https:\/\/hannacosmetica.com\/wp-content\/uploads\/2022\/07\/Logo-Joyeria-Femenino-Floral-Negro.png\",\"width\":361,\"height\":126,\"caption\":\"Hanna Cosm\u00e9tica\"},\"image\":{\"@id\":\"https:\/\/hannacosmetica.com\/#\/schema\/logo\/image\/\"}}]}<\/script>\n<!-- \/ Yoast SEO plugin. -->","yoast_head_json":{"title":"Pegamento de Pesta\u00f1as \/ Gel Adhesivo de Pesta\u00f1as Postizas - Hanna Cosm\u00e9tica","robots":{"index":"index","follow":"follow","max-snippet":"max-snippet:-1","max-image-preview":"max-image-preview:large","max-video-preview":"max-video-preview:-1"},"canonical":"https:\/\/hannacosmetica.com\/fr\/tienda\/pestanas\/complementos-pestanas\/pegamento-de-pestanas-gel-adhesivo-de-pestanas-postizas\/","og_locale":"fr_FR","og_type":"article","og_title":"Pegamento de Pesta\u00f1as \/ Gel Adhesivo de Pesta\u00f1as Postizas - Hanna Cosm\u00e9tica","og_description":"Adhesivo Pesta\u00f1as Postizas\u00a0 Andrea Adhesivo creado especialmente para sujetar perfectamente las pesta\u00f1as en grupo o individuales, incluso si se mojan, d\u00eda tras&hellip;","og_url":"https:\/\/hannacosmetica.com\/fr\/tienda\/pestanas\/complementos-pestanas\/pegamento-de-pestanas-gel-adhesivo-de-pestanas-postizas\/","og_site_name":"Hanna Cosm\u00e9tica","article_modified_time":"2024-07-23T16:20:16+00:00","og_image":[{"width":1520,"height":1520,"url":"https:\/\/hannacosmetica.com\/wp-content\/uploads\/2022\/11\/o\u00a1rta-tips-2022-11-22T153622.939-1520x1520.png","type":"image\/png"}],"twitter_card":"summary_large_image","schema":{"@context":"https:\/\/schema.org","@graph":[{"@type":"WebPage","@id":"https:\/\/hannacosmetica.com\/tienda\/pestanas\/complementos-pestanas\/pegamento-de-pestanas-gel-adhesivo-de-pestanas-postizas\/","url":"https:\/\/hannacosmetica.com\/tienda\/pestanas\/complementos-pestanas\/pegamento-de-pestanas-gel-adhesivo-de-pestanas-postizas\/","name":"Pegamento de Pesta\u00f1as \/ Gel Adhesivo de Pesta\u00f1as Postizas - Hanna Cosm\u00e9tica","isPartOf":{"@id":"https:\/\/hannacosmetica.com\/#website"},"datePublished":"2022-11-23T12:01:00+00:00","dateModified":"2024-07-23T16:20:16+00:00","breadcrumb":{"@id":"https:\/\/hannacosmetica.com\/tienda\/pestanas\/complementos-pestanas\/pegamento-de-pestanas-gel-adhesivo-de-pestanas-postizas\/#breadcrumb"},"inLanguage":"fr-FR","potentialAction":[{"@type":"ReadAction","target":["https:\/\/hannacosmetica.com\/tienda\/pestanas\/complementos-pestanas\/pegamento-de-pestanas-gel-adhesivo-de-pestanas-postizas\/"]}]},{"@type":"BreadcrumbList","@id":"https:\/\/hannacosmetica.com\/tienda\/pestanas\/complementos-pestanas\/pegamento-de-pestanas-gel-adhesivo-de-pestanas-postizas\/#breadcrumb","itemListElement":[{"@type":"ListItem","position":1,"name":"Portada","item":"https:\/\/hannacosmetica.com\/"},{"@type":"ListItem","position":2,"name":"Tienda","item":"https:\/\/hannacosmetica.com\/shop\/"},{"@type":"ListItem","position":3,"name":"Pegamento de Pesta\u00f1as \/ Gel Adhesivo de Pesta\u00f1as Postizas"}]},{"@type":"WebSite","@id":"https:\/\/hannacosmetica.com\/#website","url":"https:\/\/hannacosmetica.com\/","name":"Hanna Cosm\u00e9tica","description":"Tienda de productos u\u00f1as, bellezas y peluquer\u00edas","publisher":{"@id":"https:\/\/hannacosmetica.com\/#organization"},"potentialAction":[{"@type":"SearchAction","target":{"@type":"EntryPoint","urlTemplate":"https:\/\/hannacosmetica.com\/?s={search_term_string}"},"query-input":"required name=search_term_string"}],"inLanguage":"fr-FR"},{"@type":"Organization","@id":"https:\/\/hannacosmetica.com\/#organization","name":"Hanna Cosm\u00e9tica","url":"https:\/\/hannacosmetica.com\/","logo":{"@type":"ImageObject","inLanguage":"fr-FR","@id":"https:\/\/hannacosmetica.com\/#\/schema\/logo\/image\/","url":"https:\/\/hannacosmetica.com\/wp-content\/uploads\/2022\/07\/Logo-Joyeria-Femenino-Floral-Negro.png","contentUrl":"https:\/\/hannacosmetica.com\/wp-content\/uploads\/2022\/07\/Logo-Joyeria-Femenino-Floral-Negro.png","width":361,"height":126,"caption":"Hanna Cosm\u00e9tica"},"image":{"@id":"https:\/\/hannacosmetica.com\/#\/schema\/logo\/image\/"}}]}},"_links":{"self":[{"href":"https:\/\/hannacosmetica.com\/fr\/wp-json\/wp\/v2\/product\/10198"}],"collection":[{"href":"https:\/\/hannacosmetica.com\/fr\/wp-json\/wp\/v2\/product"}],"about":[{"href":"https:\/\/hannacosmetica.com\/fr\/wp-json\/wp\/v2\/types\/product"}],"replies":[{"embeddable":true,"href":"https:\/\/hannacosmetica.com\/fr\/wp-json\/wp\/v2\/comments?post=10198"}],"version-history":[{"count":1,"href":"https:\/\/hannacosmetica.com\/fr\/wp-json\/wp\/v2\/product\/10198\/revisions"}],"predecessor-version":[{"id":10199,"href":"https:\/\/hannacosmetica.com\/fr\/wp-json\/wp\/v2\/product\/10198\/revisions\/10199"}],"wp:featuredmedia":[{"embeddable":true,"href":"https:\/\/hannacosmetica.com\/fr\/wp-json\/wp\/v2\/media\/10027"}],"wp:attachment":[{"href":"https:\/\/hannacosmetica.com\/fr\/wp-json\/wp\/v2\/media?parent=10198"}],"wp:term":[{"taxonomy":"product_cat","embeddable":true,"href":"https:\/\/hannacosmetica.com\/fr\/wp-json\/wp\/v2\/product_cat?post=10198"},{"taxonomy":"product_tag","embeddable":true,"href":"https:\/\/hannacosmetica.com\/fr\/wp-json\/wp\/v2\/product_tag?post=10198"}],"curies":[{"name":"wp","href":"https:\/\/api.w.org\/{rel}","templated":true}]}}