{"id":10191,"date":"2022-11-23T11:51:49","date_gmt":"2022-11-23T11:51:49","guid":{"rendered":"https:\/\/hannacosmetica.com\/?post_type=product&#038;p=10191"},"modified":"2023-08-22T16:12:18","modified_gmt":"2023-08-22T16:12:18","slug":"tinte-de-cejas-y-pestanas-refectocil","status":"publish","type":"product","link":"https:\/\/hannacosmetica.com\/fr\/tienda\/pestanas\/complementos-pestanas\/tinte-de-cejas-y-pestanas-refectocil\/","title":{"rendered":"Tinte de  Cejas  y Pesta\u00f1as Refectocil"},"content":{"rendered":"<div id=\"product-info-tabs\" class=\"product-info-tabs\">\n<div id=\"description\" class=\"tab-content-info\">Especial para te\u00f1ir cejas y pesta\u00f1as . Para armonizar <strong>el color de las cejas con el cabello . <\/strong>Las pesta\u00f1as se ven m\u00e1s largas y voluminosas, porque la coloraci\u00f3n devuelve visibilidad y cuerpo a las puntas<strong>\u00a0descoloridas por el sol, el agua y el tiempo.<\/strong><\/div>\n<div id=\"description\" class=\"tab-content-info\">\n<strong>Beneficios:<\/strong><\/p>\n<p>\u2022 Pesta\u00f1as y cejas opacas recuperan su brillo, y las que son excesivamente claras\u00a0<strong>o gris\u00e1ceas ganan en intensidad y definici\u00f3n.<\/strong><\/p>\n<p><strong>Modo de Empleo:<\/strong><\/p>\n<p>\u2022 Una aplicaci\u00f3n dura hasta 6 semanas, en\u00a0<strong>este tiempo crecen<\/strong>\u00a0y hay que efectuar nuevamente otra coloraci\u00f3n.<\/p>\n<p>\u2022 El mejor resultado se logra aplicando el tinte de pesta\u00f1as refectocil con regularidad, ya que el color cada vez<strong>\u00a0penetra mejor en la cut\u00edcula.<\/strong>\u00a0Conseguimos coloraciones m\u00e1s intensas y duraderas.<\/p>\n<p>\u2022 Es necesario mezclar con\u00a0<strong>oxidante especial 3% 10 vol<\/strong>. a partes iguales 1:1 como si de un tinte de pelo se tratara.<\/div>\n<\/div>\n<section id=\"product-customer-reviews\" class=\"product--reviews-section\">\n<div class=\"container-title-reviews\">\n<div class=\"product-title\"><\/div>\n<\/div>\n<\/section>","protected":false},"excerpt":{"rendered":"<p>Especial para te\u00f1ir cejas y pesta\u00f1as . Para armonizar el color de las cejas con el cabello . Las pesta\u00f1as se ven&hellip;<\/p>","protected":false},"featured_media":10022,"comment_status":"open","ping_status":"closed","template":"","meta":[],"product_cat":[84,115,85,117],"product_tag":[],"yoast_head":"<!-- This site is optimized with the Yoast SEO plugin v19.9 - https:\/\/yoast.com\/wordpress\/plugins\/seo\/ -->\n<title>Tinte de Cejas y Pesta\u00f1as Refectocil - Hanna Cosm\u00e9tica<\/title>\n<meta name=\"robots\" content=\"index, follow, max-snippet:-1, max-image-preview:large, max-video-preview:-1\" \/>\n<link rel=\"canonical\" href=\"https:\/\/hannacosmetica.com\/fr\/tienda\/pestanas\/complementos-pestanas\/tinte-de-cejas-y-pestanas-refectocil\/\" \/>\n<meta property=\"og:locale\" content=\"fr_FR\" \/>\n<meta property=\"og:type\" content=\"article\" \/>\n<meta property=\"og:title\" content=\"Tinte de Cejas y Pesta\u00f1as Refectocil - Hanna Cosm\u00e9tica\" \/>\n<meta property=\"og:description\" content=\"Especial para te\u00f1ir cejas y pesta\u00f1as . Para armonizar el color de las cejas con el cabello . Las pesta\u00f1as se ven&hellip;\" \/>\n<meta property=\"og:url\" content=\"https:\/\/hannacosmetica.com\/fr\/tienda\/pestanas\/complementos-pestanas\/tinte-de-cejas-y-pestanas-refectocil\/\" \/>\n<meta property=\"og:site_name\" content=\"Hanna Cosm\u00e9tica\" \/>\n<meta property=\"article:modified_time\" content=\"2023-08-22T16:12:18+00:00\" \/>\n<meta property=\"og:image\" content=\"https:\/\/hannacosmetica.com\/wp-content\/uploads\/2022\/11\/o\u00a1rta-tips-2022-11-22T152835.368-1520x1520.png\" \/>\n\t<meta property=\"og:image:width\" content=\"1520\" \/>\n\t<meta property=\"og:image:height\" content=\"1520\" \/>\n\t<meta property=\"og:image:type\" content=\"image\/png\" \/>\n<meta name=\"twitter:card\" content=\"summary_large_image\" \/>\n<script type=\"application\/ld+json\" class=\"yoast-schema-graph\">{\"@context\":\"https:\/\/schema.org\",\"@graph\":[{\"@type\":\"WebPage\",\"@id\":\"https:\/\/hannacosmetica.com\/tienda\/pestanas\/complementos-pestanas\/tinte-de-cejas-y-pestanas-refectocil\/\",\"url\":\"https:\/\/hannacosmetica.com\/tienda\/pestanas\/complementos-pestanas\/tinte-de-cejas-y-pestanas-refectocil\/\",\"name\":\"Tinte de Cejas y Pesta\u00f1as Refectocil - Hanna Cosm\u00e9tica\",\"isPartOf\":{\"@id\":\"https:\/\/hannacosmetica.com\/#website\"},\"datePublished\":\"2022-11-23T11:51:49+00:00\",\"dateModified\":\"2023-08-22T16:12:18+00:00\",\"breadcrumb\":{\"@id\":\"https:\/\/hannacosmetica.com\/tienda\/pestanas\/complementos-pestanas\/tinte-de-cejas-y-pestanas-refectocil\/#breadcrumb\"},\"inLanguage\":\"fr-FR\",\"potentialAction\":[{\"@type\":\"ReadAction\",\"target\":[\"https:\/\/hannacosmetica.com\/tienda\/pestanas\/complementos-pestanas\/tinte-de-cejas-y-pestanas-refectocil\/\"]}]},{\"@type\":\"BreadcrumbList\",\"@id\":\"https:\/\/hannacosmetica.com\/tienda\/pestanas\/complementos-pestanas\/tinte-de-cejas-y-pestanas-refectocil\/#breadcrumb\",\"itemListElement\":[{\"@type\":\"ListItem\",\"position\":1,\"name\":\"Portada\",\"item\":\"https:\/\/hannacosmetica.com\/\"},{\"@type\":\"ListItem\",\"position\":2,\"name\":\"Tienda\",\"item\":\"https:\/\/hannacosmetica.com\/shop\/\"},{\"@type\":\"ListItem\",\"position\":3,\"name\":\"Tinte de Cejas y Pesta\u00f1as Refectocil\"}]},{\"@type\":\"WebSite\",\"@id\":\"https:\/\/hannacosmetica.com\/#website\",\"url\":\"https:\/\/hannacosmetica.com\/\",\"name\":\"Hanna Cosm\u00e9tica\",\"description\":\"Tienda de productos u\u00f1as, bellezas y peluquer\u00edas\",\"publisher\":{\"@id\":\"https:\/\/hannacosmetica.com\/#organization\"},\"potentialAction\":[{\"@type\":\"SearchAction\",\"target\":{\"@type\":\"EntryPoint\",\"urlTemplate\":\"https:\/\/hannacosmetica.com\/?s={search_term_string}\"},\"query-input\":\"required name=search_term_string\"}],\"inLanguage\":\"fr-FR\"},{\"@type\":\"Organization\",\"@id\":\"https:\/\/hannacosmetica.com\/#organization\",\"name\":\"Hanna Cosm\u00e9tica\",\"url\":\"https:\/\/hannacosmetica.com\/\",\"logo\":{\"@type\":\"ImageObject\",\"inLanguage\":\"fr-FR\",\"@id\":\"https:\/\/hannacosmetica.com\/#\/schema\/logo\/image\/\",\"url\":\"https:\/\/hannacosmetica.com\/wp-content\/uploads\/2022\/07\/Logo-Joyeria-Femenino-Floral-Negro.png\",\"contentUrl\":\"https:\/\/hannacosmetica.com\/wp-content\/uploads\/2022\/07\/Logo-Joyeria-Femenino-Floral-Negro.png\",\"width\":361,\"height\":126,\"caption\":\"Hanna Cosm\u00e9tica\"},\"image\":{\"@id\":\"https:\/\/hannacosmetica.com\/#\/schema\/logo\/image\/\"}}]}<\/script>\n<!-- \/ Yoast SEO plugin. -->","yoast_head_json":{"title":"Tinte de Cejas y Pesta\u00f1as Refectocil - Hanna Cosm\u00e9tica","robots":{"index":"index","follow":"follow","max-snippet":"max-snippet:-1","max-image-preview":"max-image-preview:large","max-video-preview":"max-video-preview:-1"},"canonical":"https:\/\/hannacosmetica.com\/fr\/tienda\/pestanas\/complementos-pestanas\/tinte-de-cejas-y-pestanas-refectocil\/","og_locale":"fr_FR","og_type":"article","og_title":"Tinte de Cejas y Pesta\u00f1as Refectocil - Hanna Cosm\u00e9tica","og_description":"Especial para te\u00f1ir cejas y pesta\u00f1as . Para armonizar el color de las cejas con el cabello . Las pesta\u00f1as se ven&hellip;","og_url":"https:\/\/hannacosmetica.com\/fr\/tienda\/pestanas\/complementos-pestanas\/tinte-de-cejas-y-pestanas-refectocil\/","og_site_name":"Hanna Cosm\u00e9tica","article_modified_time":"2023-08-22T16:12:18+00:00","og_image":[{"width":1520,"height":1520,"url":"https:\/\/hannacosmetica.com\/wp-content\/uploads\/2022\/11\/o\u00a1rta-tips-2022-11-22T152835.368-1520x1520.png","type":"image\/png"}],"twitter_card":"summary_large_image","schema":{"@context":"https:\/\/schema.org","@graph":[{"@type":"WebPage","@id":"https:\/\/hannacosmetica.com\/tienda\/pestanas\/complementos-pestanas\/tinte-de-cejas-y-pestanas-refectocil\/","url":"https:\/\/hannacosmetica.com\/tienda\/pestanas\/complementos-pestanas\/tinte-de-cejas-y-pestanas-refectocil\/","name":"Tinte de Cejas y Pesta\u00f1as Refectocil - Hanna Cosm\u00e9tica","isPartOf":{"@id":"https:\/\/hannacosmetica.com\/#website"},"datePublished":"2022-11-23T11:51:49+00:00","dateModified":"2023-08-22T16:12:18+00:00","breadcrumb":{"@id":"https:\/\/hannacosmetica.com\/tienda\/pestanas\/complementos-pestanas\/tinte-de-cejas-y-pestanas-refectocil\/#breadcrumb"},"inLanguage":"fr-FR","potentialAction":[{"@type":"ReadAction","target":["https:\/\/hannacosmetica.com\/tienda\/pestanas\/complementos-pestanas\/tinte-de-cejas-y-pestanas-refectocil\/"]}]},{"@type":"BreadcrumbList","@id":"https:\/\/hannacosmetica.com\/tienda\/pestanas\/complementos-pestanas\/tinte-de-cejas-y-pestanas-refectocil\/#breadcrumb","itemListElement":[{"@type":"ListItem","position":1,"name":"Portada","item":"https:\/\/hannacosmetica.com\/"},{"@type":"ListItem","position":2,"name":"Tienda","item":"https:\/\/hannacosmetica.com\/shop\/"},{"@type":"ListItem","position":3,"name":"Tinte de Cejas y Pesta\u00f1as Refectocil"}]},{"@type":"WebSite","@id":"https:\/\/hannacosmetica.com\/#website","url":"https:\/\/hannacosmetica.com\/","name":"Hanna Cosm\u00e9tica","description":"Tienda de productos u\u00f1as, bellezas y peluquer\u00edas","publisher":{"@id":"https:\/\/hannacosmetica.com\/#organization"},"potentialAction":[{"@type":"SearchAction","target":{"@type":"EntryPoint","urlTemplate":"https:\/\/hannacosmetica.com\/?s={search_term_string}"},"query-input":"required name=search_term_string"}],"inLanguage":"fr-FR"},{"@type":"Organization","@id":"https:\/\/hannacosmetica.com\/#organization","name":"Hanna Cosm\u00e9tica","url":"https:\/\/hannacosmetica.com\/","logo":{"@type":"ImageObject","inLanguage":"fr-FR","@id":"https:\/\/hannacosmetica.com\/#\/schema\/logo\/image\/","url":"https:\/\/hannacosmetica.com\/wp-content\/uploads\/2022\/07\/Logo-Joyeria-Femenino-Floral-Negro.png","contentUrl":"https:\/\/hannacosmetica.com\/wp-content\/uploads\/2022\/07\/Logo-Joyeria-Femenino-Floral-Negro.png","width":361,"height":126,"caption":"Hanna Cosm\u00e9tica"},"image":{"@id":"https:\/\/hannacosmetica.com\/#\/schema\/logo\/image\/"}}]}},"_links":{"self":[{"href":"https:\/\/hannacosmetica.com\/fr\/wp-json\/wp\/v2\/product\/10191"}],"collection":[{"href":"https:\/\/hannacosmetica.com\/fr\/wp-json\/wp\/v2\/product"}],"about":[{"href":"https:\/\/hannacosmetica.com\/fr\/wp-json\/wp\/v2\/types\/product"}],"replies":[{"embeddable":true,"href":"https:\/\/hannacosmetica.com\/fr\/wp-json\/wp\/v2\/comments?post=10191"}],"version-history":[{"count":1,"href":"https:\/\/hannacosmetica.com\/fr\/wp-json\/wp\/v2\/product\/10191\/revisions"}],"predecessor-version":[{"id":10195,"href":"https:\/\/hannacosmetica.com\/fr\/wp-json\/wp\/v2\/product\/10191\/revisions\/10195"}],"wp:featuredmedia":[{"embeddable":true,"href":"https:\/\/hannacosmetica.com\/fr\/wp-json\/wp\/v2\/media\/10022"}],"wp:attachment":[{"href":"https:\/\/hannacosmetica.com\/fr\/wp-json\/wp\/v2\/media?parent=10191"}],"wp:term":[{"taxonomy":"product_cat","embeddable":true,"href":"https:\/\/hannacosmetica.com\/fr\/wp-json\/wp\/v2\/product_cat?post=10191"},{"taxonomy":"product_tag","embeddable":true,"href":"https:\/\/hannacosmetica.com\/fr\/wp-json\/wp\/v2\/product_tag?post=10191"}],"curies":[{"name":"wp","href":"https:\/\/api.w.org\/{rel}","templated":true}]}}